{"id":5445,"date":"2024-07-07T19:11:13","date_gmt":"2024-07-07T19:11:13","guid":{"rendered":"https:\/\/corsaire-auto35.com\/?post_type=product&#038;p=5445"},"modified":"2024-07-07T19:11:13","modified_gmt":"2024-07-07T19:11:13","slug":"bmw-serie-7-750lda-xdrive-381ch-exclusive-f02","status":"publish","type":"product","link":"https:\/\/corsaire-auto35.com\/auto\/produto\/bmw-serie-7-750lda-xdrive-381ch-exclusive-f02\/","title":{"rendered":"Bmw S\u00e9rie 7 750LdA xDrive 381ch Exclusive (F02)."},"content":{"rendered":"<p>De 09\/2012 &#8211; seulement 74.000kms<\/p>\n<p>Noir Black Sapphire metallic \/ Sellerie cuir noir<\/p>\n<p>Volant chauffant \/ TV Avant &#8211; Arri\u00e8re \/ Jantes 19\u2019\u2019 \/ Toit ouvrant \u00e9lectrique \/ Portes Soft-Close (fermeture assist\u00e9e des portes) \/ Si\u00e8ges avant et arri\u00e8re chauffants et ventil\u00e9s \u00e9lectriques \u00e0 m\u00e9moire \/ Si\u00e8ges arri\u00e8re massants \/ Phares adaptatifs \/ Coffre \u00e9lectrique \/ Cam\u00e9ra de recul vue panoramique 360<\/p>","protected":false},"excerpt":{"rendered":"<p>De 09\/2012 &#8211; seulement 74.000kms Noir Black Sapphire metallic \/ Sellerie cuir noir Volant chauffant \/ TV Avant &#8211; Arri\u00e8re \/ Jantes 19\u2019\u2019 \/ Toit ouvrant \u00e9lectrique \/ Portes Soft-Close (fermeture assist\u00e9e des portes) \/ Si\u00e8ges avant et arri\u00e8re chauffants et ventil\u00e9s \u00e9lectriques \u00e0 m\u00e9moire \/ Si\u00e8ges arri\u00e8re massants \/ Phares adaptatifs \/ Coffre \u00e9lectrique [&hellip;]<\/p>\n","protected":false},"featured_media":5446,"comment_status":"open","ping_status":"closed","template":"","meta":[],"product_brand":[],"product_cat":[41],"product_tag":[],"class_list":{"0":"post-5445","1":"product","2":"type-product","3":"status-publish","4":"has-post-thumbnail","6":"product_cat-bmw","8":"first","9":"instock","10":"shipping-taxable","11":"purchasable","12":"product-type-simple"},"_links":{"self":[{"href":"https:\/\/corsaire-auto35.com\/auto\/wp-json\/wp\/v2\/product\/5445","targetHints":{"allow":["GET"]}}],"collection":[{"href":"https:\/\/corsaire-auto35.com\/auto\/wp-json\/wp\/v2\/product"}],"about":[{"href":"https:\/\/corsaire-auto35.com\/auto\/wp-json\/wp\/v2\/types\/product"}],"replies":[{"embeddable":true,"href":"https:\/\/corsaire-auto35.com\/auto\/wp-json\/wp\/v2\/comments?post=5445"}],"wp:featuredmedia":[{"embeddable":true,"href":"https:\/\/corsaire-auto35.com\/auto\/wp-json\/wp\/v2\/media\/5446"}],"wp:attachment":[{"href":"https:\/\/corsaire-auto35.com\/auto\/wp-json\/wp\/v2\/media?parent=5445"}],"wp:term":[{"taxonomy":"product_brand","embeddable":true,"href":"https:\/\/corsaire-auto35.com\/auto\/wp-json\/wp\/v2\/product_brand?post=5445"},{"taxonomy":"product_cat","embeddable":true,"href":"https:\/\/corsaire-auto35.com\/auto\/wp-json\/wp\/v2\/product_cat?post=5445"},{"taxonomy":"product_tag","embeddable":true,"href":"https:\/\/corsaire-auto35.com\/auto\/wp-json\/wp\/v2\/product_tag?post=5445"}],"curies":[{"name":"wp","href":"https:\/\/api.w.org\/{rel}","templated":true}]}}