{"id":5308,"date":"2024-07-07T16:35:07","date_gmt":"2024-07-07T16:35:07","guid":{"rendered":"https:\/\/corsaire-auto35.com\/?post_type=product&#038;p=5308"},"modified":"2024-07-07T16:35:07","modified_gmt":"2024-07-07T16:35:07","slug":"ford-ranger-3-2-tdci-200ch-super-cab-wildtrack-bva6","status":"publish","type":"product","link":"https:\/\/corsaire-auto35.com\/auto\/produto\/ford-ranger-3-2-tdci-200ch-super-cab-wildtrack-bva6\/","title":{"rendered":"Ford Ranger 3.2 TDCI 200ch Super Cab Wildtrack BVA6."},"content":{"rendered":"<p>De 01\/2020 &#8211; 85.000kms.<\/p>\n<p>Noir \/ Sellerie cuir noir avec surpiq\u00fbres oranges<\/p>\n<p>Si\u00e8ges avant chauffants \/ Apple Car Play &amp; Android Auto \/ Syst\u00e8me d\u2019acc\u00e8s et de d\u00e9marrage sans cl\u00e9s \/ Attelage \/ Jantes 18\u2019\u2019 \/ Aide parking av-ar + Cam\u00e9ra de recul<\/p>","protected":false},"excerpt":{"rendered":"<p>De 01\/2020 &#8211; 85.000kms. Noir \/ Sellerie cuir noir avec surpiq\u00fbres oranges Si\u00e8ges avant chauffants \/ Apple Car Play &amp; Android Auto \/ Syst\u00e8me d\u2019acc\u00e8s et de d\u00e9marrage sans cl\u00e9s \/ Attelage \/ Jantes 18\u2019\u2019 \/ Aide parking av-ar + Cam\u00e9ra de recul<\/p>","protected":false},"featured_media":5309,"comment_status":"open","ping_status":"closed","template":"","meta":[],"product_brand":[],"product_cat":[54],"product_tag":[],"class_list":{"0":"post-5308","1":"product","2":"type-product","3":"status-publish","4":"has-post-thumbnail","6":"product_cat-ford","8":"first","9":"instock","10":"shipping-taxable","11":"purchasable","12":"product-type-simple"},"_links":{"self":[{"href":"https:\/\/corsaire-auto35.com\/auto\/wp-json\/wp\/v2\/product\/5308","targetHints":{"allow":["GET"]}}],"collection":[{"href":"https:\/\/corsaire-auto35.com\/auto\/wp-json\/wp\/v2\/product"}],"about":[{"href":"https:\/\/corsaire-auto35.com\/auto\/wp-json\/wp\/v2\/types\/product"}],"replies":[{"embeddable":true,"href":"https:\/\/corsaire-auto35.com\/auto\/wp-json\/wp\/v2\/comments?post=5308"}],"wp:featuredmedia":[{"embeddable":true,"href":"https:\/\/corsaire-auto35.com\/auto\/wp-json\/wp\/v2\/media\/5309"}],"wp:attachment":[{"href":"https:\/\/corsaire-auto35.com\/auto\/wp-json\/wp\/v2\/media?parent=5308"}],"wp:term":[{"taxonomy":"product_brand","embeddable":true,"href":"https:\/\/corsaire-auto35.com\/auto\/wp-json\/wp\/v2\/product_brand?post=5308"},{"taxonomy":"product_cat","embeddable":true,"href":"https:\/\/corsaire-auto35.com\/auto\/wp-json\/wp\/v2\/product_cat?post=5308"},{"taxonomy":"product_tag","embeddable":true,"href":"https:\/\/corsaire-auto35.com\/auto\/wp-json\/wp\/v2\/product_tag?post=5308"}],"curies":[{"name":"wp","href":"https:\/\/api.w.org\/{rel}","templated":true}]}}