{"id":5229,"date":"2024-07-07T16:04:21","date_gmt":"2024-07-07T16:04:21","guid":{"rendered":"https:\/\/corsaire-auto35.com\/?post_type=product&#038;p=5229"},"modified":"2024-07-07T16:04:21","modified_gmt":"2024-07-07T16:04:21","slug":"nissan-qashqai-1-6-dig-t-163-tekna-outlet-krok-360-cam-1-proprietario-nova-ue","status":"publish","type":"product","link":"https:\/\/corsaire-auto35.com\/auto\/produto\/nissan-qashqai-1-6-dig-t-163-tekna-outlet-krok-360-cam-1-proprietario-nova-ue\/","title":{"rendered":"Nissan Qashqai 1.6 DIG-T 163 Tekna \/Outlet\/Krok\/360 cam\/1 propriet\u00e1rio\/NOVA UE"},"content":{"rendered":"<p>Principais caracter\u00edsticas<br \/>\n&#8211; Ano: 05\/2017<br \/>\n&#8211; Quilometragem: 94.619 km<br \/>\n&#8211; Caixa de velocidades: manual<br \/>\n&#8211; Combust\u00edvel: Gasolina<br \/>\n&#8211; N\u00ba de vagas: 5 vagas<br \/>\n&#8211; Pot\u00eancia: 163 CV<br \/>\n&#8211; Deslocamento: 1,6 litros<br \/>\n&#8211; Transmiss\u00e3o: Tra\u00e7\u00e3o dianteira<\/p>\n<p>24 MESES DE GARANTIA<\/p>","protected":false},"excerpt":{"rendered":"<p>Principais caracter\u00edsticas &#8211; Ano: 05\/2017 &#8211; Quilometragem: 94.619 km &#8211; Caixa de velocidades: manual &#8211; Combust\u00edvel: Gasolina &#8211; N\u00ba de vagas: 5 vagas &#8211; Pot\u00eancia: 163 CV &#8211; Deslocamento: 1,6 litros &#8211; Transmiss\u00e3o: Tra\u00e7\u00e3o dianteira 24 MESES DE GARANTIA<\/p>","protected":false},"featured_media":5230,"comment_status":"open","ping_status":"closed","template":"","meta":[],"product_brand":[],"product_cat":[66],"product_tag":[],"class_list":{"0":"post-5229","1":"product","2":"type-product","3":"status-publish","4":"has-post-thumbnail","6":"product_cat-nissan","8":"first","9":"instock","10":"shipping-taxable","11":"purchasable","12":"product-type-simple"},"_links":{"self":[{"href":"https:\/\/corsaire-auto35.com\/auto\/wp-json\/wp\/v2\/product\/5229","targetHints":{"allow":["GET"]}}],"collection":[{"href":"https:\/\/corsaire-auto35.com\/auto\/wp-json\/wp\/v2\/product"}],"about":[{"href":"https:\/\/corsaire-auto35.com\/auto\/wp-json\/wp\/v2\/types\/product"}],"replies":[{"embeddable":true,"href":"https:\/\/corsaire-auto35.com\/auto\/wp-json\/wp\/v2\/comments?post=5229"}],"wp:featuredmedia":[{"embeddable":true,"href":"https:\/\/corsaire-auto35.com\/auto\/wp-json\/wp\/v2\/media\/5230"}],"wp:attachment":[{"href":"https:\/\/corsaire-auto35.com\/auto\/wp-json\/wp\/v2\/media?parent=5229"}],"wp:term":[{"taxonomy":"product_brand","embeddable":true,"href":"https:\/\/corsaire-auto35.com\/auto\/wp-json\/wp\/v2\/product_brand?post=5229"},{"taxonomy":"product_cat","embeddable":true,"href":"https:\/\/corsaire-auto35.com\/auto\/wp-json\/wp\/v2\/product_cat?post=5229"},{"taxonomy":"product_tag","embeddable":true,"href":"https:\/\/corsaire-auto35.com\/auto\/wp-json\/wp\/v2\/product_tag?post=5229"}],"curies":[{"name":"wp","href":"https:\/\/api.w.org\/{rel}","templated":true}]}}