{"id":5141,"date":"2024-07-07T08:07:48","date_gmt":"2024-07-07T08:07:48","guid":{"rendered":"https:\/\/corsaire-auto35.com\/?post_type=product&#038;p=5141"},"modified":"2024-07-07T08:07:48","modified_gmt":"2024-07-07T08:07:48","slug":"bmw-serie-2-225xe-tourer-ativo-m-desporto-camara-de-marcha-atras-luzes-led","status":"publish","type":"product","link":"https:\/\/corsaire-auto35.com\/auto\/produto\/bmw-serie-2-225xe-tourer-ativo-m-desporto-camara-de-marcha-atras-luzes-led\/","title":{"rendered":"BMW s\u00e9rie 2 225xe Tourer Ativo | M-desporto | C\u00e2mara de marcha atr\u00e1s | Luzes LED"},"content":{"rendered":"<p>Principais caracter\u00edsticas<br \/>\n&#8211; Ano: 08\/2019<br \/>\n&#8211; Quilometragem: 44.100 km<br \/>\n&#8211; Caixa de velocidades autom\u00e1tica<br \/>\n&#8211; Combust\u00edvel: Eletricidade + Gasolina<br \/>\n&#8211; N\u00ba de vagas: 5 vagas<br \/>\n&#8211; Pot\u00eancia: 224 CV<br \/>\n&#8211; Deslocamento: 1,5 litros<br \/>\n&#8211; Autonomia: 41 km<br \/>\n&#8211; Capacidade da bateria 7 kWh<br \/>\n&#8211; Transmiss\u00e3o: Tra\u00e7\u00e3o dianteira<\/p>\n<p>24 MESES DE GARANTIA<\/p>","protected":false},"excerpt":{"rendered":"<p>Principais caracter\u00edsticas &#8211; Ano: 08\/2019 &#8211; Quilometragem: 44.100 km &#8211; Caixa de velocidades autom\u00e1tica &#8211; Combust\u00edvel: Eletricidade + Gasolina &#8211; N\u00ba de vagas: 5 vagas &#8211; Pot\u00eancia: 224 CV &#8211; Deslocamento: 1,5 litros &#8211; Autonomia: 41 km &#8211; Capacidade da bateria 7 kWh &#8211; Transmiss\u00e3o: Tra\u00e7\u00e3o dianteira 24 MESES DE GARANTIA<\/p>","protected":false},"featured_media":5142,"comment_status":"open","ping_status":"closed","template":"","meta":[],"product_brand":[],"product_cat":[41],"product_tag":[],"class_list":{"0":"post-5141","1":"product","2":"type-product","3":"status-publish","4":"has-post-thumbnail","6":"product_cat-bmw","8":"first","9":"instock","10":"shipping-taxable","11":"purchasable","12":"product-type-simple"},"_links":{"self":[{"href":"https:\/\/corsaire-auto35.com\/auto\/wp-json\/wp\/v2\/product\/5141","targetHints":{"allow":["GET"]}}],"collection":[{"href":"https:\/\/corsaire-auto35.com\/auto\/wp-json\/wp\/v2\/product"}],"about":[{"href":"https:\/\/corsaire-auto35.com\/auto\/wp-json\/wp\/v2\/types\/product"}],"replies":[{"embeddable":true,"href":"https:\/\/corsaire-auto35.com\/auto\/wp-json\/wp\/v2\/comments?post=5141"}],"wp:featuredmedia":[{"embeddable":true,"href":"https:\/\/corsaire-auto35.com\/auto\/wp-json\/wp\/v2\/media\/5142"}],"wp:attachment":[{"href":"https:\/\/corsaire-auto35.com\/auto\/wp-json\/wp\/v2\/media?parent=5141"}],"wp:term":[{"taxonomy":"product_brand","embeddable":true,"href":"https:\/\/corsaire-auto35.com\/auto\/wp-json\/wp\/v2\/product_brand?post=5141"},{"taxonomy":"product_cat","embeddable":true,"href":"https:\/\/corsaire-auto35.com\/auto\/wp-json\/wp\/v2\/product_cat?post=5141"},{"taxonomy":"product_tag","embeddable":true,"href":"https:\/\/corsaire-auto35.com\/auto\/wp-json\/wp\/v2\/product_tag?post=5141"}],"curies":[{"name":"wp","href":"https:\/\/api.w.org\/{rel}","templated":true}]}}