{"id":5114,"date":"2024-07-07T07:47:50","date_gmt":"2024-07-07T07:47:50","guid":{"rendered":"https:\/\/corsaire-auto35.com\/?post_type=product&#038;p=5114"},"modified":"2024-07-07T07:47:50","modified_gmt":"2024-07-07T07:47:50","slug":"porsche-cayenne-3-0d-bose-navi-pano-webasto-r-camera-crochet-air-300hk","status":"publish","type":"product","link":"https:\/\/corsaire-auto35.com\/auto\/produto\/porsche-cayenne-3-0d-bose-navi-pano-webasto-r-camera-crochet-air-300hk\/","title":{"rendered":"Porsche Cayenne 3.0D BOSE NAVI PANO WEBASTO R.CAMERA CROCHET AIR 300HK++"},"content":{"rendered":"<p>Caracter\u00edsticas t\u00e9cnicas<br \/>\n&#8211; Ano 2012<br \/>\n&#8211; Quilometragem: 226.000 km<br \/>\n&#8211; Caixa de velocidades autom\u00e1tica<br \/>\n&#8211; Combust\u00edvel: Diesel<br \/>\n&#8211; N\u00ba de vagas: 5 vagas<br \/>\n&#8211; Pot\u00eancia: 211 CV<br \/>\n&#8211; Deslocamento: 3 Litros<br \/>\n&#8211; Transmiss\u00e3o: Tra\u00e7\u00e3o dianteira<\/p>\n<p>24 MESES DE GARANTIA<\/p>","protected":false},"excerpt":{"rendered":"<p>Caracter\u00edsticas t\u00e9cnicas &#8211; Ano 2012 &#8211; Quilometragem: 226.000 km &#8211; Caixa de velocidades autom\u00e1tica &#8211; Combust\u00edvel: Diesel &#8211; N\u00ba de vagas: 5 vagas &#8211; Pot\u00eancia: 211 CV &#8211; Deslocamento: 3 Litros &#8211; Transmiss\u00e3o: Tra\u00e7\u00e3o dianteira 24 MESES DE GARANTIA<\/p>","protected":false},"featured_media":5115,"comment_status":"open","ping_status":"closed","template":"","meta":[],"product_brand":[],"product_cat":[69],"product_tag":[],"class_list":{"0":"post-5114","1":"product","2":"type-product","3":"status-publish","4":"has-post-thumbnail","6":"product_cat-porsche","8":"first","9":"instock","10":"shipping-taxable","11":"purchasable","12":"product-type-simple"},"_links":{"self":[{"href":"https:\/\/corsaire-auto35.com\/auto\/wp-json\/wp\/v2\/product\/5114","targetHints":{"allow":["GET"]}}],"collection":[{"href":"https:\/\/corsaire-auto35.com\/auto\/wp-json\/wp\/v2\/product"}],"about":[{"href":"https:\/\/corsaire-auto35.com\/auto\/wp-json\/wp\/v2\/types\/product"}],"replies":[{"embeddable":true,"href":"https:\/\/corsaire-auto35.com\/auto\/wp-json\/wp\/v2\/comments?post=5114"}],"wp:featuredmedia":[{"embeddable":true,"href":"https:\/\/corsaire-auto35.com\/auto\/wp-json\/wp\/v2\/media\/5115"}],"wp:attachment":[{"href":"https:\/\/corsaire-auto35.com\/auto\/wp-json\/wp\/v2\/media?parent=5114"}],"wp:term":[{"taxonomy":"product_brand","embeddable":true,"href":"https:\/\/corsaire-auto35.com\/auto\/wp-json\/wp\/v2\/product_brand?post=5114"},{"taxonomy":"product_cat","embeddable":true,"href":"https:\/\/corsaire-auto35.com\/auto\/wp-json\/wp\/v2\/product_cat?post=5114"},{"taxonomy":"product_tag","embeddable":true,"href":"https:\/\/corsaire-auto35.com\/auto\/wp-json\/wp\/v2\/product_tag?post=5114"}],"curies":[{"name":"wp","href":"https:\/\/api.w.org\/{rel}","templated":true}]}}