{"id":5097,"date":"2024-07-07T07:32:47","date_gmt":"2024-07-07T07:32:47","guid":{"rendered":"https:\/\/corsaire-auto35.com\/?post_type=product&#038;p=5097"},"modified":"2024-07-07T07:32:47","modified_gmt":"2024-07-07T07:32:47","slug":"mercedes-benz-gla-250-x156-2015","status":"publish","type":"product","link":"https:\/\/corsaire-auto35.com\/auto\/produto\/mercedes-benz-gla-250-x156-2015\/","title":{"rendered":"Mercedes-Benz GLA 250 | (X156), 2015"},"content":{"rendered":"<p>Principais caracter\u00edsticas<br \/>\nEstado: EM STOCK<br \/>\nGera\u00e7\u00e3o (X156)<br \/>\nAno de emiss\u00e3o 2015<br \/>\nQuilometragem 80.010 quil\u00f3metros<br \/>\nCarro\u00e7aria SUV 5 dv.<br \/>\nCor marrom<br \/>\nMotor 2.0 1\/211 cv \/ Gasolina<br \/>\nCaixa Rob\u00f3tica<\/p>\n<p>24 MESES DE GARANTIA<\/p>","protected":false},"excerpt":{"rendered":"<p>Principais caracter\u00edsticas Estado: EM STOCK Gera\u00e7\u00e3o (X156) Ano de emiss\u00e3o 2015 Quilometragem 80.010 quil\u00f3metros Carro\u00e7aria SUV 5 dv. Cor marrom Motor 2.0 1\/211 cv \/ Gasolina Caixa Rob\u00f3tica 24 MESES DE GARANTIA<\/p>","protected":false},"featured_media":5098,"comment_status":"open","ping_status":"closed","template":"","meta":[],"product_brand":[],"product_cat":[63],"product_tag":[],"class_list":{"0":"post-5097","1":"product","2":"type-product","3":"status-publish","4":"has-post-thumbnail","6":"product_cat-mercedes-benz","8":"first","9":"instock","10":"shipping-taxable","11":"purchasable","12":"product-type-simple"},"_links":{"self":[{"href":"https:\/\/corsaire-auto35.com\/auto\/wp-json\/wp\/v2\/product\/5097","targetHints":{"allow":["GET"]}}],"collection":[{"href":"https:\/\/corsaire-auto35.com\/auto\/wp-json\/wp\/v2\/product"}],"about":[{"href":"https:\/\/corsaire-auto35.com\/auto\/wp-json\/wp\/v2\/types\/product"}],"replies":[{"embeddable":true,"href":"https:\/\/corsaire-auto35.com\/auto\/wp-json\/wp\/v2\/comments?post=5097"}],"wp:featuredmedia":[{"embeddable":true,"href":"https:\/\/corsaire-auto35.com\/auto\/wp-json\/wp\/v2\/media\/5098"}],"wp:attachment":[{"href":"https:\/\/corsaire-auto35.com\/auto\/wp-json\/wp\/v2\/media?parent=5097"}],"wp:term":[{"taxonomy":"product_brand","embeddable":true,"href":"https:\/\/corsaire-auto35.com\/auto\/wp-json\/wp\/v2\/product_brand?post=5097"},{"taxonomy":"product_cat","embeddable":true,"href":"https:\/\/corsaire-auto35.com\/auto\/wp-json\/wp\/v2\/product_cat?post=5097"},{"taxonomy":"product_tag","embeddable":true,"href":"https:\/\/corsaire-auto35.com\/auto\/wp-json\/wp\/v2\/product_tag?post=5097"}],"curies":[{"name":"wp","href":"https:\/\/api.w.org\/{rel}","templated":true}]}}