{"id":5047,"date":"2024-07-07T07:08:59","date_gmt":"2024-07-07T07:08:59","guid":{"rendered":"https:\/\/corsaire-auto35.com\/?post_type=product&#038;p=5047"},"modified":"2024-07-07T07:08:59","modified_gmt":"2024-07-07T07:08:59","slug":"audi-a1-30-tfsi-s-tronic","status":"publish","type":"product","link":"https:\/\/corsaire-auto35.com\/auto\/produto\/audi-a1-30-tfsi-s-tronic\/","title":{"rendered":"Audi A1 30 TFSI S tronic"},"content":{"rendered":"<p>Caracter\u00edsticas t\u00e9cnicas :<br \/>\n&#8211; Ano do modelo: 01\/2021<br \/>\n&#8211; Quilometragem: 57.000 km<br \/>\n&#8211; Caixa de velocidades autom\u00e1tica<br \/>\n-Motor: Gasolina<br \/>\n&#8211; N\u00ba de vagas: 5 vagas<br \/>\n&#8211; Pot\u00eancia: 110 CV<br \/>\n&#8211; \u2060Emiss\u00e3o de CO2: 111 g\/km<br \/>\n&#8211; Deslocamento: 1 litro<br \/>\n&#8211; Transmiss\u00e3o: Tra\u00e7\u00e3o dianteira<\/p>","protected":false},"excerpt":{"rendered":"<p>Caracter\u00edsticas t\u00e9cnicas : &#8211; Ano do modelo: 01\/2021 &#8211; Quilometragem: 57.000 km &#8211; Caixa de velocidades autom\u00e1tica -Motor: Gasolina &#8211; N\u00ba de vagas: 5 vagas &#8211; Pot\u00eancia: 110 CV &#8211; \u2060Emiss\u00e3o de CO2: 111 g\/km &#8211; Deslocamento: 1 litro &#8211; Transmiss\u00e3o: Tra\u00e7\u00e3o dianteira<\/p>","protected":false},"featured_media":5048,"comment_status":"open","ping_status":"closed","template":"","meta":[],"product_brand":[],"product_cat":[44],"product_tag":[],"class_list":{"0":"post-5047","1":"product","2":"type-product","3":"status-publish","4":"has-post-thumbnail","6":"product_cat-audi","8":"first","9":"instock","10":"shipping-taxable","11":"purchasable","12":"product-type-simple"},"_links":{"self":[{"href":"https:\/\/corsaire-auto35.com\/auto\/wp-json\/wp\/v2\/product\/5047","targetHints":{"allow":["GET"]}}],"collection":[{"href":"https:\/\/corsaire-auto35.com\/auto\/wp-json\/wp\/v2\/product"}],"about":[{"href":"https:\/\/corsaire-auto35.com\/auto\/wp-json\/wp\/v2\/types\/product"}],"replies":[{"embeddable":true,"href":"https:\/\/corsaire-auto35.com\/auto\/wp-json\/wp\/v2\/comments?post=5047"}],"wp:featuredmedia":[{"embeddable":true,"href":"https:\/\/corsaire-auto35.com\/auto\/wp-json\/wp\/v2\/media\/5048"}],"wp:attachment":[{"href":"https:\/\/corsaire-auto35.com\/auto\/wp-json\/wp\/v2\/media?parent=5047"}],"wp:term":[{"taxonomy":"product_brand","embeddable":true,"href":"https:\/\/corsaire-auto35.com\/auto\/wp-json\/wp\/v2\/product_brand?post=5047"},{"taxonomy":"product_cat","embeddable":true,"href":"https:\/\/corsaire-auto35.com\/auto\/wp-json\/wp\/v2\/product_cat?post=5047"},{"taxonomy":"product_tag","embeddable":true,"href":"https:\/\/corsaire-auto35.com\/auto\/wp-json\/wp\/v2\/product_tag?post=5047"}],"curies":[{"name":"wp","href":"https:\/\/api.w.org\/{rel}","templated":true}]}}