{"id":4912,"date":"2024-07-06T18:45:45","date_gmt":"2024-07-06T18:45:45","guid":{"rendered":"https:\/\/corsaire-auto35.com\/?post_type=product&#038;p=4912"},"modified":"2024-07-06T18:45:45","modified_gmt":"2024-07-06T18:45:45","slug":"audi-q7-e-tronarfull-ledacc360panovolante-aquecidomemoriagancho","status":"publish","type":"product","link":"https:\/\/corsaire-auto35.com\/auto\/produto\/audi-q7-e-tronarfull-ledacc360panovolante-aquecidomemoriagancho\/","title":{"rendered":"Audi Q7 e-Tron|Ar|Full-LED|ACC|360|Pano|Volante aquecido|Mem\u00f3ria|Gancho"},"content":{"rendered":"<p>Principais caracter\u00edsticas<br \/>\n&#8211; Ano: 01\/2017<br \/>\n&#8211; Quilometragem: 169.196 km<br \/>\n&#8211; Caixa de velocidades autom\u00e1tica<br \/>\n&#8211; Combust\u00edvel: El\u00e9trico + Diesel<br \/>\n&#8211; N\u00ba de vagas: 5 vagas<br \/>\n&#8211; Pot\u00eancia: 386 CV<br \/>\n&#8211; Deslocamento: 3 Litros<br \/>\n&#8211; Transmiss\u00e3o: Tra\u00e7\u00e3o dianteira<\/p>\n<p>24 MESES DE GARANTIA<\/p>","protected":false},"excerpt":{"rendered":"<p>Principais caracter\u00edsticas &#8211; Ano: 01\/2017 &#8211; Quilometragem: 169.196 km &#8211; Caixa de velocidades autom\u00e1tica &#8211; Combust\u00edvel: El\u00e9trico + Diesel &#8211; N\u00ba de vagas: 5 vagas &#8211; Pot\u00eancia: 386 CV &#8211; Deslocamento: 3 Litros &#8211; Transmiss\u00e3o: Tra\u00e7\u00e3o dianteira 24 MESES DE GARANTIA<\/p>","protected":false},"featured_media":4913,"comment_status":"open","ping_status":"closed","template":"","meta":[],"product_brand":[],"product_cat":[44],"product_tag":[],"class_list":{"0":"post-4912","1":"product","2":"type-product","3":"status-publish","4":"has-post-thumbnail","6":"product_cat-audi","8":"first","9":"instock","10":"shipping-taxable","11":"purchasable","12":"product-type-simple"},"_links":{"self":[{"href":"https:\/\/corsaire-auto35.com\/auto\/wp-json\/wp\/v2\/product\/4912","targetHints":{"allow":["GET"]}}],"collection":[{"href":"https:\/\/corsaire-auto35.com\/auto\/wp-json\/wp\/v2\/product"}],"about":[{"href":"https:\/\/corsaire-auto35.com\/auto\/wp-json\/wp\/v2\/types\/product"}],"replies":[{"embeddable":true,"href":"https:\/\/corsaire-auto35.com\/auto\/wp-json\/wp\/v2\/comments?post=4912"}],"wp:featuredmedia":[{"embeddable":true,"href":"https:\/\/corsaire-auto35.com\/auto\/wp-json\/wp\/v2\/media\/4913"}],"wp:attachment":[{"href":"https:\/\/corsaire-auto35.com\/auto\/wp-json\/wp\/v2\/media?parent=4912"}],"wp:term":[{"taxonomy":"product_brand","embeddable":true,"href":"https:\/\/corsaire-auto35.com\/auto\/wp-json\/wp\/v2\/product_brand?post=4912"},{"taxonomy":"product_cat","embeddable":true,"href":"https:\/\/corsaire-auto35.com\/auto\/wp-json\/wp\/v2\/product_cat?post=4912"},{"taxonomy":"product_tag","embeddable":true,"href":"https:\/\/corsaire-auto35.com\/auto\/wp-json\/wp\/v2\/product_tag?post=4912"}],"curies":[{"name":"wp","href":"https:\/\/api.w.org\/{rel}","templated":true}]}}