{"id":4886,"date":"2024-07-06T18:33:02","date_gmt":"2024-07-06T18:33:02","guid":{"rendered":"https:\/\/corsaire-auto35.com\/?post_type=product&#038;p=4886"},"modified":"2024-07-06T18:33:03","modified_gmt":"2024-07-06T18:33:03","slug":"audi-a1-1-4tfsi-s-line-automatico-novo-servico-bem-mantido","status":"publish","type":"product","link":"https:\/\/corsaire-auto35.com\/auto\/produto\/audi-a1-1-4tfsi-s-line-automatico-novo-servico-bem-mantido\/","title":{"rendered":"Audi A1 1.4TFSI S-LINE AUTOM\u00c1TICO | NOVO SERVI\u00c7O | BEM MANTIDO"},"content":{"rendered":"<p>Principais caracter\u00edsticas<br \/>\n&#8211; Ano: 11\/2012<br \/>\n&#8211; Quilometragem: 102.000 km<br \/>\n&#8211; Caixa de velocidades autom\u00e1tica<br \/>\n&#8211; Combust\u00edvel: Gasolina<br \/>\n&#8211; N\u00ba de vagas: 5 vagas<br \/>\n&#8211; Pot\u00eancia: 122 CV<br \/>\n&#8211; Deslocamento: 1,4 litros<br \/>\n&#8211; Transmiss\u00e3o: Tra\u00e7\u00e3o dianteira<\/p>\n<p>24 MESES DE GARANTIA<\/p>","protected":false},"excerpt":{"rendered":"<p>Principais caracter\u00edsticas &#8211; Ano: 11\/2012 &#8211; Quilometragem: 102.000 km &#8211; Caixa de velocidades autom\u00e1tica &#8211; Combust\u00edvel: Gasolina &#8211; N\u00ba de vagas: 5 vagas &#8211; Pot\u00eancia: 122 CV &#8211; Deslocamento: 1,4 litros &#8211; Transmiss\u00e3o: Tra\u00e7\u00e3o dianteira 24 MESES DE GARANTIA<\/p>","protected":false},"featured_media":4887,"comment_status":"open","ping_status":"closed","template":"","meta":[],"product_brand":[],"product_cat":[44],"product_tag":[],"class_list":{"0":"post-4886","1":"product","2":"type-product","3":"status-publish","4":"has-post-thumbnail","6":"product_cat-audi","8":"first","9":"instock","10":"shipping-taxable","11":"purchasable","12":"product-type-simple"},"_links":{"self":[{"href":"https:\/\/corsaire-auto35.com\/auto\/wp-json\/wp\/v2\/product\/4886","targetHints":{"allow":["GET"]}}],"collection":[{"href":"https:\/\/corsaire-auto35.com\/auto\/wp-json\/wp\/v2\/product"}],"about":[{"href":"https:\/\/corsaire-auto35.com\/auto\/wp-json\/wp\/v2\/types\/product"}],"replies":[{"embeddable":true,"href":"https:\/\/corsaire-auto35.com\/auto\/wp-json\/wp\/v2\/comments?post=4886"}],"wp:featuredmedia":[{"embeddable":true,"href":"https:\/\/corsaire-auto35.com\/auto\/wp-json\/wp\/v2\/media\/4887"}],"wp:attachment":[{"href":"https:\/\/corsaire-auto35.com\/auto\/wp-json\/wp\/v2\/media?parent=4886"}],"wp:term":[{"taxonomy":"product_brand","embeddable":true,"href":"https:\/\/corsaire-auto35.com\/auto\/wp-json\/wp\/v2\/product_brand?post=4886"},{"taxonomy":"product_cat","embeddable":true,"href":"https:\/\/corsaire-auto35.com\/auto\/wp-json\/wp\/v2\/product_cat?post=4886"},{"taxonomy":"product_tag","embeddable":true,"href":"https:\/\/corsaire-auto35.com\/auto\/wp-json\/wp\/v2\/product_tag?post=4886"}],"curies":[{"name":"wp","href":"https:\/\/api.w.org\/{rel}","templated":true}]}}