{"id":4872,"date":"2024-07-06T18:21:38","date_gmt":"2024-07-06T18:21:38","guid":{"rendered":"https:\/\/corsaire-auto35.com\/?post_type=product&#038;p=4872"},"modified":"2024-07-06T18:21:38","modified_gmt":"2024-07-06T18:21:38","slug":"peugeot-5008-1-6d-allure-automatico-camara-acc-led-sem-chave","status":"publish","type":"product","link":"https:\/\/corsaire-auto35.com\/auto\/produto\/peugeot-5008-1-6d-allure-automatico-camara-acc-led-sem-chave\/","title":{"rendered":"Peugeot 5008 1.6D Allure Autom\u00e1tico, C\u00e2mara, ACC, LED, Sem chave"},"content":{"rendered":"<p>Principais caracter\u00edsticas<br \/>\n&#8211; Ano: 01\/2018<br \/>\n&#8211; Quilometragem: 86.150 km<br \/>\n&#8211; Caixa de velocidades autom\u00e1tica<br \/>\n&#8211; Combust\u00edvel: Diesel<br \/>\n&#8211; N\u00ba de vagas: 5 vagas<br \/>\n&#8211; Pot\u00eancia: 120 CV<br \/>\n&#8211; Deslocamento: 1,6 litros<br \/>\n&#8211; Transmiss\u00e3o: Tra\u00e7\u00e3o dianteira<\/p>\n<p>\u2b50\ufe0f 24 MESES DE GARANTIA \u2b50\ufe0f<\/p>","protected":false},"excerpt":{"rendered":"<p>Principais caracter\u00edsticas &#8211; Ano: 01\/2018 &#8211; Quilometragem: 86.150 km &#8211; Caixa de velocidades autom\u00e1tica &#8211; Combust\u00edvel: Diesel &#8211; N\u00ba de vagas: 5 vagas &#8211; Pot\u00eancia: 120 CV &#8211; Deslocamento: 1,6 litros &#8211; Transmiss\u00e3o: Tra\u00e7\u00e3o dianteira \u2b50\ufe0f 24 MESES DE GARANTIA \u2b50\ufe0f<\/p>","protected":false},"featured_media":4873,"comment_status":"open","ping_status":"closed","template":"","meta":[],"product_brand":[],"product_cat":[68],"product_tag":[],"class_list":{"0":"post-4872","1":"product","2":"type-product","3":"status-publish","4":"has-post-thumbnail","6":"product_cat-peugeot","8":"first","9":"instock","10":"shipping-taxable","11":"purchasable","12":"product-type-simple"},"_links":{"self":[{"href":"https:\/\/corsaire-auto35.com\/auto\/wp-json\/wp\/v2\/product\/4872","targetHints":{"allow":["GET"]}}],"collection":[{"href":"https:\/\/corsaire-auto35.com\/auto\/wp-json\/wp\/v2\/product"}],"about":[{"href":"https:\/\/corsaire-auto35.com\/auto\/wp-json\/wp\/v2\/types\/product"}],"replies":[{"embeddable":true,"href":"https:\/\/corsaire-auto35.com\/auto\/wp-json\/wp\/v2\/comments?post=4872"}],"wp:featuredmedia":[{"embeddable":true,"href":"https:\/\/corsaire-auto35.com\/auto\/wp-json\/wp\/v2\/media\/4873"}],"wp:attachment":[{"href":"https:\/\/corsaire-auto35.com\/auto\/wp-json\/wp\/v2\/media?parent=4872"}],"wp:term":[{"taxonomy":"product_brand","embeddable":true,"href":"https:\/\/corsaire-auto35.com\/auto\/wp-json\/wp\/v2\/product_brand?post=4872"},{"taxonomy":"product_cat","embeddable":true,"href":"https:\/\/corsaire-auto35.com\/auto\/wp-json\/wp\/v2\/product_cat?post=4872"},{"taxonomy":"product_tag","embeddable":true,"href":"https:\/\/corsaire-auto35.com\/auto\/wp-json\/wp\/v2\/product_tag?post=4872"}],"curies":[{"name":"wp","href":"https:\/\/api.w.org\/{rel}","templated":true}]}}