{"id":4774,"date":"2024-07-06T14:51:14","date_gmt":"2024-07-06T14:51:14","guid":{"rendered":"https:\/\/corsaire-auto35.com\/?post_type=product&#038;p=4774"},"modified":"2024-07-06T14:51:14","modified_gmt":"2024-07-06T14:51:14","slug":"audi-a5-cabriolet-3-0-v6-tdi-245ch-avus-quattro-s-tronic-7-2","status":"publish","type":"product","link":"https:\/\/corsaire-auto35.com\/auto\/produto\/audi-a5-cabriolet-3-0-v6-tdi-245ch-avus-quattro-s-tronic-7-2\/","title":{"rendered":"Audi A5 Cabriolet 3.0 V6 TDI 245ch Avus quattro S tronic 7."},"content":{"rendered":"<p>De 04\/2012 &#8211; 132.000kms.Gris Perle \/ Sellerie cuir brun marronnier Syst\u00e8me audiophonique Bang &amp; Olufsen \/ Si\u00e8ges avant chauffants \/ Chauffe nuque \/ Si\u00e8ges avant sport \u00e9lectriques (\u00e0 m\u00e9moire pour le conducteur) \/ Jantes 19\u2019\u2019 \/ R\u00e9gulateur de vitesse et de distance \/ Phares bi-x\u00e9non \/ Aide parking avant &#8211; arri\u00e8re<\/p>","protected":false},"excerpt":{"rendered":"<p>De 04\/2012 &#8211; 132.000kms.Gris Perle \/ Sellerie cuir brun marronnier Syst\u00e8me audiophonique Bang &amp; Olufsen \/ Si\u00e8ges avant chauffants \/ Chauffe nuque \/ Si\u00e8ges avant sport \u00e9lectriques (\u00e0 m\u00e9moire pour le conducteur) \/ Jantes 19\u2019\u2019 \/ R\u00e9gulateur de vitesse et de distance \/ Phares bi-x\u00e9non \/ Aide parking avant &#8211; arri\u00e8re<\/p>","protected":false},"featured_media":4775,"comment_status":"open","ping_status":"closed","template":"","meta":[],"product_brand":[],"product_cat":[44],"product_tag":[],"class_list":{"0":"post-4774","1":"product","2":"type-product","3":"status-publish","4":"has-post-thumbnail","6":"product_cat-audi","8":"first","9":"instock","10":"shipping-taxable","11":"purchasable","12":"product-type-simple"},"_links":{"self":[{"href":"https:\/\/corsaire-auto35.com\/auto\/wp-json\/wp\/v2\/product\/4774","targetHints":{"allow":["GET"]}}],"collection":[{"href":"https:\/\/corsaire-auto35.com\/auto\/wp-json\/wp\/v2\/product"}],"about":[{"href":"https:\/\/corsaire-auto35.com\/auto\/wp-json\/wp\/v2\/types\/product"}],"replies":[{"embeddable":true,"href":"https:\/\/corsaire-auto35.com\/auto\/wp-json\/wp\/v2\/comments?post=4774"}],"wp:featuredmedia":[{"embeddable":true,"href":"https:\/\/corsaire-auto35.com\/auto\/wp-json\/wp\/v2\/media\/4775"}],"wp:attachment":[{"href":"https:\/\/corsaire-auto35.com\/auto\/wp-json\/wp\/v2\/media?parent=4774"}],"wp:term":[{"taxonomy":"product_brand","embeddable":true,"href":"https:\/\/corsaire-auto35.com\/auto\/wp-json\/wp\/v2\/product_brand?post=4774"},{"taxonomy":"product_cat","embeddable":true,"href":"https:\/\/corsaire-auto35.com\/auto\/wp-json\/wp\/v2\/product_cat?post=4774"},{"taxonomy":"product_tag","embeddable":true,"href":"https:\/\/corsaire-auto35.com\/auto\/wp-json\/wp\/v2\/product_tag?post=4774"}],"curies":[{"name":"wp","href":"https:\/\/api.w.org\/{rel}","templated":true}]}}