{"id":4738,"date":"2024-07-06T14:08:17","date_gmt":"2024-07-06T14:08:17","guid":{"rendered":"https:\/\/corsaire-auto35.com\/?post_type=product&#038;p=4738"},"modified":"2024-07-06T14:08:17","modified_gmt":"2024-07-06T14:08:17","slug":"porsche-cayman-3-4-340ch-gts-pdk-981","status":"publish","type":"product","link":"https:\/\/corsaire-auto35.com\/auto\/produto\/porsche-cayman-3-4-340ch-gts-pdk-981\/","title":{"rendered":"Porsche Cayman 3.4 340ch GTS PDK (981)"},"content":{"rendered":"<p>De 04\/2016 &#8211; 48.000kms !!Rouge Carmin \/ Sellerie cuir beige \/ Tableau de bord en cuir noir avec surpiq\u00fbres beiges \u00c9chappement sport d\u00e9connectable \/ Jantes 911 Turbo 20\u2019\u2019 \/ Phares Bi-Xenon PDLS (Porsche Dynamic Light System) \/ Phares adaptatifs \/ Bluetooth \/ Si\u00e8ges sport \/ Pack chrono sport \/ Assistance parking arri\u00e8re<\/p>","protected":false},"excerpt":{"rendered":"<p>De 04\/2016 &#8211; 48.000kms !!Rouge Carmin \/ Sellerie cuir beige \/ Tableau de bord en cuir noir avec surpiq\u00fbres beiges \u00c9chappement sport d\u00e9connectable \/ Jantes 911 Turbo 20\u2019\u2019 \/ Phares Bi-Xenon PDLS (Porsche Dynamic Light System) \/ Phares adaptatifs \/ Bluetooth \/ Si\u00e8ges sport \/ Pack chrono sport \/ Assistance parking arri\u00e8re<\/p>","protected":false},"featured_media":4739,"comment_status":"open","ping_status":"closed","template":"","meta":[],"product_brand":[],"product_cat":[69],"product_tag":[],"class_list":{"0":"post-4738","1":"product","2":"type-product","3":"status-publish","4":"has-post-thumbnail","6":"product_cat-porsche","8":"first","9":"instock","10":"shipping-taxable","11":"purchasable","12":"product-type-simple"},"_links":{"self":[{"href":"https:\/\/corsaire-auto35.com\/auto\/wp-json\/wp\/v2\/product\/4738","targetHints":{"allow":["GET"]}}],"collection":[{"href":"https:\/\/corsaire-auto35.com\/auto\/wp-json\/wp\/v2\/product"}],"about":[{"href":"https:\/\/corsaire-auto35.com\/auto\/wp-json\/wp\/v2\/types\/product"}],"replies":[{"embeddable":true,"href":"https:\/\/corsaire-auto35.com\/auto\/wp-json\/wp\/v2\/comments?post=4738"}],"wp:featuredmedia":[{"embeddable":true,"href":"https:\/\/corsaire-auto35.com\/auto\/wp-json\/wp\/v2\/media\/4739"}],"wp:attachment":[{"href":"https:\/\/corsaire-auto35.com\/auto\/wp-json\/wp\/v2\/media?parent=4738"}],"wp:term":[{"taxonomy":"product_brand","embeddable":true,"href":"https:\/\/corsaire-auto35.com\/auto\/wp-json\/wp\/v2\/product_brand?post=4738"},{"taxonomy":"product_cat","embeddable":true,"href":"https:\/\/corsaire-auto35.com\/auto\/wp-json\/wp\/v2\/product_cat?post=4738"},{"taxonomy":"product_tag","embeddable":true,"href":"https:\/\/corsaire-auto35.com\/auto\/wp-json\/wp\/v2\/product_tag?post=4738"}],"curies":[{"name":"wp","href":"https:\/\/api.w.org\/{rel}","templated":true}]}}