{"id":4710,"date":"2024-07-06T12:36:42","date_gmt":"2024-07-06T12:36:42","guid":{"rendered":"https:\/\/corsaire-auto35.com\/?post_type=product&#038;p=4710"},"modified":"2024-07-06T12:36:42","modified_gmt":"2024-07-06T12:36:42","slug":"audi-q5-2-0-tdi-quattro-4x4-sport","status":"publish","type":"product","link":"https:\/\/corsaire-auto35.com\/auto\/produto\/audi-q5-2-0-tdi-quattro-4x4-sport\/","title":{"rendered":"Audi Q5 2.0 TDi Quattro 4&#215;4 Sport"},"content":{"rendered":"<p>120.000 km avec carnet d&#8217;entretien compl\u00e9t\u00e9<br \/>\n&#8211; Edition Sp\u00e9ciale \/SPORT\/Full option<br \/>\n&#8211; Etat : Show-room<br \/>\n&#8211; Mod\u00e8le 2020\/ 1e immat.: 29\/11\/2019<br \/>\n&#8211; Quattro 4&#215;4<br \/>\n&#8211; Attelage Remorque Electrique<br \/>\n&#8211; Jantes Alu 20&#8242; S-Line Bi-Ton<br \/>\n&#8211; Pack Exterieur\/int\u00e9rieur SPORT<br \/>\n&#8211; Volant Sport multi-fonctions<br \/>\n&#8211; Palettes au volant<br \/>\n&#8211; Grand GPS MMI-Professionnel 3D<br \/>\n&#8211; Virtual Cockpit- Ecran GPS Sur Tableau de bord<br \/>\n&#8211; Syst\u00e8me de navigation MMi Plus avec MMi Touch<br \/>\n&#8211; WiFi<br \/>\n&#8211; Apple CarPlay<br \/>\n&#8211; Android CarPlay<br \/>\n&#8211; Bo\u00eete de vitesse automatique S-Tronic \u00e0 9 rapports<br \/>\n&#8211; Audi Drive Select Suspensions r\u00e9glables : Confort, Auto, Dynamique, Individual SPORT<br \/>\n&#8211; Cruise control avec fonction de freinage<br \/>\n&#8211; Acc\u00e8s confort ( d\u00e9marrage sans cl\u00e9)KeLesGO<br \/>\n&#8211; R\u00e9troviseurs ext\u00e9rieurs rabattables \u00e9lectriquement<br \/>\n&#8211; Park Distance Control avant et arri\u00e8re+ lat\u00e9raux +CAMERA<br \/>\n&#8211; Inserts de d\u00e9coration en Aluminium<br \/>\n&#8211; \u00c9clairage d\u2019ambiance 64 Culeurs<br \/>\n&#8211; \u00c9clairage Portes Quattro<br \/>\n&#8211; Cam\u00e9ra+Parking Automatique avec assistance*<br \/>\n&#8211; Climatisation automatique \u00e9lectronique 3 zones<br \/>\n&#8211; Si\u00e8ges Sport + chauffants<br \/>\n&#8211; D\u00e9tecteur de lumi\u00e8re et de pluie<br \/>\n&#8211; Phares Directionnel Full LED<br \/>\n&#8211; T\u00e9l\u00e9phonie confort avec connectivit\u00e9 smartphone \u00e9tendue (Bluetooth)<br \/>\n&#8211; R\u00e9troviseurs rabattables + anti-\u00e9blouissement<br \/>\n&#8211; Reconnaissance vocale<br \/>\n&#8211; Radio DAB \/Bluetooth\/AUX<br \/>\n&#8211; Carte 2X SD + SIM<br \/>\n&#8211; Isofix<br \/>\n&#8211; Banquette arri\u00e8re rabattable<br \/>\n&#8211; Non-fumeur<br \/>\n&#8211; Hayon arri\u00e8re : Ouverture automatique (t\u00e9l\u00e9commande)<br \/>\n-Q5 35 TDI \/ 1968cc \/diesel\/ \/120KW \/ 163CH<br \/>\n-EURO 6d TEMP<\/p>","protected":false},"excerpt":{"rendered":"<p>120.000 km avec carnet d&#8217;entretien compl\u00e9t\u00e9 &#8211; Edition Sp\u00e9ciale \/SPORT\/Full option &#8211; Etat : Show-room &#8211; Mod\u00e8le 2020\/ 1e immat.: 29\/11\/2019 &#8211; Quattro 4&#215;4 &#8211; Attelage Remorque Electrique &#8211; Jantes Alu 20&#8242; S-Line Bi-Ton &#8211; Pack Exterieur\/int\u00e9rieur SPORT &#8211; Volant Sport multi-fonctions &#8211; Palettes au volant &#8211; Grand GPS MMI-Professionnel 3D &#8211; Virtual Cockpit- Ecran [&hellip;]<\/p>\n","protected":false},"featured_media":4711,"comment_status":"open","ping_status":"closed","template":"","meta":[],"product_brand":[],"product_cat":[44],"product_tag":[],"class_list":{"0":"post-4710","1":"product","2":"type-product","3":"status-publish","4":"has-post-thumbnail","6":"product_cat-audi","8":"first","9":"instock","10":"shipping-taxable","11":"purchasable","12":"product-type-simple"},"_links":{"self":[{"href":"https:\/\/corsaire-auto35.com\/auto\/wp-json\/wp\/v2\/product\/4710","targetHints":{"allow":["GET"]}}],"collection":[{"href":"https:\/\/corsaire-auto35.com\/auto\/wp-json\/wp\/v2\/product"}],"about":[{"href":"https:\/\/corsaire-auto35.com\/auto\/wp-json\/wp\/v2\/types\/product"}],"replies":[{"embeddable":true,"href":"https:\/\/corsaire-auto35.com\/auto\/wp-json\/wp\/v2\/comments?post=4710"}],"wp:featuredmedia":[{"embeddable":true,"href":"https:\/\/corsaire-auto35.com\/auto\/wp-json\/wp\/v2\/media\/4711"}],"wp:attachment":[{"href":"https:\/\/corsaire-auto35.com\/auto\/wp-json\/wp\/v2\/media?parent=4710"}],"wp:term":[{"taxonomy":"product_brand","embeddable":true,"href":"https:\/\/corsaire-auto35.com\/auto\/wp-json\/wp\/v2\/product_brand?post=4710"},{"taxonomy":"product_cat","embeddable":true,"href":"https:\/\/corsaire-auto35.com\/auto\/wp-json\/wp\/v2\/product_cat?post=4710"},{"taxonomy":"product_tag","embeddable":true,"href":"https:\/\/corsaire-auto35.com\/auto\/wp-json\/wp\/v2\/product_tag?post=4710"}],"curies":[{"name":"wp","href":"https:\/\/api.w.org\/{rel}","templated":true}]}}