{"id":4628,"date":"2024-07-05T22:26:54","date_gmt":"2024-07-05T22:26:54","guid":{"rendered":"https:\/\/corsaire-auto35.com\/?post_type=product&#038;p=4628"},"modified":"2024-07-05T22:26:54","modified_gmt":"2024-07-05T22:26:54","slug":"audi-rs4-avant-4-2-v8-fsi-450ch-quattro-s-tronic7","status":"publish","type":"product","link":"https:\/\/corsaire-auto35.com\/auto\/produto\/audi-rs4-avant-4-2-v8-fsi-450ch-quattro-s-tronic7\/","title":{"rendered":"Audi RS4 Avant 4.2 V8 FSI 450ch quattro S tronic7."},"content":{"rendered":"<p>De 02\/2013 &#8211; 62.000kms !!Noire \/ Sellerie cuir noir \/ Pack esth\u00e9tique noir Si\u00e8ges F1 \/ Jantes 20\u2019\u2019 \/ Phares Bi-Xenon \/ Acc\u00e8s et d\u00e9marrage sans cl\u00e9s \/ Bluetooth \/ GPS \/ Aide parking avant &#8211; arri\u00e8re + Cam\u00e9ra de recul \/ Syst\u00e8me audiophonique Bang &amp; Olufsen \/ Applications d\u00e9coratives en carbone \/ Hayon \u00e9lectrique \/ D\u00e9tecteur d\u2019angle mort (Audi Side Assist)\u2026<\/p>","protected":false},"excerpt":{"rendered":"<p>De 02\/2013 &#8211; 62.000kms !!Noire \/ Sellerie cuir noir \/ Pack esth\u00e9tique noir Si\u00e8ges F1 \/ Jantes 20\u2019\u2019 \/ Phares Bi-Xenon \/ Acc\u00e8s et d\u00e9marrage sans cl\u00e9s \/ Bluetooth \/ GPS \/ Aide parking avant &#8211; arri\u00e8re + Cam\u00e9ra de recul \/ Syst\u00e8me audiophonique Bang &amp; Olufsen \/ Applications d\u00e9coratives en carbone \/ Hayon \u00e9lectrique [&hellip;]<\/p>\n","protected":false},"featured_media":4629,"comment_status":"open","ping_status":"closed","template":"","meta":[],"product_brand":[],"product_cat":[44],"product_tag":[],"class_list":{"0":"post-4628","1":"product","2":"type-product","3":"status-publish","4":"has-post-thumbnail","6":"product_cat-audi","8":"first","9":"instock","10":"shipping-taxable","11":"purchasable","12":"product-type-simple"},"_links":{"self":[{"href":"https:\/\/corsaire-auto35.com\/auto\/wp-json\/wp\/v2\/product\/4628","targetHints":{"allow":["GET"]}}],"collection":[{"href":"https:\/\/corsaire-auto35.com\/auto\/wp-json\/wp\/v2\/product"}],"about":[{"href":"https:\/\/corsaire-auto35.com\/auto\/wp-json\/wp\/v2\/types\/product"}],"replies":[{"embeddable":true,"href":"https:\/\/corsaire-auto35.com\/auto\/wp-json\/wp\/v2\/comments?post=4628"}],"wp:featuredmedia":[{"embeddable":true,"href":"https:\/\/corsaire-auto35.com\/auto\/wp-json\/wp\/v2\/media\/4629"}],"wp:attachment":[{"href":"https:\/\/corsaire-auto35.com\/auto\/wp-json\/wp\/v2\/media?parent=4628"}],"wp:term":[{"taxonomy":"product_brand","embeddable":true,"href":"https:\/\/corsaire-auto35.com\/auto\/wp-json\/wp\/v2\/product_brand?post=4628"},{"taxonomy":"product_cat","embeddable":true,"href":"https:\/\/corsaire-auto35.com\/auto\/wp-json\/wp\/v2\/product_cat?post=4628"},{"taxonomy":"product_tag","embeddable":true,"href":"https:\/\/corsaire-auto35.com\/auto\/wp-json\/wp\/v2\/product_tag?post=4628"}],"curies":[{"name":"wp","href":"https:\/\/api.w.org\/{rel}","templated":true}]}}