{"id":4556,"date":"2024-07-05T17:07:27","date_gmt":"2024-07-05T17:07:27","guid":{"rendered":"https:\/\/corsaire-auto35.com\/?post_type=product&#038;p=4556"},"modified":"2024-07-05T17:07:27","modified_gmt":"2024-07-05T17:07:27","slug":"bmw-serie-1-118da-150ch-m-sport-f40","status":"publish","type":"product","link":"https:\/\/corsaire-auto35.com\/auto\/produto\/bmw-serie-1-118da-150ch-m-sport-f40\/","title":{"rendered":"BMW S\u00e9rie 1 118dA 150ch M Sport (F40)."},"content":{"rendered":"<p>De 04\/2021 &#8211; 58.000kms.<\/p>\n<p>Noire \/ Sellerie cuir noir \ud83d\udda4\ud83d\udda4<\/p>\n<p>Toit ouvrant \u00e9lectrique panoramique \/ Si\u00e8ges sport M \/ Jantes 18\u2019\u2019 \/ Acc\u00e8s et d\u00e9marrage sans cl\u00e9s \/ Apple Car Play &amp; Android auto \/ Aide parking avant &#8211; arri\u00e8re + Cam\u00e9ra de recul \/ Si\u00e8ges avant chauffants \/ virtual cockpit<\/p>","protected":false},"excerpt":{"rendered":"<p>De 04\/2021 &#8211; 58.000kms. Noire \/ Sellerie cuir noir \ud83d\udda4\ud83d\udda4 Toit ouvrant \u00e9lectrique panoramique \/ Si\u00e8ges sport M \/ Jantes 18\u2019\u2019 \/ Acc\u00e8s et d\u00e9marrage sans cl\u00e9s \/ Apple Car Play &amp; Android auto \/ Aide parking avant &#8211; arri\u00e8re + Cam\u00e9ra de recul \/ Si\u00e8ges avant chauffants \/ virtual cockpit<\/p>","protected":false},"featured_media":4557,"comment_status":"open","ping_status":"closed","template":"","meta":[],"product_brand":[],"product_cat":[41],"product_tag":[],"class_list":{"0":"post-4556","1":"product","2":"type-product","3":"status-publish","4":"has-post-thumbnail","6":"product_cat-bmw","8":"first","9":"instock","10":"shipping-taxable","11":"purchasable","12":"product-type-simple"},"_links":{"self":[{"href":"https:\/\/corsaire-auto35.com\/auto\/wp-json\/wp\/v2\/product\/4556","targetHints":{"allow":["GET"]}}],"collection":[{"href":"https:\/\/corsaire-auto35.com\/auto\/wp-json\/wp\/v2\/product"}],"about":[{"href":"https:\/\/corsaire-auto35.com\/auto\/wp-json\/wp\/v2\/types\/product"}],"replies":[{"embeddable":true,"href":"https:\/\/corsaire-auto35.com\/auto\/wp-json\/wp\/v2\/comments?post=4556"}],"wp:featuredmedia":[{"embeddable":true,"href":"https:\/\/corsaire-auto35.com\/auto\/wp-json\/wp\/v2\/media\/4557"}],"wp:attachment":[{"href":"https:\/\/corsaire-auto35.com\/auto\/wp-json\/wp\/v2\/media?parent=4556"}],"wp:term":[{"taxonomy":"product_brand","embeddable":true,"href":"https:\/\/corsaire-auto35.com\/auto\/wp-json\/wp\/v2\/product_brand?post=4556"},{"taxonomy":"product_cat","embeddable":true,"href":"https:\/\/corsaire-auto35.com\/auto\/wp-json\/wp\/v2\/product_cat?post=4556"},{"taxonomy":"product_tag","embeddable":true,"href":"https:\/\/corsaire-auto35.com\/auto\/wp-json\/wp\/v2\/product_tag?post=4556"}],"curies":[{"name":"wp","href":"https:\/\/api.w.org\/{rel}","templated":true}]}}