{"id":4367,"date":"2024-07-05T13:13:34","date_gmt":"2024-07-05T13:13:34","guid":{"rendered":"https:\/\/corsaire-auto35.com\/?post_type=product&#038;p=4367"},"modified":"2024-07-05T13:13:34","modified_gmt":"2024-07-05T13:13:34","slug":"bmw-serie-3-330ia-xdrive-258ch-m-sport-g20","status":"publish","type":"product","link":"https:\/\/corsaire-auto35.com\/auto\/produto\/bmw-serie-3-330ia-xdrive-258ch-m-sport-g20\/","title":{"rendered":"BMW S\u00e9rie 3 330iA xDrive 258ch M Sport (G20)"},"content":{"rendered":"<p>De 06\/2020 &#8211; 41.000kms !!<\/p>\n<p>Sunset Orange \/ Sellerie cuir noir<\/p>\n<p>Nombreuses options \u00a0Toit ouvrant \u00e9lectrique \/ Apple Car Play \/ Aide parking av-ar + Cam\u00e9ra de recul \/ Syst\u00e8me hi-fi Harman &amp; Kardon \/ Jantes 19\u2019\u2019 \/ si\u00e8ges avant et arri\u00e8re chauffants \/ Si\u00e8ges avant \u00e9lectriques (\u00e0 m\u00e9moire pour le conducteur) \/ Recharge t\u00e9l\u00e9phone par induction \/ Coffre \u00e9lectrique \/ Avertisseur d\u2019angle mort \/ Affichage t\u00eate haute \/ Acc\u00e8s et d\u00e9marrage sans cl\u00e9s (acc\u00e8s confort) \/ Shadow line brillant \u00e9tendu<\/p>","protected":false},"excerpt":{"rendered":"<p>De 06\/2020 &#8211; 41.000kms !! Sunset Orange \/ Sellerie cuir noir Nombreuses options \u00a0Toit ouvrant \u00e9lectrique \/ Apple Car Play \/ Aide parking av-ar + Cam\u00e9ra de recul \/ Syst\u00e8me hi-fi Harman &amp; Kardon \/ Jantes 19\u2019\u2019 \/ si\u00e8ges avant et arri\u00e8re chauffants \/ Si\u00e8ges avant \u00e9lectriques (\u00e0 m\u00e9moire pour le conducteur) \/ Recharge t\u00e9l\u00e9phone [&hellip;]<\/p>\n","protected":false},"featured_media":4368,"comment_status":"open","ping_status":"closed","template":"","meta":[],"product_brand":[],"product_cat":[41],"product_tag":[],"class_list":{"0":"post-4367","1":"product","2":"type-product","3":"status-publish","4":"has-post-thumbnail","6":"product_cat-bmw","8":"first","9":"instock","10":"shipping-taxable","11":"purchasable","12":"product-type-simple"},"_links":{"self":[{"href":"https:\/\/corsaire-auto35.com\/auto\/wp-json\/wp\/v2\/product\/4367","targetHints":{"allow":["GET"]}}],"collection":[{"href":"https:\/\/corsaire-auto35.com\/auto\/wp-json\/wp\/v2\/product"}],"about":[{"href":"https:\/\/corsaire-auto35.com\/auto\/wp-json\/wp\/v2\/types\/product"}],"replies":[{"embeddable":true,"href":"https:\/\/corsaire-auto35.com\/auto\/wp-json\/wp\/v2\/comments?post=4367"}],"wp:featuredmedia":[{"embeddable":true,"href":"https:\/\/corsaire-auto35.com\/auto\/wp-json\/wp\/v2\/media\/4368"}],"wp:attachment":[{"href":"https:\/\/corsaire-auto35.com\/auto\/wp-json\/wp\/v2\/media?parent=4367"}],"wp:term":[{"taxonomy":"product_brand","embeddable":true,"href":"https:\/\/corsaire-auto35.com\/auto\/wp-json\/wp\/v2\/product_brand?post=4367"},{"taxonomy":"product_cat","embeddable":true,"href":"https:\/\/corsaire-auto35.com\/auto\/wp-json\/wp\/v2\/product_cat?post=4367"},{"taxonomy":"product_tag","embeddable":true,"href":"https:\/\/corsaire-auto35.com\/auto\/wp-json\/wp\/v2\/product_tag?post=4367"}],"curies":[{"name":"wp","href":"https:\/\/api.w.org\/{rel}","templated":true}]}}