{"id":4329,"date":"2024-07-05T02:10:56","date_gmt":"2024-07-05T02:10:56","guid":{"rendered":"https:\/\/corsaire-auto35.com\/?post_type=product&#038;p=4329"},"modified":"2024-07-05T02:10:56","modified_gmt":"2024-07-05T02:10:56","slug":"audi-s7-sportback-4-0-v8-tfsi-450ch-quattro-s-tronic-7-phase-2","status":"publish","type":"product","link":"https:\/\/corsaire-auto35.com\/auto\/produto\/audi-s7-sportback-4-0-v8-tfsi-450ch-quattro-s-tronic-7-phase-2\/","title":{"rendered":"Audi S7 Sportback 4.0 V8 TFSI 450ch quattro S tronic 7.  (Phase 2)."},"content":{"rendered":"<p>De 02\/2017 &#8211; 125.000kms.Bleu Sepang \/ Sellerie cuir et alcantara noir Configuration rare Volant chauffant \/ Si\u00e8ges avant et arri\u00e8re chauffants \/ Si\u00e8ges avant \u00e9lectriques (\u00e0 m\u00e9moire pour le conducteur) \/ Attelage \u00e9lectrique \/ Toit ouvrant \u00e9lectrique \/ Jantes Audi Sport 21\u2019\u2019 \/ Aide parking av-ar + cam\u00e9ra av &#8211; ar \/ Syst\u00e8me Hi-Fi Bose \/ Affichage t\u00eate haute \/ Phares adaptatifs \/ Virtual cockpit\u2026<\/p>","protected":false},"excerpt":{"rendered":"<p>De 02\/2017 &#8211; 125.000kms.Bleu Sepang \/ Sellerie cuir et alcantara noir Configuration rare Volant chauffant \/ Si\u00e8ges avant et arri\u00e8re chauffants \/ Si\u00e8ges avant \u00e9lectriques (\u00e0 m\u00e9moire pour le conducteur) \/ Attelage \u00e9lectrique \/ Toit ouvrant \u00e9lectrique \/ Jantes Audi Sport 21\u2019\u2019 \/ Aide parking av-ar + cam\u00e9ra av &#8211; ar \/ Syst\u00e8me Hi-Fi Bose [&hellip;]<\/p>\n","protected":false},"featured_media":4330,"comment_status":"open","ping_status":"closed","template":"","meta":[],"product_brand":[],"product_cat":[44],"product_tag":[],"class_list":{"0":"post-4329","1":"product","2":"type-product","3":"status-publish","4":"has-post-thumbnail","6":"product_cat-audi","8":"first","9":"instock","10":"shipping-taxable","11":"purchasable","12":"product-type-simple"},"_links":{"self":[{"href":"https:\/\/corsaire-auto35.com\/auto\/wp-json\/wp\/v2\/product\/4329","targetHints":{"allow":["GET"]}}],"collection":[{"href":"https:\/\/corsaire-auto35.com\/auto\/wp-json\/wp\/v2\/product"}],"about":[{"href":"https:\/\/corsaire-auto35.com\/auto\/wp-json\/wp\/v2\/types\/product"}],"replies":[{"embeddable":true,"href":"https:\/\/corsaire-auto35.com\/auto\/wp-json\/wp\/v2\/comments?post=4329"}],"wp:featuredmedia":[{"embeddable":true,"href":"https:\/\/corsaire-auto35.com\/auto\/wp-json\/wp\/v2\/media\/4330"}],"wp:attachment":[{"href":"https:\/\/corsaire-auto35.com\/auto\/wp-json\/wp\/v2\/media?parent=4329"}],"wp:term":[{"taxonomy":"product_brand","embeddable":true,"href":"https:\/\/corsaire-auto35.com\/auto\/wp-json\/wp\/v2\/product_brand?post=4329"},{"taxonomy":"product_cat","embeddable":true,"href":"https:\/\/corsaire-auto35.com\/auto\/wp-json\/wp\/v2\/product_cat?post=4329"},{"taxonomy":"product_tag","embeddable":true,"href":"https:\/\/corsaire-auto35.com\/auto\/wp-json\/wp\/v2\/product_tag?post=4329"}],"curies":[{"name":"wp","href":"https:\/\/api.w.org\/{rel}","templated":true}]}}