{"id":4297,"date":"2024-07-05T01:42:17","date_gmt":"2024-07-05T01:42:17","guid":{"rendered":"https:\/\/corsaire-auto35.com\/?post_type=product&#038;p=4297"},"modified":"2024-07-05T01:42:17","modified_gmt":"2024-07-05T01:42:17","slug":"maserati-granturismo-4-2-v8-405ch-bva","status":"publish","type":"product","link":"https:\/\/corsaire-auto35.com\/auto\/produto\/maserati-granturismo-4-2-v8-405ch-bva\/","title":{"rendered":"Maserati Granturismo 4.2 V8 405ch BVA."},"content":{"rendered":"<p>De 08\/2008 &#8211; 82.000kms.Noire \/ Sellerie cuir Cartier \u00a0Jantes 20\u2019\u2019 \/ Si\u00e8ges \u00e9lectriques \u00e0 m\u00e9moire chauffants \/ GPS \/ R\u00e9gulateur de vitesse \/ Climatisation automatique \/ Hi-Fi Bose\u2026\u00c9chappement inox, superbe sonorit\u00e9<\/p>","protected":false},"excerpt":{"rendered":"<p>De 08\/2008 &#8211; 82.000kms.Noire \/ Sellerie cuir Cartier \u00a0Jantes 20\u2019\u2019 \/ Si\u00e8ges \u00e9lectriques \u00e0 m\u00e9moire chauffants \/ GPS \/ R\u00e9gulateur de vitesse \/ Climatisation automatique \/ Hi-Fi Bose\u2026\u00c9chappement inox, superbe sonorit\u00e9<\/p>","protected":false},"featured_media":4298,"comment_status":"open","ping_status":"closed","template":"","meta":[],"product_brand":[],"product_cat":[40],"product_tag":[],"class_list":{"0":"post-4297","1":"product","2":"type-product","3":"status-publish","4":"has-post-thumbnail","6":"product_cat-sem-categoria","8":"first","9":"instock","10":"shipping-taxable","11":"purchasable","12":"product-type-simple"},"_links":{"self":[{"href":"https:\/\/corsaire-auto35.com\/auto\/wp-json\/wp\/v2\/product\/4297","targetHints":{"allow":["GET"]}}],"collection":[{"href":"https:\/\/corsaire-auto35.com\/auto\/wp-json\/wp\/v2\/product"}],"about":[{"href":"https:\/\/corsaire-auto35.com\/auto\/wp-json\/wp\/v2\/types\/product"}],"replies":[{"embeddable":true,"href":"https:\/\/corsaire-auto35.com\/auto\/wp-json\/wp\/v2\/comments?post=4297"}],"wp:featuredmedia":[{"embeddable":true,"href":"https:\/\/corsaire-auto35.com\/auto\/wp-json\/wp\/v2\/media\/4298"}],"wp:attachment":[{"href":"https:\/\/corsaire-auto35.com\/auto\/wp-json\/wp\/v2\/media?parent=4297"}],"wp:term":[{"taxonomy":"product_brand","embeddable":true,"href":"https:\/\/corsaire-auto35.com\/auto\/wp-json\/wp\/v2\/product_brand?post=4297"},{"taxonomy":"product_cat","embeddable":true,"href":"https:\/\/corsaire-auto35.com\/auto\/wp-json\/wp\/v2\/product_cat?post=4297"},{"taxonomy":"product_tag","embeddable":true,"href":"https:\/\/corsaire-auto35.com\/auto\/wp-json\/wp\/v2\/product_tag?post=4297"}],"curies":[{"name":"wp","href":"https:\/\/api.w.org\/{rel}","templated":true}]}}