{"id":4230,"date":"2024-07-04T21:47:52","date_gmt":"2024-07-04T21:47:52","guid":{"rendered":"https:\/\/corsaire-auto35.com\/?post_type=product&#038;p=4230"},"modified":"2024-07-04T21:47:52","modified_gmt":"2024-07-04T21:47:52","slug":"bmw-x2-xdrive25ea-220ch-m-sport-f39-2","status":"publish","type":"product","link":"https:\/\/corsaire-auto35.com\/auto\/produto\/bmw-x2-xdrive25ea-220ch-m-sport-f39-2\/","title":{"rendered":"BMW X2 xDrive25eA 220ch M Sport (F39)."},"content":{"rendered":"<p>11\/2020 &#8211; 36.000kms.Gris Mineralgrau \/ Sellerie cuir magmarot Jantes 19\u2019\u2019 \/ Si\u00e8ges sport M \/ aide parking av-ar + cam\u00e9ra de recul \/ Toit ouvrant \u00e9lectrique panoramique \/ Hayon \u00e9lectrique \/ Apple Car Play &amp; Android auto \/ Affichage t\u00eate haute \/ Si\u00e8ges avant \u00e9lectriques chauffants (\u00e0 m\u00e9moire pour le conducteur) \/ \u00c9clairage d\u2019ambiance \/ Acc\u00e8s et d\u00e9marrage sans cl\u00e9s<\/p>","protected":false},"excerpt":{"rendered":"<p>11\/2020 &#8211; 36.000kms.Gris Mineralgrau \/ Sellerie cuir magmarot Jantes 19\u2019\u2019 \/ Si\u00e8ges sport M \/ aide parking av-ar + cam\u00e9ra de recul \/ Toit ouvrant \u00e9lectrique panoramique \/ Hayon \u00e9lectrique \/ Apple Car Play &amp; Android auto \/ Affichage t\u00eate haute \/ Si\u00e8ges avant \u00e9lectriques chauffants (\u00e0 m\u00e9moire pour le conducteur) \/ \u00c9clairage d\u2019ambiance \/ [&hellip;]<\/p>\n","protected":false},"featured_media":4232,"comment_status":"open","ping_status":"closed","template":"","meta":[],"product_brand":[],"product_cat":[41],"product_tag":[],"class_list":{"0":"post-4230","1":"product","2":"type-product","3":"status-publish","4":"has-post-thumbnail","6":"product_cat-bmw","8":"first","9":"instock","10":"shipping-taxable","11":"purchasable","12":"product-type-simple"},"_links":{"self":[{"href":"https:\/\/corsaire-auto35.com\/auto\/wp-json\/wp\/v2\/product\/4230","targetHints":{"allow":["GET"]}}],"collection":[{"href":"https:\/\/corsaire-auto35.com\/auto\/wp-json\/wp\/v2\/product"}],"about":[{"href":"https:\/\/corsaire-auto35.com\/auto\/wp-json\/wp\/v2\/types\/product"}],"replies":[{"embeddable":true,"href":"https:\/\/corsaire-auto35.com\/auto\/wp-json\/wp\/v2\/comments?post=4230"}],"wp:featuredmedia":[{"embeddable":true,"href":"https:\/\/corsaire-auto35.com\/auto\/wp-json\/wp\/v2\/media\/4232"}],"wp:attachment":[{"href":"https:\/\/corsaire-auto35.com\/auto\/wp-json\/wp\/v2\/media?parent=4230"}],"wp:term":[{"taxonomy":"product_brand","embeddable":true,"href":"https:\/\/corsaire-auto35.com\/auto\/wp-json\/wp\/v2\/product_brand?post=4230"},{"taxonomy":"product_cat","embeddable":true,"href":"https:\/\/corsaire-auto35.com\/auto\/wp-json\/wp\/v2\/product_cat?post=4230"},{"taxonomy":"product_tag","embeddable":true,"href":"https:\/\/corsaire-auto35.com\/auto\/wp-json\/wp\/v2\/product_tag?post=4230"}],"curies":[{"name":"wp","href":"https:\/\/api.w.org\/{rel}","templated":true}]}}