{"id":4202,"date":"2024-07-04T21:35:31","date_gmt":"2024-07-04T21:35:31","guid":{"rendered":"https:\/\/corsaire-auto35.com\/?post_type=product&#038;p=4202"},"modified":"2024-07-04T21:35:31","modified_gmt":"2024-07-04T21:35:31","slug":"volkswagen-golf-2-0-tsi-245ch-bluemotion-technology-gti-performance-bvm6","status":"publish","type":"product","link":"https:\/\/corsaire-auto35.com\/auto\/produto\/volkswagen-golf-2-0-tsi-245ch-bluemotion-technology-gti-performance-bvm6\/","title":{"rendered":"Volkswagen Golf 2.0 TSI 245ch BlueMotion Technology GTI Performance BVM6."},"content":{"rendered":"<p>De 12\/2018 &#8211; 58.000kms.Noire \/ Sellerie tissu \u00e9cossais noir avec surpiq\u00fbres rouges Toit ouvrant \u00e9lectrique panoramique \/ jantes 19\u2019\u2019 Brescia \/ Apple Car Play &amp; Android auto \/ Aide parking av-ar + Camera de recul \/ D\u00e9tecteur d\u2019angle mort \/ phares adaptatifs \/ r\u00e9gulateur de vitesse adaptatif \/ virtual cockpit\u2026<\/p>","protected":false},"excerpt":{"rendered":"<p>De 12\/2018 &#8211; 58.000kms.Noire \/ Sellerie tissu \u00e9cossais noir avec surpiq\u00fbres rouges Toit ouvrant \u00e9lectrique panoramique \/ jantes 19\u2019\u2019 Brescia \/ Apple Car Play &amp; Android auto \/ Aide parking av-ar + Camera de recul \/ D\u00e9tecteur d\u2019angle mort \/ phares adaptatifs \/ r\u00e9gulateur de vitesse adaptatif \/ virtual cockpit\u2026<\/p>","protected":false},"featured_media":4203,"comment_status":"open","ping_status":"closed","template":"","meta":[],"product_brand":[],"product_cat":[76],"product_tag":[],"class_list":{"0":"post-4202","1":"product","2":"type-product","3":"status-publish","4":"has-post-thumbnail","6":"product_cat-volkswagen","8":"first","9":"instock","10":"shipping-taxable","11":"purchasable","12":"product-type-simple"},"_links":{"self":[{"href":"https:\/\/corsaire-auto35.com\/auto\/wp-json\/wp\/v2\/product\/4202","targetHints":{"allow":["GET"]}}],"collection":[{"href":"https:\/\/corsaire-auto35.com\/auto\/wp-json\/wp\/v2\/product"}],"about":[{"href":"https:\/\/corsaire-auto35.com\/auto\/wp-json\/wp\/v2\/types\/product"}],"replies":[{"embeddable":true,"href":"https:\/\/corsaire-auto35.com\/auto\/wp-json\/wp\/v2\/comments?post=4202"}],"wp:featuredmedia":[{"embeddable":true,"href":"https:\/\/corsaire-auto35.com\/auto\/wp-json\/wp\/v2\/media\/4203"}],"wp:attachment":[{"href":"https:\/\/corsaire-auto35.com\/auto\/wp-json\/wp\/v2\/media?parent=4202"}],"wp:term":[{"taxonomy":"product_brand","embeddable":true,"href":"https:\/\/corsaire-auto35.com\/auto\/wp-json\/wp\/v2\/product_brand?post=4202"},{"taxonomy":"product_cat","embeddable":true,"href":"https:\/\/corsaire-auto35.com\/auto\/wp-json\/wp\/v2\/product_cat?post=4202"},{"taxonomy":"product_tag","embeddable":true,"href":"https:\/\/corsaire-auto35.com\/auto\/wp-json\/wp\/v2\/product_tag?post=4202"}],"curies":[{"name":"wp","href":"https:\/\/api.w.org\/{rel}","templated":true}]}}