{"id":4160,"date":"2024-07-04T21:25:54","date_gmt":"2024-07-04T21:25:54","guid":{"rendered":"https:\/\/corsaire-auto35.com\/?post_type=product&#038;p=4160"},"modified":"2024-07-04T21:25:54","modified_gmt":"2024-07-04T21:25:54","slug":"renault-clio-1-6-turbo-220ch-rs-trophy-edc","status":"publish","type":"product","link":"https:\/\/corsaire-auto35.com\/auto\/produto\/renault-clio-1-6-turbo-220ch-rs-trophy-edc\/","title":{"rendered":"Renault Clio 1.6 Turbo 220ch RS Trophy EDC."},"content":{"rendered":"<p>De 10\/2017 &#8211; 84.000kms.Blanc glacier \/ Sellerie cuir noir avec surpiq\u00fbres rouges \u00c9chappement Akrapovic \/ Pack City Plus (radars Avant \/ Arri\u00e8re + Camera de recul) \/ Si\u00e8ges avant chauffants \/ Jantes 18\u2019\u2019 \/ RS Monitor \/ Acc\u00e8s et d\u00e9marrage sans cl\u00e9s<\/p>","protected":false},"excerpt":{"rendered":"<p>De 10\/2017 &#8211; 84.000kms.Blanc glacier \/ Sellerie cuir noir avec surpiq\u00fbres rouges \u00c9chappement Akrapovic \/ Pack City Plus (radars Avant \/ Arri\u00e8re + Camera de recul) \/ Si\u00e8ges avant chauffants \/ Jantes 18\u2019\u2019 \/ RS Monitor \/ Acc\u00e8s et d\u00e9marrage sans cl\u00e9s<\/p>","protected":false},"featured_media":4162,"comment_status":"open","ping_status":"closed","template":"","meta":[],"product_brand":[],"product_cat":[70],"product_tag":[],"class_list":{"0":"post-4160","1":"product","2":"type-product","3":"status-publish","4":"has-post-thumbnail","6":"product_cat-renault","8":"first","9":"instock","10":"shipping-taxable","11":"purchasable","12":"product-type-simple"},"_links":{"self":[{"href":"https:\/\/corsaire-auto35.com\/auto\/wp-json\/wp\/v2\/product\/4160","targetHints":{"allow":["GET"]}}],"collection":[{"href":"https:\/\/corsaire-auto35.com\/auto\/wp-json\/wp\/v2\/product"}],"about":[{"href":"https:\/\/corsaire-auto35.com\/auto\/wp-json\/wp\/v2\/types\/product"}],"replies":[{"embeddable":true,"href":"https:\/\/corsaire-auto35.com\/auto\/wp-json\/wp\/v2\/comments?post=4160"}],"wp:featuredmedia":[{"embeddable":true,"href":"https:\/\/corsaire-auto35.com\/auto\/wp-json\/wp\/v2\/media\/4162"}],"wp:attachment":[{"href":"https:\/\/corsaire-auto35.com\/auto\/wp-json\/wp\/v2\/media?parent=4160"}],"wp:term":[{"taxonomy":"product_brand","embeddable":true,"href":"https:\/\/corsaire-auto35.com\/auto\/wp-json\/wp\/v2\/product_brand?post=4160"},{"taxonomy":"product_cat","embeddable":true,"href":"https:\/\/corsaire-auto35.com\/auto\/wp-json\/wp\/v2\/product_cat?post=4160"},{"taxonomy":"product_tag","embeddable":true,"href":"https:\/\/corsaire-auto35.com\/auto\/wp-json\/wp\/v2\/product_tag?post=4160"}],"curies":[{"name":"wp","href":"https:\/\/api.w.org\/{rel}","templated":true}]}}