{"id":4097,"date":"2024-07-04T16:27:00","date_gmt":"2024-07-04T16:27:00","guid":{"rendered":"https:\/\/corsaire-auto35.com\/?post_type=product&#038;p=4097"},"modified":"2024-07-04T16:27:00","modified_gmt":"2024-07-04T16:27:00","slug":"audi-a1-sportback-1-2-tfsi-ambicao","status":"publish","type":"product","link":"https:\/\/corsaire-auto35.com\/auto\/produto\/audi-a1-sportback-1-2-tfsi-ambicao\/","title":{"rendered":"Audi A1 Sportback 1.2 TFSI Ambi\u00e7\u00e3o"},"content":{"rendered":"<p>Principais caracter\u00edsticas :<\/p>\n<p>&#8211; Ano do modelo: 2014<br \/>\n&#8211; Quilometragem: 89.972 km<br \/>\n&#8211; Caixa de velocidades; Manual<br \/>\n-Motor: Gasolina<br \/>\n&#8211; N\u00ba de vagas: 5 vagas<br \/>\n&#8211; Pot\u00eancia: 86 CV<br \/>\n&#8211; Deslocamento: 1,2 litros<\/p>","protected":false},"excerpt":{"rendered":"<p>Principais caracter\u00edsticas : &#8211; Ano do modelo: 2014 &#8211; Quilometragem: 89.972 km &#8211; Caixa de velocidades; Manual -Motor: Gasolina &#8211; N\u00ba de vagas: 5 vagas &#8211; Pot\u00eancia: 86 CV &#8211; Deslocamento: 1,2 litros<\/p>","protected":false},"featured_media":4098,"comment_status":"open","ping_status":"closed","template":"","meta":[],"product_brand":[],"product_cat":[44],"product_tag":[],"class_list":{"0":"post-4097","1":"product","2":"type-product","3":"status-publish","4":"has-post-thumbnail","6":"product_cat-audi","8":"first","9":"instock","10":"shipping-taxable","11":"purchasable","12":"product-type-simple"},"_links":{"self":[{"href":"https:\/\/corsaire-auto35.com\/auto\/wp-json\/wp\/v2\/product\/4097","targetHints":{"allow":["GET"]}}],"collection":[{"href":"https:\/\/corsaire-auto35.com\/auto\/wp-json\/wp\/v2\/product"}],"about":[{"href":"https:\/\/corsaire-auto35.com\/auto\/wp-json\/wp\/v2\/types\/product"}],"replies":[{"embeddable":true,"href":"https:\/\/corsaire-auto35.com\/auto\/wp-json\/wp\/v2\/comments?post=4097"}],"wp:featuredmedia":[{"embeddable":true,"href":"https:\/\/corsaire-auto35.com\/auto\/wp-json\/wp\/v2\/media\/4098"}],"wp:attachment":[{"href":"https:\/\/corsaire-auto35.com\/auto\/wp-json\/wp\/v2\/media?parent=4097"}],"wp:term":[{"taxonomy":"product_brand","embeddable":true,"href":"https:\/\/corsaire-auto35.com\/auto\/wp-json\/wp\/v2\/product_brand?post=4097"},{"taxonomy":"product_cat","embeddable":true,"href":"https:\/\/corsaire-auto35.com\/auto\/wp-json\/wp\/v2\/product_cat?post=4097"},{"taxonomy":"product_tag","embeddable":true,"href":"https:\/\/corsaire-auto35.com\/auto\/wp-json\/wp\/v2\/product_tag?post=4097"}],"curies":[{"name":"wp","href":"https:\/\/api.w.org\/{rel}","templated":true}]}}