{"id":4035,"date":"2024-07-04T16:03:01","date_gmt":"2024-07-04T16:03:01","guid":{"rendered":"https:\/\/corsaire-auto35.com\/?post_type=product&#038;p=4035"},"modified":"2024-07-04T16:03:01","modified_gmt":"2024-07-04T16:03:01","slug":"peugeot-208-fascinacao-1-2-puretech-100hk","status":"publish","type":"product","link":"https:\/\/corsaire-auto35.com\/auto\/produto\/peugeot-208-fascinacao-1-2-puretech-100hk\/","title":{"rendered":"Peugeot 208 Fascina\u00e7\u00e3o 1.2 Puretech 100hk"},"content":{"rendered":"<p>Caracter\u00edsticas t\u00e9cnicas<br \/>\nInforma\u00e7\u00e3o chave<br \/>\nPrimeira inscri\u00e7\u00e3o: 2022<br \/>\nEnergia: Gasolina \u26fd\ufe0f \/ Quilometragem: 43.606 km (certificada) \/ Pot\u00eancia: 100 CV \/ Caixa autom\u00e1tica<\/p>","protected":false},"excerpt":{"rendered":"<p>Caracter\u00edsticas t\u00e9cnicas Informa\u00e7\u00e3o chave Primeira inscri\u00e7\u00e3o: 2022 Energia: Gasolina \u26fd\ufe0f \/ Quilometragem: 43.606 km (certificada) \/ Pot\u00eancia: 100 CV \/ Caixa autom\u00e1tica<\/p>","protected":false},"featured_media":4036,"comment_status":"open","ping_status":"closed","template":"","meta":[],"product_brand":[],"product_cat":[68],"product_tag":[],"class_list":{"0":"post-4035","1":"product","2":"type-product","3":"status-publish","4":"has-post-thumbnail","6":"product_cat-peugeot","8":"first","9":"instock","10":"shipping-taxable","11":"purchasable","12":"product-type-simple"},"_links":{"self":[{"href":"https:\/\/corsaire-auto35.com\/auto\/wp-json\/wp\/v2\/product\/4035","targetHints":{"allow":["GET"]}}],"collection":[{"href":"https:\/\/corsaire-auto35.com\/auto\/wp-json\/wp\/v2\/product"}],"about":[{"href":"https:\/\/corsaire-auto35.com\/auto\/wp-json\/wp\/v2\/types\/product"}],"replies":[{"embeddable":true,"href":"https:\/\/corsaire-auto35.com\/auto\/wp-json\/wp\/v2\/comments?post=4035"}],"wp:featuredmedia":[{"embeddable":true,"href":"https:\/\/corsaire-auto35.com\/auto\/wp-json\/wp\/v2\/media\/4036"}],"wp:attachment":[{"href":"https:\/\/corsaire-auto35.com\/auto\/wp-json\/wp\/v2\/media?parent=4035"}],"wp:term":[{"taxonomy":"product_brand","embeddable":true,"href":"https:\/\/corsaire-auto35.com\/auto\/wp-json\/wp\/v2\/product_brand?post=4035"},{"taxonomy":"product_cat","embeddable":true,"href":"https:\/\/corsaire-auto35.com\/auto\/wp-json\/wp\/v2\/product_cat?post=4035"},{"taxonomy":"product_tag","embeddable":true,"href":"https:\/\/corsaire-auto35.com\/auto\/wp-json\/wp\/v2\/product_tag?post=4035"}],"curies":[{"name":"wp","href":"https:\/\/api.w.org\/{rel}","templated":true}]}}