{"id":3998,"date":"2024-07-04T14:02:04","date_gmt":"2024-07-04T14:02:04","guid":{"rendered":"https:\/\/corsaire-auto35.com\/?post_type=product&#038;p=3998"},"modified":"2024-07-04T14:02:04","modified_gmt":"2024-07-04T14:02:04","slug":"renge-rover-velar","status":"publish","type":"product","link":"https:\/\/corsaire-auto35.com\/auto\/produto\/renge-rover-velar\/","title":{"rendered":"Renge Rover Velar"},"content":{"rendered":"<p>165.000km avec carnet d&#8217;entretien compl\u00e9t\u00e9<\/p>\n<p>&#8211; Edition Limit\u00e9e \/ R-Dynamic \/ SPORT<br \/>\n&#8211; Etat : Show-room<br \/>\n&#8211; Mod\u00e8le 2020\/ 1e immat.: 08\/2019<\/p>\n<p>&#8211; Cruise control Adaptive*<br \/>\n-Toit PANORAMIQUE<br \/>\n&#8211; Sport R-Dynamic<br \/>\n&#8211; 4&#215;4 (4WD)<br \/>\n&#8211; Musique MERIDIAN<br \/>\n&#8211; Duble ECRAN Full DIGITAL<br \/>\n&#8211; Tableau de bord Individual Finition cuir<br \/>\n&#8211; GPS Navigation 3D Professionnel<br \/>\n&#8211; Apple CarPlay<br \/>\n&#8211; Hotspot WiFI<br \/>\n&#8211; Boite Automatique 9 vitesses<br \/>\n&#8211; Palettes de changement vitesses au volant<br \/>\n&#8211; Ciel de toit NOIR<br \/>\n&#8211; **Cruise control**<br \/>\n&#8211; Volant SPORT-multi-fonctionnes<br \/>\n&#8211; Suspensions r\u00e9glables 4&#215;4\/ *SPORT<br \/>\n&#8211; Driving Assistant,<br \/>\n&#8211; Eclairage d&#8217;ambiance<br \/>\n&#8211; KeylesGO Verrouillage centralise sans Clefs<br \/>\n&#8211; Si\u00e8ges SPORT en cuir + chauffants+ ventill\u00e9s + 3Memoire<br \/>\n&#8211; Mode de conduite : Confort, Auto: Eco, Normale, SPORT 4&#215;4<br \/>\n&#8211; D\u00e9marrage de la voiture sans cl\u00e9 (Keyless<br \/>\n&#8211; Phares LED adaptatifs (Directionnels)<br \/>\n&#8211; D\u00e9tection d\u2019angle mort (Blind Spot System)<br \/>\n&#8211; Radars de recul \/ avant \/ lat\u00e9raux + Cam\u00e9ra de recul<br \/>\n&#8211; pare-brise chauffant<br \/>\n&#8211; D\u00e9tecteur de lumi\u00e8re et de pluie<br \/>\n&#8211; R\u00e9troviseurs rabattables + anti-\u00e9blouissement<br \/>\n&#8211; Reconnaissance vocale<br \/>\n&#8211; Radio CD\/DVD\/MP3\/Bluetooth\/AUX\/USB<br \/>\n&#8211; Connexion Bluetooth<br \/>\n&#8211; Climatisation automatique \u00e9lectronique<br \/>\n&#8211; Isofix (points d&#8217;ancrage des si\u00e8ges pour enfants)<br \/>\n&#8211; Vitres arri\u00e8res surteint\u00e9es<br \/>\n&#8211; Jantes 19p*SPORT R-Dynamic<br \/>\n&#8211; VELAR 2.0 TD4 \/ Diesel \/ 1999cc \/ 132KW \/ 179CH<br \/>\n&#8211; Mod\u00e8le 2020\/ 1e immat.: 05\/2019<br \/>\n&#8211; **Attache remorque amovible \u00e9lectronique**<br \/>\n&#8211; EURO 6<\/p>","protected":false},"excerpt":{"rendered":"<p>165.000km avec carnet d&#8217;entretien compl\u00e9t\u00e9 &#8211; Edition Limit\u00e9e \/ R-Dynamic \/ SPORT &#8211; Etat : Show-room &#8211; Mod\u00e8le 2020\/ 1e immat.: 08\/2019 &#8211; Cruise control Adaptive* -Toit PANORAMIQUE &#8211; Sport R-Dynamic &#8211; 4&#215;4 (4WD) &#8211; Musique MERIDIAN &#8211; Duble ECRAN Full DIGITAL &#8211; Tableau de bord Individual Finition cuir &#8211; GPS Navigation 3D Professionnel &#8211; [&hellip;]<\/p>\n","protected":false},"featured_media":3999,"comment_status":"open","ping_status":"closed","template":"","meta":[],"product_brand":[],"product_cat":[60],"product_tag":[],"class_list":{"0":"post-3998","1":"product","2":"type-product","3":"status-publish","4":"has-post-thumbnail","6":"product_cat-land-rover","8":"first","9":"instock","10":"shipping-taxable","11":"purchasable","12":"product-type-simple"},"_links":{"self":[{"href":"https:\/\/corsaire-auto35.com\/auto\/wp-json\/wp\/v2\/product\/3998","targetHints":{"allow":["GET"]}}],"collection":[{"href":"https:\/\/corsaire-auto35.com\/auto\/wp-json\/wp\/v2\/product"}],"about":[{"href":"https:\/\/corsaire-auto35.com\/auto\/wp-json\/wp\/v2\/types\/product"}],"replies":[{"embeddable":true,"href":"https:\/\/corsaire-auto35.com\/auto\/wp-json\/wp\/v2\/comments?post=3998"}],"wp:featuredmedia":[{"embeddable":true,"href":"https:\/\/corsaire-auto35.com\/auto\/wp-json\/wp\/v2\/media\/3999"}],"wp:attachment":[{"href":"https:\/\/corsaire-auto35.com\/auto\/wp-json\/wp\/v2\/media?parent=3998"}],"wp:term":[{"taxonomy":"product_brand","embeddable":true,"href":"https:\/\/corsaire-auto35.com\/auto\/wp-json\/wp\/v2\/product_brand?post=3998"},{"taxonomy":"product_cat","embeddable":true,"href":"https:\/\/corsaire-auto35.com\/auto\/wp-json\/wp\/v2\/product_cat?post=3998"},{"taxonomy":"product_tag","embeddable":true,"href":"https:\/\/corsaire-auto35.com\/auto\/wp-json\/wp\/v2\/product_tag?post=3998"}],"curies":[{"name":"wp","href":"https:\/\/api.w.org\/{rel}","templated":true}]}}