{"id":3976,"date":"2024-07-04T13:43:53","date_gmt":"2024-07-04T13:43:53","guid":{"rendered":"https:\/\/corsaire-auto35.com\/?post_type=product&#038;p=3976"},"modified":"2024-07-04T13:43:53","modified_gmt":"2024-07-04T13:43:53","slug":"hyundai-i20-1-4i-sport-fulloption-toitouvre","status":"publish","type":"product","link":"https:\/\/corsaire-auto35.com\/auto\/produto\/hyundai-i20-1-4i-sport-fulloption-toitouvre\/","title":{"rendered":"Hyundai i20 1.4i SPORT *FullOption\/ToitOuvre"},"content":{"rendered":"<p>54.000 km** avec carnet d&#8217;entretien compl\u00e9t\u00e9<\/p>\n<p>&#8211; Edition Sp\u00e9ciale\/\/\/ FULL OPTION \/\/\/SPORT<br \/>\n&#8211; Etat : Show-room<\/p>\n<p>&#8211; Toit ouvrant \/ Panoramique<br \/>\n&#8211; Parking assistance<br \/>\n&#8211; Volant multi-fonctionnes<br \/>\n&#8211; Cruise control<br \/>\n&#8211; Alerte franchissement involontaire ligne<br \/>\n&#8211; D\u00e9tecteur de lumi\u00e8re et de pluie<br \/>\n&#8211; Phares automatiques LED<br \/>\n&#8211; R\u00e9troviseurs rabattables + anti-\u00e9blouissement<br \/>\n&#8211; Si\u00e8ges en Sport<br \/>\n&#8211; Reconnaissance vocale<br \/>\n&#8211; Ordinateur de bord<br \/>\n&#8211; Radio CD\/DVD\/MP3\/Bluetooth\/AUX\/USB<br \/>\n&#8211; Connexion Bluetooth<br \/>\n&#8211; Climatisation automatique \u00e9lectronique<br \/>\n&#8211; Isofix (points d&#8217;ancrage des si\u00e8ges pour enfants)<br \/>\n&#8211; Banquette arri\u00e8re rabattable<br \/>\n&#8211; Vitres arri\u00e8res surteint\u00e9es<br \/>\n&#8211; Radars de recul \/ avant \/ lat\u00e9raux<br \/>\n&#8211; Non-fumeur<br \/>\n&#8211; Jantes 17 p<br \/>\n&#8211; Indicateur de crevaison<br \/>\n-I20 \/ 1368cc \/essence \/ 73KW \/ 100CH<br \/>\n-Mod\u00e8le 2017\/ 1e immat.: 03\/2016<br \/>\n-EURO 6\/ 123g\/C02<\/p>","protected":false},"excerpt":{"rendered":"<p>54.000 km** avec carnet d&#8217;entretien compl\u00e9t\u00e9 &#8211; Edition Sp\u00e9ciale\/\/\/ FULL OPTION \/\/\/SPORT &#8211; Etat : Show-room &#8211; Toit ouvrant \/ Panoramique &#8211; Parking assistance &#8211; Volant multi-fonctionnes &#8211; Cruise control &#8211; Alerte franchissement involontaire ligne &#8211; D\u00e9tecteur de lumi\u00e8re et de pluie &#8211; Phares automatiques LED &#8211; R\u00e9troviseurs rabattables + anti-\u00e9blouissement &#8211; Si\u00e8ges en Sport [&hellip;]<\/p>\n","protected":false},"featured_media":3977,"comment_status":"open","ping_status":"closed","template":"","meta":[],"product_brand":[],"product_cat":[56],"product_tag":[],"class_list":{"0":"post-3976","1":"product","2":"type-product","3":"status-publish","4":"has-post-thumbnail","6":"product_cat-hyundai","8":"first","9":"instock","10":"shipping-taxable","11":"purchasable","12":"product-type-simple"},"_links":{"self":[{"href":"https:\/\/corsaire-auto35.com\/auto\/wp-json\/wp\/v2\/product\/3976","targetHints":{"allow":["GET"]}}],"collection":[{"href":"https:\/\/corsaire-auto35.com\/auto\/wp-json\/wp\/v2\/product"}],"about":[{"href":"https:\/\/corsaire-auto35.com\/auto\/wp-json\/wp\/v2\/types\/product"}],"replies":[{"embeddable":true,"href":"https:\/\/corsaire-auto35.com\/auto\/wp-json\/wp\/v2\/comments?post=3976"}],"wp:featuredmedia":[{"embeddable":true,"href":"https:\/\/corsaire-auto35.com\/auto\/wp-json\/wp\/v2\/media\/3977"}],"wp:attachment":[{"href":"https:\/\/corsaire-auto35.com\/auto\/wp-json\/wp\/v2\/media?parent=3976"}],"wp:term":[{"taxonomy":"product_brand","embeddable":true,"href":"https:\/\/corsaire-auto35.com\/auto\/wp-json\/wp\/v2\/product_brand?post=3976"},{"taxonomy":"product_cat","embeddable":true,"href":"https:\/\/corsaire-auto35.com\/auto\/wp-json\/wp\/v2\/product_cat?post=3976"},{"taxonomy":"product_tag","embeddable":true,"href":"https:\/\/corsaire-auto35.com\/auto\/wp-json\/wp\/v2\/product_tag?post=3976"}],"curies":[{"name":"wp","href":"https:\/\/api.w.org\/{rel}","templated":true}]}}