{"id":3962,"date":"2024-07-04T08:45:30","date_gmt":"2024-07-04T08:45:30","guid":{"rendered":"https:\/\/corsaire-auto35.com\/?post_type=product&#038;p=3962"},"modified":"2024-07-04T08:45:30","modified_gmt":"2024-07-04T08:45:30","slug":"audi-q3-quattro-35-tdi-linha-s","status":"publish","type":"product","link":"https:\/\/corsaire-auto35.com\/auto\/produto\/audi-q3-quattro-35-tdi-linha-s\/","title":{"rendered":"Audi Q3 Quattro 35 Tdi Linha S"},"content":{"rendered":"<p>Caracter\u00edsticas t\u00e9cnicas<br \/>\nAno: 2020<br \/>\nQuil\u00f3metro: 90.000 km certificados<br \/>\nMotor: Diesel \u26fd\ufe0f<br \/>\nTransmiss\u00e3o autom\u00e1tica<\/p>","protected":false},"excerpt":{"rendered":"<p>Caracter\u00edsticas t\u00e9cnicas Ano: 2020 Quil\u00f3metro: 90.000 km certificados Motor: Diesel \u26fd\ufe0f Transmiss\u00e3o autom\u00e1tica<\/p>","protected":false},"featured_media":3963,"comment_status":"open","ping_status":"closed","template":"","meta":[],"product_brand":[],"product_cat":[44],"product_tag":[],"class_list":{"0":"post-3962","1":"product","2":"type-product","3":"status-publish","4":"has-post-thumbnail","6":"product_cat-audi","8":"first","9":"instock","10":"shipping-taxable","11":"purchasable","12":"product-type-simple"},"_links":{"self":[{"href":"https:\/\/corsaire-auto35.com\/auto\/wp-json\/wp\/v2\/product\/3962","targetHints":{"allow":["GET"]}}],"collection":[{"href":"https:\/\/corsaire-auto35.com\/auto\/wp-json\/wp\/v2\/product"}],"about":[{"href":"https:\/\/corsaire-auto35.com\/auto\/wp-json\/wp\/v2\/types\/product"}],"replies":[{"embeddable":true,"href":"https:\/\/corsaire-auto35.com\/auto\/wp-json\/wp\/v2\/comments?post=3962"}],"wp:featuredmedia":[{"embeddable":true,"href":"https:\/\/corsaire-auto35.com\/auto\/wp-json\/wp\/v2\/media\/3963"}],"wp:attachment":[{"href":"https:\/\/corsaire-auto35.com\/auto\/wp-json\/wp\/v2\/media?parent=3962"}],"wp:term":[{"taxonomy":"product_brand","embeddable":true,"href":"https:\/\/corsaire-auto35.com\/auto\/wp-json\/wp\/v2\/product_brand?post=3962"},{"taxonomy":"product_cat","embeddable":true,"href":"https:\/\/corsaire-auto35.com\/auto\/wp-json\/wp\/v2\/product_cat?post=3962"},{"taxonomy":"product_tag","embeddable":true,"href":"https:\/\/corsaire-auto35.com\/auto\/wp-json\/wp\/v2\/product_tag?post=3962"}],"curies":[{"name":"wp","href":"https:\/\/api.w.org\/{rel}","templated":true}]}}