{"id":3941,"date":"2024-07-04T08:31:54","date_gmt":"2024-07-04T08:31:54","guid":{"rendered":"https:\/\/corsaire-auto35.com\/?post_type=product&#038;p=3941"},"modified":"2024-07-04T08:31:54","modified_gmt":"2024-07-04T08:31:54","slug":"audi-q8-50-tdi-mhev-quattro-tiptronic","status":"publish","type":"product","link":"https:\/\/corsaire-auto35.com\/auto\/produto\/audi-q8-50-tdi-mhev-quattro-tiptronic\/","title":{"rendered":"Audi Q8 50 TDI mHEV Quattro Tiptronic"},"content":{"rendered":"<p>Principais caracter\u00edsticas :<br \/>\nAno do modelo: 12\/2019<br \/>\n&#8211; Quilometragem: 83.500 km<br \/>\n&#8211; Caixa de velocidades: Autom\u00e1tica<br \/>\n&#8211; Motor: Diesel<br \/>\n&#8211; N\u00ba de vagas: 5 vagas<br \/>\n&#8211; Pot\u00eancia: 286 CV<br \/>\n&#8211; Deslocamento: 3 litros<br \/>\n&#8211; Emiss\u00f5es de CO2: 154 g\/km<br \/>\n&#8211; Transmiss\u00e3o: Tra\u00e7\u00e3o \u00e0s quatro rodas<\/p>","protected":false},"excerpt":{"rendered":"<p>Principais caracter\u00edsticas : Ano do modelo: 12\/2019 &#8211; Quilometragem: 83.500 km &#8211; Caixa de velocidades: Autom\u00e1tica &#8211; Motor: Diesel &#8211; N\u00ba de vagas: 5 vagas &#8211; Pot\u00eancia: 286 CV &#8211; Deslocamento: 3 litros &#8211; Emiss\u00f5es de CO2: 154 g\/km &#8211; Transmiss\u00e3o: Tra\u00e7\u00e3o \u00e0s quatro rodas<\/p>","protected":false},"featured_media":3942,"comment_status":"open","ping_status":"closed","template":"","meta":[],"product_brand":[],"product_cat":[44],"product_tag":[],"class_list":{"0":"post-3941","1":"product","2":"type-product","3":"status-publish","4":"has-post-thumbnail","6":"product_cat-audi","8":"first","9":"instock","10":"shipping-taxable","11":"purchasable","12":"product-type-simple"},"_links":{"self":[{"href":"https:\/\/corsaire-auto35.com\/auto\/wp-json\/wp\/v2\/product\/3941","targetHints":{"allow":["GET"]}}],"collection":[{"href":"https:\/\/corsaire-auto35.com\/auto\/wp-json\/wp\/v2\/product"}],"about":[{"href":"https:\/\/corsaire-auto35.com\/auto\/wp-json\/wp\/v2\/types\/product"}],"replies":[{"embeddable":true,"href":"https:\/\/corsaire-auto35.com\/auto\/wp-json\/wp\/v2\/comments?post=3941"}],"wp:featuredmedia":[{"embeddable":true,"href":"https:\/\/corsaire-auto35.com\/auto\/wp-json\/wp\/v2\/media\/3942"}],"wp:attachment":[{"href":"https:\/\/corsaire-auto35.com\/auto\/wp-json\/wp\/v2\/media?parent=3941"}],"wp:term":[{"taxonomy":"product_brand","embeddable":true,"href":"https:\/\/corsaire-auto35.com\/auto\/wp-json\/wp\/v2\/product_brand?post=3941"},{"taxonomy":"product_cat","embeddable":true,"href":"https:\/\/corsaire-auto35.com\/auto\/wp-json\/wp\/v2\/product_cat?post=3941"},{"taxonomy":"product_tag","embeddable":true,"href":"https:\/\/corsaire-auto35.com\/auto\/wp-json\/wp\/v2\/product_tag?post=3941"}],"curies":[{"name":"wp","href":"https:\/\/api.w.org\/{rel}","templated":true}]}}