{"id":3771,"date":"2024-07-03T19:50:04","date_gmt":"2024-07-03T19:50:04","guid":{"rendered":"https:\/\/corsaire-auto35.com\/?post_type=product&#038;p=3771"},"modified":"2024-07-03T19:50:04","modified_gmt":"2024-07-03T19:50:04","slug":"bmw-x1da-2-0d-pack-sport-bt-auto","status":"publish","type":"product","link":"https:\/\/corsaire-auto35.com\/auto\/produto\/bmw-x1da-2-0d-pack-sport-bt-auto\/","title":{"rendered":"BMW X1dA  2.0d \/\/\/Pack Sport\/bt.Auto"},"content":{"rendered":"<p>119.000km avec carnet d&#8217;entretien compl\u00e9t\u00e9<\/p>\n<p>&#8211; Edition Sp\u00e9ciale *Pack \/\/\/SPORT<br \/>\n&#8211; Etat : Show-room<\/p>\n<p>&#8211; sDrive18d<br \/>\n&#8211; GPS-Navigation 3D<br \/>\n&#8211; Boite Automatique \/ Steptronic + fonction SPORT + Auto-Hold<br \/>\n&#8211; Volant multi-fonctionnes *SPORT<br \/>\n&#8211; Si\u00e8ges *SPORT-CONFORT *en cuir + chauffants<br \/>\n&#8211; Avertisseur de sortie de voie<br \/>\n&#8211; Phares LED +Xenon adaptatifs (Directionnels)<br \/>\n&#8211; T\u00e9l\u00e9phonie confort avec connectivit\u00e9 smartphone \u00e9tendue (Bluetooth)<br \/>\n&#8211; Park Distance Control avant et arri\u00e8re+ lat\u00e9raux<br \/>\n&#8211; Parking Automatique\/\/\/ le syst\u00e8me de stationnement automatique<br \/>\n&#8211; Cam\u00e9ra de recul<br \/>\n&#8211; D\u00e9tecteur de lumi\u00e8re et de pluie<br \/>\n&#8211; R\u00e9troviseurs + anti-\u00e9blouissement<br \/>\n&#8211; Chauffage auxiliaire = d\u00e9marrage du chauffage \u00e0 une heure programm\u00e9e (sans d\u00e9marrer la voiture)<br \/>\n&#8211; Reconnaissance vocale<br \/>\n&#8211; Ordinateur de bord<br \/>\n&#8211; Radio CD\/DVD\/MP3\/Bluetooth\/AUX\/USB<br \/>\n&#8211; Disque dur interne<br \/>\n&#8211; Climatisation automatique \u00e9lectronique 2zones<br \/>\n&#8211; Isofix (points d\\\\\\&#8217;ancrage des si\u00e8ges pour enfants)<br \/>\n&#8211; Banquette arri\u00e8re rabattable<br \/>\n&#8211; Non-fumeur<br \/>\n&#8211; Jantes 18p<br \/>\n&#8211; Ciel de toit NOIR &#8211; Pack-Sport<br \/>\n&#8211; Hayon arri\u00e8re : Ouverture automatique (t\u00e9l\u00e9commande) \/ Fermeture \u00e9lectronique (bouton de fermeture)<br \/>\n&#8211; X1 2.0ddA sDrive18dA \/ Diesel \/ 1995cc \/ 110kw\/150CH<br \/>\n-Mod\u00e8le 2017\/ 1e immat.: 11\/2016<br \/>\n-EURO 6b\/ CO2=146g<\/p>","protected":false},"excerpt":{"rendered":"<p>119.000km avec carnet d&#8217;entretien compl\u00e9t\u00e9 &#8211; Edition Sp\u00e9ciale *Pack \/\/\/SPORT &#8211; Etat : Show-room &#8211; sDrive18d &#8211; GPS-Navigation 3D &#8211; Boite Automatique \/ Steptronic + fonction SPORT + Auto-Hold &#8211; Volant multi-fonctionnes *SPORT &#8211; Si\u00e8ges *SPORT-CONFORT *en cuir + chauffants &#8211; Avertisseur de sortie de voie &#8211; Phares LED +Xenon adaptatifs (Directionnels) &#8211; T\u00e9l\u00e9phonie confort [&hellip;]<\/p>\n","protected":false},"featured_media":3772,"comment_status":"open","ping_status":"closed","template":"","meta":[],"product_brand":[],"product_cat":[41],"product_tag":[],"class_list":{"0":"post-3771","1":"product","2":"type-product","3":"status-publish","4":"has-post-thumbnail","6":"product_cat-bmw","8":"first","9":"instock","10":"shipping-taxable","11":"purchasable","12":"product-type-simple"},"_links":{"self":[{"href":"https:\/\/corsaire-auto35.com\/auto\/wp-json\/wp\/v2\/product\/3771","targetHints":{"allow":["GET"]}}],"collection":[{"href":"https:\/\/corsaire-auto35.com\/auto\/wp-json\/wp\/v2\/product"}],"about":[{"href":"https:\/\/corsaire-auto35.com\/auto\/wp-json\/wp\/v2\/types\/product"}],"replies":[{"embeddable":true,"href":"https:\/\/corsaire-auto35.com\/auto\/wp-json\/wp\/v2\/comments?post=3771"}],"wp:featuredmedia":[{"embeddable":true,"href":"https:\/\/corsaire-auto35.com\/auto\/wp-json\/wp\/v2\/media\/3772"}],"wp:attachment":[{"href":"https:\/\/corsaire-auto35.com\/auto\/wp-json\/wp\/v2\/media?parent=3771"}],"wp:term":[{"taxonomy":"product_brand","embeddable":true,"href":"https:\/\/corsaire-auto35.com\/auto\/wp-json\/wp\/v2\/product_brand?post=3771"},{"taxonomy":"product_cat","embeddable":true,"href":"https:\/\/corsaire-auto35.com\/auto\/wp-json\/wp\/v2\/product_cat?post=3771"},{"taxonomy":"product_tag","embeddable":true,"href":"https:\/\/corsaire-auto35.com\/auto\/wp-json\/wp\/v2\/product_tag?post=3771"}],"curies":[{"name":"wp","href":"https:\/\/api.w.org\/{rel}","templated":true}]}}