{"id":3741,"date":"2024-07-03T19:37:16","date_gmt":"2024-07-03T19:37:16","guid":{"rendered":"https:\/\/corsaire-auto35.com\/?post_type=product&#038;p=3741"},"modified":"2024-07-03T19:37:16","modified_gmt":"2024-07-03T19:37:16","slug":"bmw-x3-3-0d-x-line-full-option","status":"publish","type":"product","link":"https:\/\/corsaire-auto35.com\/auto\/produto\/bmw-x3-3-0d-x-line-full-option\/","title":{"rendered":"Bmw X3 3.0d X-Line Full option"},"content":{"rendered":"<p>69.000km avec carnet d\\&#8217;entretien compl\u00e9t\u00e9<\/p>\n<p>&#8211; Edition Sp\u00e9ciale *SPORT Pack-M*\/\/\/<br \/>\n&#8211; Etat : Show-room<\/p>\n<p>&#8211; Attache remorque amovible \u00e9lectrique*<br \/>\n&#8211; xDrive30\/3.0dA 4&#215;4<br \/>\n&#8211; Toit ouvrant\/Panaramique<br \/>\n&#8211; Cruise control Adaptive*<br \/>\n&#8211; *HUD*Affichage t\u00eate haute (Head-Up display)<br \/>\n&#8211; GPS avec projection sur le pare-brise *HUD*<br \/>\n&#8211; Grand GPS-Professionnel 3D Tactile<br \/>\n&#8211; Grand Ecran &#8211; DVD Vid\u00e9o-<br \/>\n&#8211; Chargeure Smartphon INDUCTION<br \/>\n&#8211; Boite Automatique \/ Steptronic + fonction SPORT + Auto-Hold<br \/>\n&#8211; Volant multi-fonctionnes * Pack-M*<br \/>\n&#8211; Avertisseur d&#8217;angle mort<br \/>\n&#8211; Tableau de bord INDIVIDUAL<br \/>\n&#8211; Avertisseur de sortie de voie<br \/>\n&#8211; Alerte de changement de voie<br \/>\n&#8211; Phares LED adaptatifs (Directionnels)<br \/>\n&#8211; T\u00e9l\u00e9phonie confort avec connectivit\u00e9 smartphone \u00e9tendue (Bluetooth)<br \/>\n&#8211; Park Distance Control avant et arri\u00e8re+ lat\u00e9raux<br \/>\n&#8211; Cam\u00e9ra de recul<br \/>\n&#8211; D\u00e9tecteur de lumi\u00e8re et de pluie<br \/>\n&#8211; Phares automatiques BMW Dynamic Full LED<br \/>\n&#8211; R\u00e9troviseurs + anti-\u00e9blouissement<br \/>\n&#8211; Si\u00e8ges *SPORT-CONFORT *en cuir<br \/>\n&#8211; Chauffage auxiliaire = d\u00e9marrage du chauffage \u00e0 une heure programm\u00e9e (sans d\u00e9marrer la voiture)<br \/>\n&#8211; Reconnaissance vocale<br \/>\n&#8211; Ordinateur de bord<br \/>\n&#8211; Radio CD\/DVD\/MP3\/Bluetooth\/AUX\/USB<br \/>\n&#8211; Disque dur interne<br \/>\n&#8211; Climatisation automatique \u00e9lectronique 2zones<br \/>\n&#8211; Isofix (points d\\\\\\&#8217;ancrage des si\u00e8ges pour enfants)<br \/>\n&#8211; Banquette arri\u00e8re rabattable<br \/>\n&#8211; Non-fumeur<br \/>\n&#8211; Jantes 20p M Pack-M*<br \/>\n&#8211; Barres de toit<br \/>\n&#8211; Ciel de toit NOIR &#8211; Pack-M<br \/>\n&#8211; Hayon arri\u00e8re : Ouverture automatique (t\u00e9l\u00e9commande) \/ Fermeture \u00e9lectronique (bouton de fermeture)<br \/>\n&#8211; X3 xDrive30dA \/ Diesel \/ 2993cc \/ 195KW \/ 265CH<br \/>\n-Mod\u00e8le 2019\/ 1e immat.: 11\/2018<br \/>\n-EURO 6b\/ CO2=153g<\/p>","protected":false},"excerpt":{"rendered":"<p>69.000km avec carnet d\\&#8217;entretien compl\u00e9t\u00e9 &#8211; Edition Sp\u00e9ciale *SPORT Pack-M*\/\/\/ &#8211; Etat : Show-room &#8211; Attache remorque amovible \u00e9lectrique* &#8211; xDrive30\/3.0dA 4&#215;4 &#8211; Toit ouvrant\/Panaramique &#8211; Cruise control Adaptive* &#8211; *HUD*Affichage t\u00eate haute (Head-Up display) &#8211; GPS avec projection sur le pare-brise *HUD* &#8211; Grand GPS-Professionnel 3D Tactile &#8211; Grand Ecran &#8211; DVD Vid\u00e9o- &#8211; [&hellip;]<\/p>\n","protected":false},"featured_media":3742,"comment_status":"open","ping_status":"closed","template":"","meta":[],"product_brand":[],"product_cat":[41],"product_tag":[],"class_list":{"0":"post-3741","1":"product","2":"type-product","3":"status-publish","4":"has-post-thumbnail","6":"product_cat-bmw","8":"first","9":"instock","10":"shipping-taxable","11":"purchasable","12":"product-type-simple"},"_links":{"self":[{"href":"https:\/\/corsaire-auto35.com\/auto\/wp-json\/wp\/v2\/product\/3741","targetHints":{"allow":["GET"]}}],"collection":[{"href":"https:\/\/corsaire-auto35.com\/auto\/wp-json\/wp\/v2\/product"}],"about":[{"href":"https:\/\/corsaire-auto35.com\/auto\/wp-json\/wp\/v2\/types\/product"}],"replies":[{"embeddable":true,"href":"https:\/\/corsaire-auto35.com\/auto\/wp-json\/wp\/v2\/comments?post=3741"}],"wp:featuredmedia":[{"embeddable":true,"href":"https:\/\/corsaire-auto35.com\/auto\/wp-json\/wp\/v2\/media\/3742"}],"wp:attachment":[{"href":"https:\/\/corsaire-auto35.com\/auto\/wp-json\/wp\/v2\/media?parent=3741"}],"wp:term":[{"taxonomy":"product_brand","embeddable":true,"href":"https:\/\/corsaire-auto35.com\/auto\/wp-json\/wp\/v2\/product_brand?post=3741"},{"taxonomy":"product_cat","embeddable":true,"href":"https:\/\/corsaire-auto35.com\/auto\/wp-json\/wp\/v2\/product_cat?post=3741"},{"taxonomy":"product_tag","embeddable":true,"href":"https:\/\/corsaire-auto35.com\/auto\/wp-json\/wp\/v2\/product_tag?post=3741"}],"curies":[{"name":"wp","href":"https:\/\/api.w.org\/{rel}","templated":true}]}}