{"id":3682,"date":"2024-07-03T18:33:30","date_gmt":"2024-07-03T18:33:30","guid":{"rendered":"https:\/\/corsaire-auto35.com\/?post_type=product&#038;p=3682"},"modified":"2024-07-03T18:33:30","modified_gmt":"2024-07-03T18:33:30","slug":"mercedes-e200d-pack-amg","status":"publish","type":"product","link":"https:\/\/corsaire-auto35.com\/auto\/produto\/mercedes-e200d-pack-amg\/","title":{"rendered":"Mercedes E200d Pack \/\/\/AMG"},"content":{"rendered":"<p>48.000km avec carnet d&#8217;entretien compl\u00e9t\u00e9<\/p>\n<p>&#8211; Edition Limit\u00e9e \/**by Daimler** Pack Sport \/\/\/AMG<br \/>\n&#8211; Etat : Show-room<br \/>\n&#8211; Attelage remorque<br \/>\n&#8211; Grand GPS-Professionnel 3D<br \/>\n&#8211; Eclairage d&#8217;ambiance (64 couleurs et 10 th\u00e8mes)<br \/>\n&#8211; Apple CarPlay<br \/>\n&#8211; Boite Automatique \/ 9G-tronic+SPORT<br \/>\n&#8211; Palettes de changement vitesses au volant<br \/>\n&#8211; *Parking Automatique avec assistance*<br \/>\n&#8211; Radars de recul \/ avant \/ lat\u00e9raux +CAM\u00c9RA 360<br \/>\n&#8211; Connexion Internet +WIFI avec Satellite<br \/>\n&#8211; **Module de communication HERMES UMTS +Mercedes Me<br \/>\n&#8211; PREVENTION ASSIST PLUS, syst\u00e8me de pr\u00e9vention d&#8217;accident *<br \/>\n-*Cruise control**<br \/>\n&#8211; Volant SPORT &#8211; AMG &#8211; multi-fonctionnes<br \/>\n-D\u00e9marrage de la voiture sans cl\u00e9 (Keyless)<br \/>\n&#8211; Suspension AGILITY CONTROL avec surbaiss\u00e9 avec amortissement s\u00e9lectif<br \/>\n&#8211; Suspensions *SPORT\/\/\/AMG<br \/>\n&#8211; D\u00e9tecteur de lumi\u00e8re et de pluie<br \/>\n&#8211; Capteur de FATIGUE<br \/>\n&#8211; D\u00e9tecteur de lumi\u00e8re et de pluie<br \/>\n&#8211; Phares automatiques Full+LED hautes performances<br \/>\n&#8211; R\u00e9troviseurs rabattables + anti-\u00e9blouissement<br \/>\n&#8211; Si\u00e8ges SPORT \/\/\/AMG en cuir + chauffants + Electrique<br \/>\n+Soutien lombaire (4 directions) pour si\u00e8ges avant<br \/>\n&#8211; Reconnaissance vocale<br \/>\n&#8211; Radio CD\/DVD\/MP3\/Bluetooth\/AUX\/USB<br \/>\n&#8211; Connexion Bluetooth<br \/>\n&#8211; Climatisation automatique \u00e9lectronique<br \/>\n&#8211; Isofix (points d&#8217;ancrage des si\u00e8ges pour enfants)<br \/>\n&#8211; Banquette arri\u00e8re rabattable<br \/>\n&#8211; Jantes 19 p*SPORT\/\/\/AMG<br \/>\n&#8211; ***4 Nouveaux pneus 19\/P ***<br \/>\n&#8211; Mersedes E200d \/Diesel \/ 1950 cc \/ 110 kW \/ 150CH<br \/>\n-Mod\u00e8le 2018 Face Lift\/ 1e immat.: 04\/2017<br \/>\n-EURO 6C 102g CO2<\/p>","protected":false},"excerpt":{"rendered":"<p>48.000km avec carnet d&#8217;entretien compl\u00e9t\u00e9 &#8211; Edition Limit\u00e9e \/**by Daimler** Pack Sport \/\/\/AMG &#8211; Etat : Show-room &#8211; Attelage remorque &#8211; Grand GPS-Professionnel 3D &#8211; Eclairage d&#8217;ambiance (64 couleurs et 10 th\u00e8mes) &#8211; Apple CarPlay &#8211; Boite Automatique \/ 9G-tronic+SPORT &#8211; Palettes de changement vitesses au volant &#8211; *Parking Automatique avec assistance* &#8211; Radars de [&hellip;]<\/p>\n","protected":false},"featured_media":3683,"comment_status":"open","ping_status":"closed","template":"","meta":[],"product_brand":[],"product_cat":[63],"product_tag":[],"class_list":{"0":"post-3682","1":"product","2":"type-product","3":"status-publish","4":"has-post-thumbnail","6":"product_cat-mercedes-benz","8":"first","9":"instock","10":"shipping-taxable","11":"purchasable","12":"product-type-simple"},"_links":{"self":[{"href":"https:\/\/corsaire-auto35.com\/auto\/wp-json\/wp\/v2\/product\/3682","targetHints":{"allow":["GET"]}}],"collection":[{"href":"https:\/\/corsaire-auto35.com\/auto\/wp-json\/wp\/v2\/product"}],"about":[{"href":"https:\/\/corsaire-auto35.com\/auto\/wp-json\/wp\/v2\/types\/product"}],"replies":[{"embeddable":true,"href":"https:\/\/corsaire-auto35.com\/auto\/wp-json\/wp\/v2\/comments?post=3682"}],"wp:featuredmedia":[{"embeddable":true,"href":"https:\/\/corsaire-auto35.com\/auto\/wp-json\/wp\/v2\/media\/3683"}],"wp:attachment":[{"href":"https:\/\/corsaire-auto35.com\/auto\/wp-json\/wp\/v2\/media?parent=3682"}],"wp:term":[{"taxonomy":"product_brand","embeddable":true,"href":"https:\/\/corsaire-auto35.com\/auto\/wp-json\/wp\/v2\/product_brand?post=3682"},{"taxonomy":"product_cat","embeddable":true,"href":"https:\/\/corsaire-auto35.com\/auto\/wp-json\/wp\/v2\/product_cat?post=3682"},{"taxonomy":"product_tag","embeddable":true,"href":"https:\/\/corsaire-auto35.com\/auto\/wp-json\/wp\/v2\/product_tag?post=3682"}],"curies":[{"name":"wp","href":"https:\/\/api.w.org\/{rel}","templated":true}]}}