{"id":3622,"date":"2024-07-03T17:58:52","date_gmt":"2024-07-03T17:58:52","guid":{"rendered":"https:\/\/corsaire-auto35.com\/?post_type=product&#038;p=3622"},"modified":"2024-07-03T17:58:52","modified_gmt":"2024-07-03T17:58:52","slug":"tesla-model-3","status":"publish","type":"product","link":"https:\/\/corsaire-auto35.com\/auto\/produto\/tesla-model-3\/","title":{"rendered":"Tesla Model 3"},"content":{"rendered":"<p>369kw 489CH<br \/>\nDual Motor Performance 4&#215;4*GARANTIE 4ans Tesla* Jantes 20p<\/p>\n<p>60.000km avec carnet d&#8217;entretien compl\u00e9t\u00e9 chez TESLA<\/p>\n<p>&#8211; \u00c9tat impeccable<br \/>\n&#8211; Voiture belge<br \/>\n-Premi\u00e8re immatriculation 06\/2019<\/p>\n<p>&#8211; CO2 : 0gr\/km<br \/>\n&#8211; D\u00e9ductible \u00e0 100%<\/p>\n<p>&#8211; Dual Motor Performance 75 kWh (4&#215;4) 2 Moteurs ind\u00e9pendants contr\u00f4lent num\u00e9riquement le couple sur les roues avant et arri\u00e8re<br \/>\n&#8211; Long Range (Autonomie 560 Kms- jusqu \u00e0 635kms)<\/p>\n<p>&#8211; Syst\u00e8me de Freinage Performance Sport Rouge<br \/>\n&#8211; Autopilot am\u00e9lior\u00e9 :<br \/>\n&#8211; Syst\u00e8me de navigation (GPS)<br \/>\n&#8211; Phares LED-<br \/>\n&#8211; Pilotage automatique :Permet \u00e0 votre v\u00e9hicule de tenir une trajectoire, d&#8217;acc\u00e9l\u00e9rer et de freiner pour vous si d&#8217;autres v\u00e9hicules ou pi\u00e9tons se trouvent dans sa voie.<br \/>\n-Reconnaissance et r\u00e9action aux feux de signalisation et aux panneaux stop<br \/>\n&#8211; R\u00e9gulateur de vitesse adaptatif<br \/>\n&#8211; Navigation en Autopilot &#8211;<br \/>\n&#8211; Changement de voie auto<br \/>\n&#8211; Parking auto<br \/>\n&#8211; Sortie auto<br \/>\n&#8211; Sortie auto intelligente<br \/>\n&#8211; Si\u00e8ges avant \u00e9lectriques r\u00e9glables 12 positions<br \/>\n&#8211; Si\u00e8ges chauffants \u00e0 l&#8217;avant et \u00e0 l&#8217;arri\u00e8re<br \/>\n&#8211; Suspension pneumatique<br \/>\n&#8211; Ouverture et d\u00e9marrage sans cl\u00e9<br \/>\n&#8211; -Musique en streaming PREMIUM Syst\u00e8me audio haut de gamme \u2013 14 haut-parleurs, 1 caisson de basse, 2 amplificateurs et son immersif<br \/>\n&#8211; \u00c9cran 15 pouces tactile<br \/>\n&#8211; Connectivit\u00e9 Standard (connexion Wifi) :Cartes satellite avec visualisation de la circulation en temps r\u00e9elMusique et multim\u00e9dia en streaming dans le v\u00e9hicule (Spotify)Vid\u00e9o en streaming Karaok\u00e9<br \/>\n&#8211; Navigateur Internet<br \/>\n&#8211; Cam\u00e9ra de recul avec capteurs 360\u00b0<br \/>\n&#8211; Vue cam\u00e9ra en direct<br \/>\n&#8211; Alerte de franchissement involontaire des lignes<br \/>\n&#8211; Freinage d&#8217;urgence automatique<br \/>\n&#8211; Avertisseur d&#8217;angles morts<br \/>\nMode sentinel :Fonctionnalit\u00e9 permettant de surveiller les activit\u00e9s suspectes autour de votre Tesla lorsqu&#8217;elle est stationn\u00e9e et verrouill\u00e9e<br \/>\n&#8211; Musique et multim\u00e9dia accessibles via Bluetooth<br \/>\n&#8211; DAB+<br \/>\n-Vid\u00e9o en streaming<br \/>\n-Caraoke<br \/>\n-Navigateur Internet<br \/>\n&#8211; Antibrouillards LED<br \/>\n&#8211; Toit en partie vitr\u00e9 teint\u00e9 avec protection infrarouge et ultraviolet<br \/>\n&#8211; R\u00e9troviseurs lat\u00e9raux chauffants et rabattables automatiquement<br \/>\n&#8211; Profils conducteurs personnalis\u00e9s<br \/>\n&#8211; Jantes 20&#8242; Noir<br \/>\n&#8211; Console centrale avec espace de rangement, 4 ports USB et recharge sans fil pour 2 smartphones<br \/>\n&#8211; Isofix<br \/>\n&#8211; Superchargeur :Paiement \u00e0 l&#8217;utilisation<\/p>\n<p>&#8211; Garantie constructeur Tesla :V\u00e9hicule de base jusqu&#8217;au 06\/2025 ou 80.000km<br \/>\nGarantie constructeur Tesla Sur Batterie et Motors (Groupe Motopropulseur) jusqu&#8217;au 06\/2027 ou 192.000 Kms<\/p>","protected":false},"excerpt":{"rendered":"<p>369kw 489CH Dual Motor Performance 4&#215;4*GARANTIE 4ans Tesla* Jantes 20p 60.000km avec carnet d&#8217;entretien compl\u00e9t\u00e9 chez TESLA &#8211; \u00c9tat impeccable &#8211; Voiture belge -Premi\u00e8re immatriculation 06\/2019 &#8211; CO2 : 0gr\/km &#8211; D\u00e9ductible \u00e0 100% &#8211; Dual Motor Performance 75 kWh (4&#215;4) 2 Moteurs ind\u00e9pendants contr\u00f4lent num\u00e9riquement le couple sur les roues avant et arri\u00e8re &#8211; [&hellip;]<\/p>\n","protected":false},"featured_media":3623,"comment_status":"open","ping_status":"closed","template":"","meta":[],"product_brand":[],"product_cat":[74],"product_tag":[],"class_list":{"0":"post-3622","1":"product","2":"type-product","3":"status-publish","4":"has-post-thumbnail","6":"product_cat-tesla","8":"first","9":"instock","10":"shipping-taxable","11":"purchasable","12":"product-type-simple"},"_links":{"self":[{"href":"https:\/\/corsaire-auto35.com\/auto\/wp-json\/wp\/v2\/product\/3622","targetHints":{"allow":["GET"]}}],"collection":[{"href":"https:\/\/corsaire-auto35.com\/auto\/wp-json\/wp\/v2\/product"}],"about":[{"href":"https:\/\/corsaire-auto35.com\/auto\/wp-json\/wp\/v2\/types\/product"}],"replies":[{"embeddable":true,"href":"https:\/\/corsaire-auto35.com\/auto\/wp-json\/wp\/v2\/comments?post=3622"}],"wp:featuredmedia":[{"embeddable":true,"href":"https:\/\/corsaire-auto35.com\/auto\/wp-json\/wp\/v2\/media\/3623"}],"wp:attachment":[{"href":"https:\/\/corsaire-auto35.com\/auto\/wp-json\/wp\/v2\/media?parent=3622"}],"wp:term":[{"taxonomy":"product_brand","embeddable":true,"href":"https:\/\/corsaire-auto35.com\/auto\/wp-json\/wp\/v2\/product_brand?post=3622"},{"taxonomy":"product_cat","embeddable":true,"href":"https:\/\/corsaire-auto35.com\/auto\/wp-json\/wp\/v2\/product_cat?post=3622"},{"taxonomy":"product_tag","embeddable":true,"href":"https:\/\/corsaire-auto35.com\/auto\/wp-json\/wp\/v2\/product_tag?post=3622"}],"curies":[{"name":"wp","href":"https:\/\/api.w.org\/{rel}","templated":true}]}}