{"id":3603,"date":"2024-07-03T17:34:04","date_gmt":"2024-07-03T17:34:04","guid":{"rendered":"https:\/\/corsaire-auto35.com\/?post_type=product&#038;p=3603"},"modified":"2024-07-03T17:34:04","modified_gmt":"2024-07-03T17:34:04","slug":"mercedes-benz-cla-250-linha-4-matic-amg-7g-dct","status":"publish","type":"product","link":"https:\/\/corsaire-auto35.com\/auto\/produto\/mercedes-benz-cla-250-linha-4-matic-amg-7g-dct\/","title":{"rendered":"Mercedes-Benz CLA 250 Linha 4-Matic AMG 7G-DCT"},"content":{"rendered":"<p>Principais caracter\u00edsticas:<br \/>\n&#8211; Ano do modelo: 05\/2019<br \/>\n&#8211; Quilometragem: 60.000 km<br \/>\n&#8211; Caixa de velocidades autom\u00e1tica<br \/>\n-Motor: Gasolina<br \/>\n&#8211; N\u00ba de vagas: 5 vagas<br \/>\n&#8211; Pot\u00eancia: 224 CV<br \/>\n&#8211; Deslocamento: 2 litros<br \/>\n&#8211; Emiss\u00e3o de CO2: 33 g\/km<br \/>\n&#8211; Transmiss\u00e3o: Tra\u00e7\u00e3o \u00e0s quatro rodas<\/p>","protected":false},"excerpt":{"rendered":"<p>Principais caracter\u00edsticas: &#8211; Ano do modelo: 05\/2019 &#8211; Quilometragem: 60.000 km &#8211; Caixa de velocidades autom\u00e1tica -Motor: Gasolina &#8211; N\u00ba de vagas: 5 vagas &#8211; Pot\u00eancia: 224 CV &#8211; Deslocamento: 2 litros &#8211; Emiss\u00e3o de CO2: 33 g\/km &#8211; Transmiss\u00e3o: Tra\u00e7\u00e3o \u00e0s quatro rodas<\/p>","protected":false},"featured_media":3604,"comment_status":"open","ping_status":"closed","template":"","meta":[],"product_brand":[],"product_cat":[63],"product_tag":[],"class_list":{"0":"post-3603","1":"product","2":"type-product","3":"status-publish","4":"has-post-thumbnail","6":"product_cat-mercedes-benz","8":"first","9":"instock","10":"shipping-taxable","11":"purchasable","12":"product-type-simple"},"_links":{"self":[{"href":"https:\/\/corsaire-auto35.com\/auto\/wp-json\/wp\/v2\/product\/3603","targetHints":{"allow":["GET"]}}],"collection":[{"href":"https:\/\/corsaire-auto35.com\/auto\/wp-json\/wp\/v2\/product"}],"about":[{"href":"https:\/\/corsaire-auto35.com\/auto\/wp-json\/wp\/v2\/types\/product"}],"replies":[{"embeddable":true,"href":"https:\/\/corsaire-auto35.com\/auto\/wp-json\/wp\/v2\/comments?post=3603"}],"wp:featuredmedia":[{"embeddable":true,"href":"https:\/\/corsaire-auto35.com\/auto\/wp-json\/wp\/v2\/media\/3604"}],"wp:attachment":[{"href":"https:\/\/corsaire-auto35.com\/auto\/wp-json\/wp\/v2\/media?parent=3603"}],"wp:term":[{"taxonomy":"product_brand","embeddable":true,"href":"https:\/\/corsaire-auto35.com\/auto\/wp-json\/wp\/v2\/product_brand?post=3603"},{"taxonomy":"product_cat","embeddable":true,"href":"https:\/\/corsaire-auto35.com\/auto\/wp-json\/wp\/v2\/product_cat?post=3603"},{"taxonomy":"product_tag","embeddable":true,"href":"https:\/\/corsaire-auto35.com\/auto\/wp-json\/wp\/v2\/product_tag?post=3603"}],"curies":[{"name":"wp","href":"https:\/\/api.w.org\/{rel}","templated":true}]}}