{"id":3535,"date":"2024-07-03T16:04:25","date_gmt":"2024-07-03T16:04:25","guid":{"rendered":"https:\/\/corsaire-auto35.com\/?post_type=product&#038;p=3535"},"modified":"2024-07-03T16:04:25","modified_gmt":"2024-07-03T16:04:25","slug":"peugeot-2008-allure-1-5-bluehdi-130-cv","status":"publish","type":"product","link":"https:\/\/corsaire-auto35.com\/auto\/produto\/peugeot-2008-allure-1-5-bluehdi-130-cv\/","title":{"rendered":"Peugeot 2008 Allure 1.5 BlueHDi 130 CV"},"content":{"rendered":"<p>Colocar em circula\u00e7\u00e3o: 2021<br \/>\n\u2705Quilometragem: 14.608 Km (certificado)<br \/>\n\u2705Energia: Diesel<br \/>\n\u2705Caixa de velocidades: Autom\u00e1tica<br \/>\n\u2705Pot\u00eancia: 130 HP<br \/>\n\u2705Volume do cilindro: 1,5 litros<br \/>\n\u2705Transmiss\u00e3o: Tra\u00e7\u00e3o dianteira<br \/>\n\u2705As fotos s\u00e3o contratuais<\/p>","protected":false},"excerpt":{"rendered":"<p>Colocar em circula\u00e7\u00e3o: 2021 \u2705Quilometragem: 14.608 Km (certificado) \u2705Energia: Diesel \u2705Caixa de velocidades: Autom\u00e1tica \u2705Pot\u00eancia: 130 HP \u2705Volume do cilindro: 1,5 litros \u2705Transmiss\u00e3o: Tra\u00e7\u00e3o dianteira \u2705As fotos s\u00e3o contratuais<\/p>","protected":false},"featured_media":3536,"comment_status":"open","ping_status":"closed","template":"","meta":[],"product_brand":[],"product_cat":[68],"product_tag":[],"class_list":{"0":"post-3535","1":"product","2":"type-product","3":"status-publish","4":"has-post-thumbnail","6":"product_cat-peugeot","8":"first","9":"instock","10":"shipping-taxable","11":"purchasable","12":"product-type-simple"},"_links":{"self":[{"href":"https:\/\/corsaire-auto35.com\/auto\/wp-json\/wp\/v2\/product\/3535","targetHints":{"allow":["GET"]}}],"collection":[{"href":"https:\/\/corsaire-auto35.com\/auto\/wp-json\/wp\/v2\/product"}],"about":[{"href":"https:\/\/corsaire-auto35.com\/auto\/wp-json\/wp\/v2\/types\/product"}],"replies":[{"embeddable":true,"href":"https:\/\/corsaire-auto35.com\/auto\/wp-json\/wp\/v2\/comments?post=3535"}],"wp:featuredmedia":[{"embeddable":true,"href":"https:\/\/corsaire-auto35.com\/auto\/wp-json\/wp\/v2\/media\/3536"}],"wp:attachment":[{"href":"https:\/\/corsaire-auto35.com\/auto\/wp-json\/wp\/v2\/media?parent=3535"}],"wp:term":[{"taxonomy":"product_brand","embeddable":true,"href":"https:\/\/corsaire-auto35.com\/auto\/wp-json\/wp\/v2\/product_brand?post=3535"},{"taxonomy":"product_cat","embeddable":true,"href":"https:\/\/corsaire-auto35.com\/auto\/wp-json\/wp\/v2\/product_cat?post=3535"},{"taxonomy":"product_tag","embeddable":true,"href":"https:\/\/corsaire-auto35.com\/auto\/wp-json\/wp\/v2\/product_tag?post=3535"}],"curies":[{"name":"wp","href":"https:\/\/api.w.org\/{rel}","templated":true}]}}