{"id":3489,"date":"2024-07-03T15:03:01","date_gmt":"2024-07-03T15:03:01","guid":{"rendered":"https:\/\/corsaire-auto35.com\/?post_type=product&#038;p=3489"},"modified":"2024-07-03T15:03:01","modified_gmt":"2024-07-03T15:03:01","slug":"bmw-2-0-da-sdrive-x-line-toit-panoramique","status":"publish","type":"product","link":"https:\/\/corsaire-auto35.com\/auto\/produto\/bmw-2-0-da-sdrive-x-line-toit-panoramique\/","title":{"rendered":"BMW 2.0 dA sDrive \/\/\/\/X-Line\/Toit Panoramique"},"content":{"rendered":"<p>94.000km avec carnet d\\&#8217;entretien compl\u00e9t\u00e9 chez BMW<br \/>\n&#8211; Edition Sp\u00e9ciale *SPORT \/\/\/X-Line<\/p>\n<p>&#8211; Etat : Show-room<br \/>\n&#8211; Face Lifte 2019<\/p>\n<ol>\n<li>&#8211; Attelage remorque electrique<br \/>\n&#8211; Eclairage d&#8217;ambiance<br \/>\n&#8211; Toit ouvrant\/Panaramique<br \/>\n&#8211; Grand GPS-Professionnel 3D Tactile<br \/>\n&#8211; Boite Automatique \/ Steptronic + fonction SPORT + Auto-Hold<br \/>\n&#8211; Volant multi-fonctionnes *Sport<br \/>\n&#8211; Si\u00e8ges en cuir<br \/>\n&#8211; Phares LED adaptatifs (Directionnels)<br \/>\n&#8211; T\u00e9l\u00e9phonie confort avec connectivit\u00e9 smartphone \u00e9tendue (Bluetooth)<br \/>\n&#8211; Park Distance Control avant et arri\u00e8re+ lat\u00e9raux<br \/>\n&#8211; Phares automatiques BMW Dynamic Full LED<br \/>\n&#8211; R\u00e9troviseurs + anti-\u00e9blouissement<br \/>\n&#8211; Chauffage auxiliaire = d\u00e9marrage du chauffage \u00e0 une heure programm\u00e9e (sans d\u00e9marrer la voiture)<br \/>\n&#8211; Reconnaissance vocale<br \/>\n&#8211; Ordinateur de bord<br \/>\n&#8211; Radio \/Bluetooth\/AUX\/USB<br \/>\n&#8211; Disque dur interne<br \/>\n&#8211; Climatisation automatique \u00e9lectronique 2zones<br \/>\n&#8211; Isofix (points d\\\\\\&#8217;ancrage des si\u00e8ges pour enfants)<br \/>\n&#8211; Banquette arri\u00e8re rabattable<br \/>\n&#8211; Non-fumeur<br \/>\n&#8211; Jantes 18p Sport<br \/>\n&#8211; Barres de toit<br \/>\n&#8211; Hayon arri\u00e8re : Ouverture automatique (t\u00e9l\u00e9commande) \/ Fermeture \u00e9lectronique (bouton de fermeture)<br \/>\n&#8211; X1 xDrive20dA \/ Diesel \/ 1995cc \/ 100KW \/ 136CH<br \/>\n&#8211; sDrive18\/ 4&#215;2<br \/>\n-Mod\u00e8le 2019\/ 1e immat.: 5\/2018<br \/>\n-EURO 6d TEMP -EV 121gCO2<\/li>\n<\/ol>","protected":false},"excerpt":{"rendered":"<p>94.000km avec carnet d\\&#8217;entretien compl\u00e9t\u00e9 chez BMW &#8211; Edition Sp\u00e9ciale *SPORT \/\/\/X-Line &#8211; Etat : Show-room &#8211; Face Lifte 2019 &#8211; Attelage remorque electrique &#8211; Eclairage d&#8217;ambiance &#8211; Toit ouvrant\/Panaramique &#8211; Grand GPS-Professionnel 3D Tactile &#8211; Boite Automatique \/ Steptronic + fonction SPORT + Auto-Hold &#8211; Volant multi-fonctionnes *Sport &#8211; Si\u00e8ges en cuir &#8211; Phares [&hellip;]<\/p>\n","protected":false},"featured_media":3490,"comment_status":"open","ping_status":"closed","template":"","meta":[],"product_brand":[],"product_cat":[41],"product_tag":[],"class_list":{"0":"post-3489","1":"product","2":"type-product","3":"status-publish","4":"has-post-thumbnail","6":"product_cat-bmw","8":"first","9":"instock","10":"shipping-taxable","11":"purchasable","12":"product-type-simple"},"_links":{"self":[{"href":"https:\/\/corsaire-auto35.com\/auto\/wp-json\/wp\/v2\/product\/3489","targetHints":{"allow":["GET"]}}],"collection":[{"href":"https:\/\/corsaire-auto35.com\/auto\/wp-json\/wp\/v2\/product"}],"about":[{"href":"https:\/\/corsaire-auto35.com\/auto\/wp-json\/wp\/v2\/types\/product"}],"replies":[{"embeddable":true,"href":"https:\/\/corsaire-auto35.com\/auto\/wp-json\/wp\/v2\/comments?post=3489"}],"wp:featuredmedia":[{"embeddable":true,"href":"https:\/\/corsaire-auto35.com\/auto\/wp-json\/wp\/v2\/media\/3490"}],"wp:attachment":[{"href":"https:\/\/corsaire-auto35.com\/auto\/wp-json\/wp\/v2\/media?parent=3489"}],"wp:term":[{"taxonomy":"product_brand","embeddable":true,"href":"https:\/\/corsaire-auto35.com\/auto\/wp-json\/wp\/v2\/product_brand?post=3489"},{"taxonomy":"product_cat","embeddable":true,"href":"https:\/\/corsaire-auto35.com\/auto\/wp-json\/wp\/v2\/product_cat?post=3489"},{"taxonomy":"product_tag","embeddable":true,"href":"https:\/\/corsaire-auto35.com\/auto\/wp-json\/wp\/v2\/product_tag?post=3489"}],"curies":[{"name":"wp","href":"https:\/\/api.w.org\/{rel}","templated":true}]}}