{"id":3432,"date":"2024-07-03T14:39:58","date_gmt":"2024-07-03T14:39:58","guid":{"rendered":"https:\/\/corsaire-auto35.com\/?post_type=product&#038;p=3432"},"modified":"2024-07-03T14:39:58","modified_gmt":"2024-07-03T14:39:58","slug":"mercedes-cla-180-essence-pack-amg","status":"publish","type":"product","link":"https:\/\/corsaire-auto35.com\/auto\/produto\/mercedes-cla-180-essence-pack-amg\/","title":{"rendered":"Mercedes CLA 180 Essence Pack \/\/\/AMG"},"content":{"rendered":"<p>54.000km avec carnet d&#8217;entretien compl\u00e9t\u00e9 &#8211; Edition Limit\u00e9e Pack Sport \/\/\/AMG<br \/>\n&#8211; Etat : Show-room<br \/>\n&#8211; Version Long<\/p>\n<p>&#8211; GPS 3D Navigation<br \/>\n&#8211; Boite Automatique \/ 7G-tronic+SPORT<br \/>\n&#8211; Palettes de changement vitesses au volant<br \/>\n&#8211; *Parking Automatique avec assistance*<br \/>\n+ Camera<br \/>\n-Connexion Internet +WIFI avec Satellite<br \/>\n&#8211; **Module de communication HERMES UMTS +Mercedes Me<br \/>\n-PREVENTION ASSIST PLUS, syst\u00e8me de pr\u00e9vention d&#8217;accident **Cruise control**<br \/>\n&#8211; Volant SPORT &#8211; AMG &#8211; multi-fonctionnes<br \/>\nEclairage d&#8217;ambiance (64 couleurs et 10 th\u00e8mes)<br \/>\n&#8211; Entre D\u00e9marrage de la voiture sans cl\u00e9 (Keyless)<br \/>\n&#8211; Ciel de toit en Noir<br \/>\n&#8211; Suspensions *SPORT\/\/\/AMG<br \/>\n&#8211; D\u00e9tecteur de lumi\u00e8re et de pluie<br \/>\n&#8211; Capteur de FATIGUE<br \/>\n&#8211; D\u00e9tecteur de lumi\u00e8re et de pluie<br \/>\n&#8211; Phares automatiques<br \/>\n&#8211; Phares automatiques Full+LED hautes performances<br \/>\n&#8211; R\u00e9troviseurs rabattables + anti-\u00e9blouissement<br \/>\n&#8211; Si\u00e8ges SPORT \/\/\/AMG en cuir + chauffants + Electrique +3Memoires<br \/>\n&#8211; Reconnaissance vocale<br \/>\n&#8211; Ordinateur de bord<br \/>\n&#8211; Radio CD\/DVD\/MP3\/Bluetooth\/AUX\/USB<br \/>\n&#8211; Connexion Bluetooth<br \/>\n&#8211; Climatisation automatique \u00e9lectronique<br \/>\n&#8211; Isofix (points d&#8217;ancrage des si\u00e8ges pour enfants)<br \/>\n&#8211; Banquette arri\u00e8re rabattable<br \/>\n&#8211; Vitres arri\u00e8res surteint\u00e9es<br \/>\n&#8211; Radars de recul \/ avant \/ lat\u00e9raux<br \/>\n&#8211; Jantes 18 p*SPORT\/\/\/AMG<br \/>\n&#8211; Mersedes CLA180 \/Essence \/1595 cc \/ 90 kW \/ 122CH<br \/>\n-Mod\u00e8le 2017 Face Lift\/ 1e immat.: 08\/2016<br \/>\n-EURO 6<\/p>","protected":false},"excerpt":{"rendered":"<p>54.000km avec carnet d&#8217;entretien compl\u00e9t\u00e9 &#8211; Edition Limit\u00e9e Pack Sport \/\/\/AMG &#8211; Etat : Show-room &#8211; Version Long &#8211; GPS 3D Navigation &#8211; Boite Automatique \/ 7G-tronic+SPORT &#8211; Palettes de changement vitesses au volant &#8211; *Parking Automatique avec assistance* + Camera -Connexion Internet +WIFI avec Satellite &#8211; **Module de communication HERMES UMTS +Mercedes Me -PREVENTION [&hellip;]<\/p>\n","protected":false},"featured_media":3433,"comment_status":"open","ping_status":"closed","template":"","meta":[],"product_brand":[],"product_cat":[63],"product_tag":[],"class_list":{"0":"post-3432","1":"product","2":"type-product","3":"status-publish","4":"has-post-thumbnail","6":"product_cat-mercedes-benz","8":"first","9":"instock","10":"shipping-taxable","11":"purchasable","12":"product-type-simple"},"_links":{"self":[{"href":"https:\/\/corsaire-auto35.com\/auto\/wp-json\/wp\/v2\/product\/3432","targetHints":{"allow":["GET"]}}],"collection":[{"href":"https:\/\/corsaire-auto35.com\/auto\/wp-json\/wp\/v2\/product"}],"about":[{"href":"https:\/\/corsaire-auto35.com\/auto\/wp-json\/wp\/v2\/types\/product"}],"replies":[{"embeddable":true,"href":"https:\/\/corsaire-auto35.com\/auto\/wp-json\/wp\/v2\/comments?post=3432"}],"wp:featuredmedia":[{"embeddable":true,"href":"https:\/\/corsaire-auto35.com\/auto\/wp-json\/wp\/v2\/media\/3433"}],"wp:attachment":[{"href":"https:\/\/corsaire-auto35.com\/auto\/wp-json\/wp\/v2\/media?parent=3432"}],"wp:term":[{"taxonomy":"product_brand","embeddable":true,"href":"https:\/\/corsaire-auto35.com\/auto\/wp-json\/wp\/v2\/product_brand?post=3432"},{"taxonomy":"product_cat","embeddable":true,"href":"https:\/\/corsaire-auto35.com\/auto\/wp-json\/wp\/v2\/product_cat?post=3432"},{"taxonomy":"product_tag","embeddable":true,"href":"https:\/\/corsaire-auto35.com\/auto\/wp-json\/wp\/v2\/product_tag?post=3432"}],"curies":[{"name":"wp","href":"https:\/\/api.w.org\/{rel}","templated":true}]}}