{"id":3400,"date":"2024-07-03T11:24:24","date_gmt":"2024-07-03T11:24:24","guid":{"rendered":"https:\/\/corsaire-auto35.com\/?post_type=product&#038;p=3400"},"modified":"2024-07-03T11:24:24","modified_gmt":"2024-07-03T11:24:24","slug":"volkswagen-polo-1-2i-coupe-sportclimatempomat","status":"publish","type":"product","link":"https:\/\/corsaire-auto35.com\/auto\/produto\/volkswagen-polo-1-2i-coupe-sportclimatempomat\/","title":{"rendered":"Volkswagen Polo 1.2i Coupe *SPORT*Clima*Tempomat"},"content":{"rendered":"<p>90.000 km avec carnet d\\&#8217;entretien compl\u00e9t\u00e9- Edition Sp\u00e9ciale* Edition Sport<br \/>\n&#8211; Etat : Show-room- Climatisation*- Volant multi-fonctionnes*Sport- Cruise control- D\u00e9tecteur de lumi\u00e8re et de pluie- Phares automatiques- R\u00e9troviseurs rabattables + anti-\u00e9blouissement &#8211; Si\u00e8ges Sport- Ordinateur de bord<\/p>\n<p>&#8211; Radio CD\/DVD\/MP3\/Bluetooth<br \/>\n&#8211; USB<br \/>\n&#8211; Connexion Bluetooth<br \/>\n&#8211; Climatisation automatique \u00e9lectronique<br \/>\n&#8211; Isofix<br \/>\n&#8211; Banquette arri\u00e8re rabattable<br \/>\n&#8211; Radars de recul<br \/>\n&#8211; Jantes 16 p SPORT*<br \/>\n&#8211; Indicateur changement de rapport (permet d\\&#8217;\u00e9conomiser beaucoup de carburant)<br \/>\n&#8211; Polo \/Essence\/ 1198cc \/ 51KW \/ 69CH<br \/>\n-Mod\u00e8le 2014\/ 1e immat.: 9\/2014<br \/>\n-EURO 6 \/ CO2=128g<\/p>","protected":false},"excerpt":{"rendered":"<p>90.000 km avec carnet d\\&#8217;entretien compl\u00e9t\u00e9- Edition Sp\u00e9ciale* Edition Sport &#8211; Etat : Show-room- Climatisation*- Volant multi-fonctionnes*Sport- Cruise control- D\u00e9tecteur de lumi\u00e8re et de pluie- Phares automatiques- R\u00e9troviseurs rabattables + anti-\u00e9blouissement &#8211; Si\u00e8ges Sport- Ordinateur de bord &#8211; Radio CD\/DVD\/MP3\/Bluetooth &#8211; USB &#8211; Connexion Bluetooth &#8211; Climatisation automatique \u00e9lectronique &#8211; Isofix &#8211; Banquette arri\u00e8re rabattable [&hellip;]<\/p>\n","protected":false},"featured_media":3401,"comment_status":"open","ping_status":"closed","template":"","meta":[],"product_brand":[],"product_cat":[76],"product_tag":[],"class_list":{"0":"post-3400","1":"product","2":"type-product","3":"status-publish","4":"has-post-thumbnail","6":"product_cat-volkswagen","8":"first","9":"instock","10":"shipping-taxable","11":"purchasable","12":"product-type-simple"},"_links":{"self":[{"href":"https:\/\/corsaire-auto35.com\/auto\/wp-json\/wp\/v2\/product\/3400","targetHints":{"allow":["GET"]}}],"collection":[{"href":"https:\/\/corsaire-auto35.com\/auto\/wp-json\/wp\/v2\/product"}],"about":[{"href":"https:\/\/corsaire-auto35.com\/auto\/wp-json\/wp\/v2\/types\/product"}],"replies":[{"embeddable":true,"href":"https:\/\/corsaire-auto35.com\/auto\/wp-json\/wp\/v2\/comments?post=3400"}],"wp:featuredmedia":[{"embeddable":true,"href":"https:\/\/corsaire-auto35.com\/auto\/wp-json\/wp\/v2\/media\/3401"}],"wp:attachment":[{"href":"https:\/\/corsaire-auto35.com\/auto\/wp-json\/wp\/v2\/media?parent=3400"}],"wp:term":[{"taxonomy":"product_brand","embeddable":true,"href":"https:\/\/corsaire-auto35.com\/auto\/wp-json\/wp\/v2\/product_brand?post=3400"},{"taxonomy":"product_cat","embeddable":true,"href":"https:\/\/corsaire-auto35.com\/auto\/wp-json\/wp\/v2\/product_cat?post=3400"},{"taxonomy":"product_tag","embeddable":true,"href":"https:\/\/corsaire-auto35.com\/auto\/wp-json\/wp\/v2\/product_tag?post=3400"}],"curies":[{"name":"wp","href":"https:\/\/api.w.org\/{rel}","templated":true}]}}