{"id":3338,"date":"2024-07-03T10:54:57","date_gmt":"2024-07-03T10:54:57","guid":{"rendered":"https:\/\/corsaire-auto35.com\/?post_type=product&#038;p=3338"},"modified":"2024-07-03T10:54:57","modified_gmt":"2024-07-03T10:54:57","slug":"bmw-318d-gt-pack-sport","status":"publish","type":"product","link":"https:\/\/corsaire-auto35.com\/auto\/produto\/bmw-318d-gt-pack-sport\/","title":{"rendered":"BMW 318d GT Pack Sport"},"content":{"rendered":"<p>47.000 km ** avec carnet d&#8217;entretien compl\u00e9t\u00e9- Edition Sp\u00e9ciale*Pack SPORT<br \/>\n&#8211; Etat : Show-room- GPS 3D \/*ConnectedDrive<br \/>\n+ D\u00e9tection des panneaux routiers<br \/>\n&#8211; Boite Automatique SPORT<br \/>\n&#8211; NAVIGATION GPS 3D<br \/>\n&#8211; Volant multi-fonctionnes **Pack SPORT<br \/>\n&#8211; Ciel de toit NOIR &#8211; Pack-M<br \/>\n&#8211; Radars de recul<br \/>\n&#8211; D\u00e9tecteur de lumi\u00e8re et de pluie<br \/>\n&#8211; Phares automatiques XENON+LED<br \/>\n&#8211; R\u00e9troviseurs rabattables + anti-\u00e9blouissement<br \/>\n&#8211; Mode de conduite : Confort, Auto: Eco, Normale, SPORT<br \/>\n&#8211; Si\u00e8ges *SPORT *en cuir<br \/>\n&#8211; Chauffage auxiliaire = d\u00e9marrage du chauffage \u00e0 une heure programm\u00e9e (sans d\u00e9marrer la voiture)<br \/>\n&#8211; Reconnaissance vocale<br \/>\n&#8211; Radio CD\/MP3\/Bluetooth\/AUX\/USB<br \/>\n&#8211; Musique de haute qualit\u00e9 :BMW<br \/>\n&#8211; Connexion Bluetooth<br \/>\n&#8211; Climatisation 2-ZONE automatique<br \/>\n&#8211; Banquette arri\u00e8re rabattable<br \/>\n&#8211; Non-fumeur<br \/>\n&#8211; Vitres arri\u00e8res surteint\u00e9es<br \/>\n&#8211; Jantes 18p Pack SPORT<br \/>\n&#8211; Hayon arri\u00e8re : Ouverture automatique (t\u00e9l\u00e9commande) \/ Fermeture \u00e9lectronique (bouton de fermeture)<br \/>\n-318Da8 \/Gran Turismo\/ 100KW \/ 136CH<br \/>\n-Mod\u00e8le 2016\/ 1e immat.:01\/2015<br \/>\n-EURO 6 \/ CO2=127g*<\/p>","protected":false},"excerpt":{"rendered":"<p>47.000 km ** avec carnet d&#8217;entretien compl\u00e9t\u00e9- Edition Sp\u00e9ciale*Pack SPORT &#8211; Etat : Show-room- GPS 3D \/*ConnectedDrive + D\u00e9tection des panneaux routiers &#8211; Boite Automatique SPORT &#8211; NAVIGATION GPS 3D &#8211; Volant multi-fonctionnes **Pack SPORT &#8211; Ciel de toit NOIR &#8211; Pack-M &#8211; Radars de recul &#8211; D\u00e9tecteur de lumi\u00e8re et de pluie &#8211; Phares [&hellip;]<\/p>\n","protected":false},"featured_media":3339,"comment_status":"open","ping_status":"closed","template":"","meta":[],"product_brand":[],"product_cat":[41],"product_tag":[],"class_list":{"0":"post-3338","1":"product","2":"type-product","3":"status-publish","4":"has-post-thumbnail","6":"product_cat-bmw","8":"first","9":"instock","10":"shipping-taxable","11":"purchasable","12":"product-type-simple"},"_links":{"self":[{"href":"https:\/\/corsaire-auto35.com\/auto\/wp-json\/wp\/v2\/product\/3338","targetHints":{"allow":["GET"]}}],"collection":[{"href":"https:\/\/corsaire-auto35.com\/auto\/wp-json\/wp\/v2\/product"}],"about":[{"href":"https:\/\/corsaire-auto35.com\/auto\/wp-json\/wp\/v2\/types\/product"}],"replies":[{"embeddable":true,"href":"https:\/\/corsaire-auto35.com\/auto\/wp-json\/wp\/v2\/comments?post=3338"}],"wp:featuredmedia":[{"embeddable":true,"href":"https:\/\/corsaire-auto35.com\/auto\/wp-json\/wp\/v2\/media\/3339"}],"wp:attachment":[{"href":"https:\/\/corsaire-auto35.com\/auto\/wp-json\/wp\/v2\/media?parent=3338"}],"wp:term":[{"taxonomy":"product_brand","embeddable":true,"href":"https:\/\/corsaire-auto35.com\/auto\/wp-json\/wp\/v2\/product_brand?post=3338"},{"taxonomy":"product_cat","embeddable":true,"href":"https:\/\/corsaire-auto35.com\/auto\/wp-json\/wp\/v2\/product_cat?post=3338"},{"taxonomy":"product_tag","embeddable":true,"href":"https:\/\/corsaire-auto35.com\/auto\/wp-json\/wp\/v2\/product_tag?post=3338"}],"curies":[{"name":"wp","href":"https:\/\/api.w.org\/{rel}","templated":true}]}}