{"id":3318,"date":"2024-07-03T10:40:32","date_gmt":"2024-07-03T10:40:32","guid":{"rendered":"https:\/\/corsaire-auto35.com\/?post_type=product&#038;p=3318"},"modified":"2024-07-03T10:40:32","modified_gmt":"2024-07-03T10:40:32","slug":"mini-one-d-1-6-d-full-option-climcuir-boost","status":"publish","type":"product","link":"https:\/\/corsaire-auto35.com\/auto\/produto\/mini-one-d-1-6-d-full-option-climcuir-boost\/","title":{"rendered":"MINI One D 1.6 D *Full Option\/Clim*Cuir\/BOOST"},"content":{"rendered":"<p>160.000 km avec carnet d\u2019entretien compl\u00e9t\u00e9- Edition Sp\u00e9ciale *SPORT- Etat : Show-room- Musique de haute qualit\u00e9 : BOOST- Si\u00e8ges SPORT en cuir biton Rouge et Noir- Volant SPOR multi-fonctionnes- Bo\u00eete manuelle 6 vitesses +SPORT- Cruise control- D\u00e9tecteur de lumi\u00e8re et de pluie- Radio CD\/MP3\/Bluetooth\/AUX- Reconnaissance vocale<br \/>\n&#8211; Phares automatiques<br \/>\n&#8211; Isofix (points d\\&#8217;ancrage des si\u00e8ges pour enfants)<br \/>\n&#8211; R\u00e9troviseurs anti-\u00e9blouissement<br \/>\n&#8211; Climatisation automatique \u00e9lectronique<br \/>\n&#8211; Connexion Bluetooth<br \/>\n&#8211; Jantes 15 p<br \/>\n&#8211; Non-fumeur<br \/>\n&#8211; Radars de recul<br \/>\n-Cooper D \/ Diesel \/ 1598cc \/ 66KW \/ 90CH<br \/>\n-Mod\u00e8le 2012*\/ 1e immat.: 02\/2011<br \/>\n-EURO 5 \/ CO2=105g<\/p>","protected":false},"excerpt":{"rendered":"<p>160.000 km avec carnet d\u2019entretien compl\u00e9t\u00e9- Edition Sp\u00e9ciale *SPORT- Etat : Show-room- Musique de haute qualit\u00e9 : BOOST- Si\u00e8ges SPORT en cuir biton Rouge et Noir- Volant SPOR multi-fonctionnes- Bo\u00eete manuelle 6 vitesses +SPORT- Cruise control- D\u00e9tecteur de lumi\u00e8re et de pluie- Radio CD\/MP3\/Bluetooth\/AUX- Reconnaissance vocale &#8211; Phares automatiques &#8211; Isofix (points d\\&#8217;ancrage des si\u00e8ges [&hellip;]<\/p>\n","protected":false},"featured_media":3319,"comment_status":"open","ping_status":"closed","template":"","meta":[],"product_brand":[],"product_cat":[64],"product_tag":[],"class_list":{"0":"post-3318","1":"product","2":"type-product","3":"status-publish","4":"has-post-thumbnail","6":"product_cat-mini","8":"first","9":"instock","10":"shipping-taxable","11":"purchasable","12":"product-type-simple"},"_links":{"self":[{"href":"https:\/\/corsaire-auto35.com\/auto\/wp-json\/wp\/v2\/product\/3318","targetHints":{"allow":["GET"]}}],"collection":[{"href":"https:\/\/corsaire-auto35.com\/auto\/wp-json\/wp\/v2\/product"}],"about":[{"href":"https:\/\/corsaire-auto35.com\/auto\/wp-json\/wp\/v2\/types\/product"}],"replies":[{"embeddable":true,"href":"https:\/\/corsaire-auto35.com\/auto\/wp-json\/wp\/v2\/comments?post=3318"}],"wp:featuredmedia":[{"embeddable":true,"href":"https:\/\/corsaire-auto35.com\/auto\/wp-json\/wp\/v2\/media\/3319"}],"wp:attachment":[{"href":"https:\/\/corsaire-auto35.com\/auto\/wp-json\/wp\/v2\/media?parent=3318"}],"wp:term":[{"taxonomy":"product_brand","embeddable":true,"href":"https:\/\/corsaire-auto35.com\/auto\/wp-json\/wp\/v2\/product_brand?post=3318"},{"taxonomy":"product_cat","embeddable":true,"href":"https:\/\/corsaire-auto35.com\/auto\/wp-json\/wp\/v2\/product_cat?post=3318"},{"taxonomy":"product_tag","embeddable":true,"href":"https:\/\/corsaire-auto35.com\/auto\/wp-json\/wp\/v2\/product_tag?post=3318"}],"curies":[{"name":"wp","href":"https:\/\/api.w.org\/{rel}","templated":true}]}}