{"id":3276,"date":"2024-07-03T09:33:54","date_gmt":"2024-07-03T09:33:54","guid":{"rendered":"https:\/\/corsaire-auto35.com\/?post_type=product&#038;p=3276"},"modified":"2024-07-03T09:33:54","modified_gmt":"2024-07-03T09:33:54","slug":"audi-a4-s-line-de-2021-full-option","status":"publish","type":"product","link":"https:\/\/corsaire-auto35.com\/auto\/produto\/audi-a4-s-line-de-2021-full-option\/","title":{"rendered":"Audi A4 S-Line de 2021 Full option"},"content":{"rendered":"<blockquote><p>17.000 km avec carnet d&#8217;entretien compl\u00e9t\u00e9<\/p><\/blockquote>\n<p>&#8211; Edition Sp\u00e9ciale \/S-Line\/Full option<br \/>\n&#8211; Etat : Show-room<\/p>\n<p>&#8211; Pack Exterieur\/int\u00e9rieur S-Line :<br \/>\n-Volant Sport S-Line multi-fonctions avec partie basse aplatie<br \/>\n&#8211; Palettes au volant<\/p>\n<p>&#8211; Virtual Cockpit- Grand Ecran<br \/>\n&#8211; Grand GPS MMI-Professionnel 3D<br \/>\n&#8211; WiFi<br \/>\n&#8211; Apple CarPlay<br \/>\n&#8211; Android CarPlay<br \/>\n&#8211; Bo\u00eete de vitesse automatique S-Tronic \u00e0 9 rapports<br \/>\n&#8211; Audi Drive Select Suspensions r\u00e9glables : Confort, Auto, Dynamique, Individual SPORT<br \/>\n&#8211; Cruise control avec fonction de freinage<br \/>\n&#8211; Acc\u00e8s confort (Ouverture et d\u00e9marrage sans cl\u00e9)KeLesGO<br \/>\n&#8211; R\u00e9troviseurs ext\u00e9rieurs rabattables \u00e9lectriquement<br \/>\n&#8211; Park Distance Control avant et arri\u00e8re+ lat\u00e9raux &#8211;<br \/>\n&#8211; Inserts de d\u00e9coration en Aluminium Bross\u00e9<br \/>\n&#8211; \u00c9clairage d\u2019ambiance<br \/>\n&#8211; Audi Phone Box (Chargement \u00e0 induction)<br \/>\n&#8211; Cam\u00e9ra+Parking Automatique avec assistance*<br \/>\n&#8211; Climatisation automatique \u00e9lectronique 2 zones<br \/>\n&#8211; Si\u00e8ges Sport S-Line + chauffants<br \/>\n&#8211; D\u00e9tecteur de lumi\u00e8re et de pluie<br \/>\n&#8211; Phares Directionnel Full LED<br \/>\n&#8211; T\u00e9l\u00e9phonie confort avec connectivit\u00e9 smartphone \u00e9tendue (Bluetooth)<br \/>\n&#8211; R\u00e9troviseurs rabattables + anti-\u00e9blouissement<br \/>\n&#8211; Reconnaissance vocale<br \/>\n&#8211; Radio DAB \/Bluetooth\/AUX<br \/>\n&#8211; Carte 2X SD + SIM<br \/>\n&#8211; Isofix<br \/>\n&#8211; Banquette arri\u00e8re rabattable<br \/>\n&#8211; Non-fumeur<br \/>\n&#8211; Hayon arri\u00e8re : Ouverture automatique (t\u00e9l\u00e9commande)<br \/>\n-A4 35 TFSI \/ 1984cc Essence\/ \/110KW \/ 150CH<br \/>\n-EURO 6d TEMP<br \/>\n-Mod\u00e8le 2022\/ 1e immat.: 05\/2021<\/p>","protected":false},"excerpt":{"rendered":"<p>17.000 km avec carnet d&#8217;entretien compl\u00e9t\u00e9 &#8211; Edition Sp\u00e9ciale \/S-Line\/Full option &#8211; Etat : Show-room &#8211; Pack Exterieur\/int\u00e9rieur S-Line : -Volant Sport S-Line multi-fonctions avec partie basse aplatie &#8211; Palettes au volant &#8211; Virtual Cockpit- Grand Ecran &#8211; Grand GPS MMI-Professionnel 3D &#8211; WiFi &#8211; Apple CarPlay &#8211; Android CarPlay &#8211; Bo\u00eete de vitesse automatique [&hellip;]<\/p>\n","protected":false},"featured_media":3277,"comment_status":"open","ping_status":"closed","template":"","meta":[],"product_brand":[],"product_cat":[44],"product_tag":[],"class_list":{"0":"post-3276","1":"product","2":"type-product","3":"status-publish","4":"has-post-thumbnail","6":"product_cat-audi","8":"first","9":"instock","10":"shipping-taxable","11":"purchasable","12":"product-type-simple"},"_links":{"self":[{"href":"https:\/\/corsaire-auto35.com\/auto\/wp-json\/wp\/v2\/product\/3276","targetHints":{"allow":["GET"]}}],"collection":[{"href":"https:\/\/corsaire-auto35.com\/auto\/wp-json\/wp\/v2\/product"}],"about":[{"href":"https:\/\/corsaire-auto35.com\/auto\/wp-json\/wp\/v2\/types\/product"}],"replies":[{"embeddable":true,"href":"https:\/\/corsaire-auto35.com\/auto\/wp-json\/wp\/v2\/comments?post=3276"}],"wp:featuredmedia":[{"embeddable":true,"href":"https:\/\/corsaire-auto35.com\/auto\/wp-json\/wp\/v2\/media\/3277"}],"wp:attachment":[{"href":"https:\/\/corsaire-auto35.com\/auto\/wp-json\/wp\/v2\/media?parent=3276"}],"wp:term":[{"taxonomy":"product_brand","embeddable":true,"href":"https:\/\/corsaire-auto35.com\/auto\/wp-json\/wp\/v2\/product_brand?post=3276"},{"taxonomy":"product_cat","embeddable":true,"href":"https:\/\/corsaire-auto35.com\/auto\/wp-json\/wp\/v2\/product_cat?post=3276"},{"taxonomy":"product_tag","embeddable":true,"href":"https:\/\/corsaire-auto35.com\/auto\/wp-json\/wp\/v2\/product_tag?post=3276"}],"curies":[{"name":"wp","href":"https:\/\/api.w.org\/{rel}","templated":true}]}}