{"id":3244,"date":"2024-07-03T09:01:40","date_gmt":"2024-07-03T09:01:40","guid":{"rendered":"https:\/\/corsaire-auto35.com\/?post_type=product&#038;p=3244"},"modified":"2024-07-03T09:01:40","modified_gmt":"2024-07-03T09:01:40","slug":"audi-q5-tdi","status":"publish","type":"product","link":"https:\/\/corsaire-auto35.com\/auto\/produto\/audi-q5-tdi\/","title":{"rendered":"AUDI Q5 TDI"},"content":{"rendered":"<p>&#8211; Ano do modelo: 12\/2017<br \/>\n&#8211; Quilometragem: 26.990 km<br \/>\n&#8211; Caixa de velocidades autom\u00e1tica<br \/>\n&#8211; Motor: Diesel<br \/>\n&#8211; N\u00ba de vagas: 5 vagas<br \/>\n&#8211; Pot\u00eancia: 150 CV<br \/>\n&#8211; Deslocamento: 2 litros<br \/>\n&#8211; Emiss\u00e3o de CO2: 117 g\/km<br \/>\n&#8211; Transmiss\u00e3o: Tra\u00e7\u00e3o \u00e0s quatro rodas<\/p>","protected":false},"excerpt":{"rendered":"<p>&#8211; Ano do modelo: 12\/2017 &#8211; Quilometragem: 26.990 km &#8211; Caixa de velocidades autom\u00e1tica &#8211; Motor: Diesel &#8211; N\u00ba de vagas: 5 vagas &#8211; Pot\u00eancia: 150 CV &#8211; Deslocamento: 2 litros &#8211; Emiss\u00e3o de CO2: 117 g\/km &#8211; Transmiss\u00e3o: Tra\u00e7\u00e3o \u00e0s quatro rodas<\/p>","protected":false},"featured_media":3245,"comment_status":"open","ping_status":"closed","template":"","meta":[],"product_brand":[],"product_cat":[44],"product_tag":[],"class_list":{"0":"post-3244","1":"product","2":"type-product","3":"status-publish","4":"has-post-thumbnail","6":"product_cat-audi","8":"first","9":"instock","10":"shipping-taxable","11":"purchasable","12":"product-type-simple"},"_links":{"self":[{"href":"https:\/\/corsaire-auto35.com\/auto\/wp-json\/wp\/v2\/product\/3244","targetHints":{"allow":["GET"]}}],"collection":[{"href":"https:\/\/corsaire-auto35.com\/auto\/wp-json\/wp\/v2\/product"}],"about":[{"href":"https:\/\/corsaire-auto35.com\/auto\/wp-json\/wp\/v2\/types\/product"}],"replies":[{"embeddable":true,"href":"https:\/\/corsaire-auto35.com\/auto\/wp-json\/wp\/v2\/comments?post=3244"}],"wp:featuredmedia":[{"embeddable":true,"href":"https:\/\/corsaire-auto35.com\/auto\/wp-json\/wp\/v2\/media\/3245"}],"wp:attachment":[{"href":"https:\/\/corsaire-auto35.com\/auto\/wp-json\/wp\/v2\/media?parent=3244"}],"wp:term":[{"taxonomy":"product_brand","embeddable":true,"href":"https:\/\/corsaire-auto35.com\/auto\/wp-json\/wp\/v2\/product_brand?post=3244"},{"taxonomy":"product_cat","embeddable":true,"href":"https:\/\/corsaire-auto35.com\/auto\/wp-json\/wp\/v2\/product_cat?post=3244"},{"taxonomy":"product_tag","embeddable":true,"href":"https:\/\/corsaire-auto35.com\/auto\/wp-json\/wp\/v2\/product_tag?post=3244"}],"curies":[{"name":"wp","href":"https:\/\/api.w.org\/{rel}","templated":true}]}}