{"id":3208,"date":"2024-07-03T08:27:04","date_gmt":"2024-07-03T08:27:04","guid":{"rendered":"https:\/\/corsaire-auto35.com\/?post_type=product&#038;p=3208"},"modified":"2024-07-03T08:27:04","modified_gmt":"2024-07-03T08:27:04","slug":"bmw-320da-pack-m-sportive-et-elegante","status":"publish","type":"product","link":"https:\/\/corsaire-auto35.com\/auto\/produto\/bmw-320da-pack-m-sportive-et-elegante\/","title":{"rendered":"BMW 320da Pack M Sportive et \u00e9l\u00e9gante"},"content":{"rendered":"<p>73.000km avec carnet d&#8217;entretien compl\u00e9t\u00e9<\/p>\n<p>&#8211; Edition Sp\u00e9ciale *Pack \/\/M Perfomance<br \/>\n&#8211; Etat : Show-room<br \/>\n&#8211; Mod\u00e8le 2020\/ 1e immat.: 27\/11\/2019<br \/>\n&#8211; Attelage Remorque amovible<\/p>\n<p>&#8211; R\u00e9gulateur de vitesse adaptatif<br \/>\n&#8211; Pilotage automatique :Permet \u00e0 votre v\u00e9hicule de tenir une trajectoire, d&#8217;acc\u00e9l\u00e9rer et de freiner pour vous si d&#8217;autres v\u00e9hicules ou pi\u00e9tons se trouvent dans sa voie.<br \/>\n&#8211; Cam\u00e9ra de recul avec capteurs 360\u00b0<br \/>\n&#8211; Vue cam\u00e9ra en direct<br \/>\n&#8211; Alerte de franchissement involontaire des lignes<br \/>\n&#8211; Freinage d&#8217;urgence automatique<br \/>\n&#8211; Avertisseur d&#8217;angles morts<br \/>\n&#8211; Phares LASER adaptatifs (Directionnels)<br \/>\n&#8211; Grand GPS-Professionnel 3D<br \/>\n&#8211; Duble Grand Ecran<br \/>\n&#8211; Parking Automatique<br \/>\n&#8211; Eclairage ambiance<br \/>\n&#8211; Ch\u00e2ssis M adaptatif<br \/>\n&#8211; Direction Sport variable<br \/>\n&#8211; Apple CarPlay<br \/>\n+Ecran tactile<br \/>\n&#8211; KeylesGO Verrouillage centralise sans Cle<br \/>\n&#8211; Hotspot WiFI<br \/>\n&#8211; Boite Automatique \/ Steptronic + fonction SPORT + Auto-Hold<br \/>\n&#8211; Volant multi-fonctionnes * Pack-M*<br \/>\n&#8211; Si\u00e8ges *SPORT-CONFORT *en cuir + chauffants + \u00e9lectriques<br \/>\n&#8211; Avertisseur de sortie de voie<br \/>\n&#8211; Alerte de changement de voie<br \/>\n&#8211; Apel +Android Car Play<br \/>\n&#8211; T\u00e9l\u00e9phonie confort avec connectivit\u00e9 smartphone \u00e9tendue (Bluetooth)<br \/>\n&#8211; Park Distance Control avant et arri\u00e8re+ lat\u00e9raux<br \/>\n&#8211; Driving Assistant,<br \/>\n&#8211; D\u00e9tecteur de lumi\u00e8re et de pluie<br \/>\n&#8211; Hayon arri\u00e8re : Ouverture automatique (t\u00e9l\u00e9commande) \/ Fermeture \u00e9lectronique (bouton de fermeture)<br \/>\n&#8211; R\u00e9troviseurs + anti-\u00e9blouissement<br \/>\n&#8211; Chauffage auxiliaire = d\u00e9marrage du chauffage \u00e0 une heure programm\u00e9e (sans d\u00e9marrer la voiture)<br \/>\n&#8211; Reconnaissance vocale<br \/>\n&#8211; Radio\/Bluetooth\/AUX\/USB<br \/>\n&#8211; Disque dur interne<br \/>\n&#8211; Climatisation automatique \u00e9lectronique 3zones<br \/>\n&#8211; Isofix (points d&#8217;ancrage des si\u00e8ges pour enfants)<br \/>\n&#8211; Banquette arri\u00e8re rabattable<br \/>\n&#8211; Non-fumeur<br \/>\n&#8211; Jantes 19p<br \/>\n&#8211; Ciel de toit NOIR &#8211; Pack-Sport<br \/>\n&#8211; 320d \/ Diesel \/ 1995cc \/ 140KW \/ 90CH<br \/>\n-EURO 6b<\/p>","protected":false},"excerpt":{"rendered":"<p>73.000km avec carnet d&#8217;entretien compl\u00e9t\u00e9 &#8211; Edition Sp\u00e9ciale *Pack \/\/M Perfomance &#8211; Etat : Show-room &#8211; Mod\u00e8le 2020\/ 1e immat.: 27\/11\/2019 &#8211; Attelage Remorque amovible &#8211; R\u00e9gulateur de vitesse adaptatif &#8211; Pilotage automatique :Permet \u00e0 votre v\u00e9hicule de tenir une trajectoire, d&#8217;acc\u00e9l\u00e9rer et de freiner pour vous si d&#8217;autres v\u00e9hicules ou pi\u00e9tons se trouvent dans [&hellip;]<\/p>\n","protected":false},"featured_media":3210,"comment_status":"open","ping_status":"closed","template":"","meta":[],"product_brand":[],"product_cat":[41],"product_tag":[],"class_list":{"0":"post-3208","1":"product","2":"type-product","3":"status-publish","4":"has-post-thumbnail","6":"product_cat-bmw","8":"first","9":"instock","10":"shipping-taxable","11":"purchasable","12":"product-type-simple"},"_links":{"self":[{"href":"https:\/\/corsaire-auto35.com\/auto\/wp-json\/wp\/v2\/product\/3208","targetHints":{"allow":["GET"]}}],"collection":[{"href":"https:\/\/corsaire-auto35.com\/auto\/wp-json\/wp\/v2\/product"}],"about":[{"href":"https:\/\/corsaire-auto35.com\/auto\/wp-json\/wp\/v2\/types\/product"}],"replies":[{"embeddable":true,"href":"https:\/\/corsaire-auto35.com\/auto\/wp-json\/wp\/v2\/comments?post=3208"}],"wp:featuredmedia":[{"embeddable":true,"href":"https:\/\/corsaire-auto35.com\/auto\/wp-json\/wp\/v2\/media\/3210"}],"wp:attachment":[{"href":"https:\/\/corsaire-auto35.com\/auto\/wp-json\/wp\/v2\/media?parent=3208"}],"wp:term":[{"taxonomy":"product_brand","embeddable":true,"href":"https:\/\/corsaire-auto35.com\/auto\/wp-json\/wp\/v2\/product_brand?post=3208"},{"taxonomy":"product_cat","embeddable":true,"href":"https:\/\/corsaire-auto35.com\/auto\/wp-json\/wp\/v2\/product_cat?post=3208"},{"taxonomy":"product_tag","embeddable":true,"href":"https:\/\/corsaire-auto35.com\/auto\/wp-json\/wp\/v2\/product_tag?post=3208"}],"curies":[{"name":"wp","href":"https:\/\/api.w.org\/{rel}","templated":true}]}}