{"id":3170,"date":"2024-07-03T07:54:21","date_gmt":"2024-07-03T07:54:21","guid":{"rendered":"https:\/\/corsaire-auto35.com\/?post_type=product&#038;p=3170"},"modified":"2024-07-03T07:54:21","modified_gmt":"2024-07-03T07:54:21","slug":"porsche-macan-s-symbole-de-luxe-et-de-sportivite","status":"publish","type":"product","link":"https:\/\/corsaire-auto35.com\/auto\/produto\/porsche-macan-s-symbole-de-luxe-et-de-sportivite\/","title":{"rendered":"Porsche Macan S ,symbole de luxe et de sportivit\u00e9"},"content":{"rendered":"<p>85.000 km *avec carnet d&#8217;entretien complet<\/p>\n<p>&#8211; Etat : Show-room<br \/>\n&#8211; EDITION Special &#8211; Pack Sport Design<br \/>\n&#8211; 4Matic 4X4<\/p>\n<p>&#8211; Jantes 20p \/Porsche Turbo S +4- Nouveaux pneus<br \/>\n&#8211; Ciel de toit en Noir<br \/>\n&#8211; Grand GPS-Professionnel 3D\/Touche tactile<br \/>\n* &#8211; Detection des panneaux routiers<br \/>\n+Affichage multifonction,GPS sur ordinateur de bord<br \/>\n&#8211; Boite Automatique PDK\/ Tiptronic S<br \/>\n&#8211; Palettes de changement vitesses au volant<br \/>\n&#8211; Alerte de franchissement involontaire de lignes<br \/>\n&#8211; Mode SPORT<br \/>\n&#8211; Volant multi-fonctions \u00e0 3 branchesSPORT<br \/>\n&#8211; Cruise control<br \/>\n&#8211; Pare-soleil sur Portes<br \/>\n&#8211; Si\u00e8ges SPORTen cuir + chauffants + \u00e9lectriques avec 3 m\u00e9moire<br \/>\n+Soutien lombaire (4 directions) pour si\u00e8ges avant<br \/>\n&#8211; D\u00e9tecteur de lumi\u00e8re et de pluie<br \/>\n&#8211; Musique de haute qualit\u00e9 : Porsche<br \/>\n&#8211; Radio\/Bluetooth\/AUX\/USB<br \/>\n&#8211; Reconnaissance vocale<br \/>\n&#8211; Phares automatiques Full LED<br \/>\n&#8211; Isofix (points d\\\\&#8217;ancrage des si\u00e8ges pour enfants)<br \/>\n&#8211; R\u00e9troviseurs rabattables+ anti-\u00e9blouissement<br \/>\n&#8211; Climatisation automatique \u00e9lectronique<br \/>\n&#8211; Vitres arri\u00e8res surteint\u00e9es<br \/>\n&#8211; Connexion Bluetooth<br \/>\n&#8211; Banquette arri\u00e8re rabattable<br \/>\n&#8211; Hayon arri\u00e8re : Ouverture automatique (t\u00e9l\u00e9commande) \/ Fermeture \u00e9lectronique (bouton de fermeture)<br \/>\n&#8211; Non-fumeur<br \/>\n&#8211; Radars de recul \/ avant \/ lat\u00e9raux<br \/>\n&#8211; 3.0D \/ Diesel \/ 2967cc \/ 155KW \/ 211CH<br \/>\n-EURO 6d<br \/>\n-Mod\u00e8le 2017\/ 1e immat.: 03\/2016<\/p>","protected":false},"excerpt":{"rendered":"<p>85.000 km *avec carnet d&#8217;entretien complet &#8211; Etat : Show-room &#8211; EDITION Special &#8211; Pack Sport Design &#8211; 4Matic 4X4 &#8211; Jantes 20p \/Porsche Turbo S +4- Nouveaux pneus &#8211; Ciel de toit en Noir &#8211; Grand GPS-Professionnel 3D\/Touche tactile * &#8211; Detection des panneaux routiers +Affichage multifonction,GPS sur ordinateur de bord &#8211; Boite Automatique [&hellip;]<\/p>\n","protected":false},"featured_media":3172,"comment_status":"open","ping_status":"closed","template":"","meta":[],"product_brand":[],"product_cat":[69],"product_tag":[],"class_list":{"0":"post-3170","1":"product","2":"type-product","3":"status-publish","4":"has-post-thumbnail","6":"product_cat-porsche","8":"first","9":"instock","10":"shipping-taxable","11":"purchasable","12":"product-type-simple"},"_links":{"self":[{"href":"https:\/\/corsaire-auto35.com\/auto\/wp-json\/wp\/v2\/product\/3170","targetHints":{"allow":["GET"]}}],"collection":[{"href":"https:\/\/corsaire-auto35.com\/auto\/wp-json\/wp\/v2\/product"}],"about":[{"href":"https:\/\/corsaire-auto35.com\/auto\/wp-json\/wp\/v2\/types\/product"}],"replies":[{"embeddable":true,"href":"https:\/\/corsaire-auto35.com\/auto\/wp-json\/wp\/v2\/comments?post=3170"}],"wp:featuredmedia":[{"embeddable":true,"href":"https:\/\/corsaire-auto35.com\/auto\/wp-json\/wp\/v2\/media\/3172"}],"wp:attachment":[{"href":"https:\/\/corsaire-auto35.com\/auto\/wp-json\/wp\/v2\/media?parent=3170"}],"wp:term":[{"taxonomy":"product_brand","embeddable":true,"href":"https:\/\/corsaire-auto35.com\/auto\/wp-json\/wp\/v2\/product_brand?post=3170"},{"taxonomy":"product_cat","embeddable":true,"href":"https:\/\/corsaire-auto35.com\/auto\/wp-json\/wp\/v2\/product_cat?post=3170"},{"taxonomy":"product_tag","embeddable":true,"href":"https:\/\/corsaire-auto35.com\/auto\/wp-json\/wp\/v2\/product_tag?post=3170"}],"curies":[{"name":"wp","href":"https:\/\/api.w.org\/{rel}","templated":true}]}}