{"id":3073,"date":"2024-07-03T07:12:31","date_gmt":"2024-07-03T07:12:31","guid":{"rendered":"https:\/\/corsaire-auto35.com\/?post_type=product&#038;p=3073"},"modified":"2024-07-03T07:12:31","modified_gmt":"2024-07-03T07:12:31","slug":"volkswagen-tiguan-allspace-2-0-tdi-r-line-7placestoit-ouvrant","status":"publish","type":"product","link":"https:\/\/corsaire-auto35.com\/auto\/produto\/volkswagen-tiguan-allspace-2-0-tdi-r-line-7placestoit-ouvrant\/","title":{"rendered":"Volkswagen Tiguan Allspace 2.0 TDi *R-Line *7places*Toit Ouvrant"},"content":{"rendered":"<p>Edition Sp\u00e9ciale \/R-Line\/Full option<br \/>\n&#8211; Etat : Show-room<br \/>\n&#8211; Tiguan Allspace une version plus grande ***** 7 Places ******<br \/>\n&#8211; Attache remorque amovible electrique<\/p>\n<p style=\"text-align: left;\">&#8211; Pack R-Line Sport<br \/>\n&#8211; Volant Sport R-Line chauffants multi-fonctions avec partie basse aplatie<br \/>\n&#8211; Palettes au volant<br \/>\n&#8211; Grand Toit ouvrant \/ Panoramique<br \/>\n&#8211; Virtual Cockpit- Grand Ecran<br \/>\n&#8211; Grand GPS MMI-Professionnel 3D<br \/>\n&#8211; Cam\u00e9ra 360\u00b0<br \/>\n&#8211; WiFi<br \/>\n&#8211; Apple CarPlay<br \/>\n&#8211; Android CarPlay<br \/>\n&#8211; Bo\u00eete de vitesse automatique S-Tronic \u00e0 7 rapports<br \/>\n&#8211; VW Drive Select Suspensions r\u00e9glables : Confort, Auto, Dynamique, Individual SPORT<br \/>\n&#8211; Cruise control avec fonction de freinage<br \/>\n-** Vehicule Conduit toutes Seul gr\u00e2ce Marquage au Sol Possible de l\u00e2cher totalement Volant ***<br \/>\n&#8211; Acc\u00e8s confort (Ouverture et d\u00e9marrage sans cl\u00e9)KeLesGO<br \/>\n&#8211; R\u00e9troviseurs ext\u00e9rieurs rabattables \u00e9lectriquement<br \/>\n&#8211; Park Distance Control avant et arri\u00e8re+ lat\u00e9raux &#8212; Cam\u00e9ra 360\u00b0<br \/>\n&#8211; Inserts de d\u00e9coration en Aluminium Bross\u00e9<br \/>\n&#8211; \u00c9clairage d\u2019ambiance<br \/>\n&#8211; Audi Phone Box (Chargement \u00e0 induction)<br \/>\n&#8211; Cam\u00e9ra+Parking Automatique avec assistance*<br \/>\n&#8211; Climatisation automatique \u00e9lectronique 3 zones<br \/>\n&#8211; Si\u00e8ges Sport Electrique R-Line + chauffants + 3 Memoir<br \/>\n&#8211; D\u00e9tecteur de lumi\u00e8re et de pluie<br \/>\n&#8211; Phares Directionnel Full LED<br \/>\n&#8211; T\u00e9l\u00e9phonie confort avec connectivit\u00e9 smartphone \u00e9tendue (Bluetooth)<br \/>\n&#8211; R\u00e9troviseurs rabattables + anti-\u00e9blouissement<br \/>\n&#8211; Reconnaissance vocale<br \/>\n&#8211; Radio DAB \/Bluetooth\/AUX<br \/>\n&#8211; Carte 2X SD + SIM<br \/>\n&#8211; Isofix<br \/>\n&#8211; Banquette arri\u00e8re rabattable<br \/>\n&#8211; Non-fumeur<br \/>\n&#8211; Hayon arri\u00e8re : Ouverture automatique (t\u00e9l\u00e9commande)<br \/>\n&#8211; Petit frigo boite a gant<br \/>\n&#8211; VW Tiguan 2.0 TDI \/ 1968cc Diesel \/110KW \/ 150CH<br \/>\n-EURO 6d TEMP<br \/>\n&#8211; 1e immat.: 01\/2020<\/p>","protected":false},"excerpt":{"rendered":"<p>Edition Sp\u00e9ciale \/R-Line\/Full option &#8211; Etat : Show-room &#8211; Tiguan Allspace une version plus grande ***** 7 Places ****** &#8211; Attache remorque amovible electrique &#8211; Pack R-Line Sport &#8211; Volant Sport R-Line chauffants multi-fonctions avec partie basse aplatie &#8211; Palettes au volant &#8211; Grand Toit ouvrant \/ Panoramique &#8211; Virtual Cockpit- Grand Ecran &#8211; Grand [&hellip;]<\/p>\n","protected":false},"featured_media":3074,"comment_status":"open","ping_status":"closed","template":"","meta":[],"product_brand":[],"product_cat":[76],"product_tag":[],"class_list":{"0":"post-3073","1":"product","2":"type-product","3":"status-publish","4":"has-post-thumbnail","6":"product_cat-volkswagen","8":"first","9":"instock","10":"shipping-taxable","11":"purchasable","12":"product-type-simple"},"_links":{"self":[{"href":"https:\/\/corsaire-auto35.com\/auto\/wp-json\/wp\/v2\/product\/3073","targetHints":{"allow":["GET"]}}],"collection":[{"href":"https:\/\/corsaire-auto35.com\/auto\/wp-json\/wp\/v2\/product"}],"about":[{"href":"https:\/\/corsaire-auto35.com\/auto\/wp-json\/wp\/v2\/types\/product"}],"replies":[{"embeddable":true,"href":"https:\/\/corsaire-auto35.com\/auto\/wp-json\/wp\/v2\/comments?post=3073"}],"wp:featuredmedia":[{"embeddable":true,"href":"https:\/\/corsaire-auto35.com\/auto\/wp-json\/wp\/v2\/media\/3074"}],"wp:attachment":[{"href":"https:\/\/corsaire-auto35.com\/auto\/wp-json\/wp\/v2\/media?parent=3073"}],"wp:term":[{"taxonomy":"product_brand","embeddable":true,"href":"https:\/\/corsaire-auto35.com\/auto\/wp-json\/wp\/v2\/product_brand?post=3073"},{"taxonomy":"product_cat","embeddable":true,"href":"https:\/\/corsaire-auto35.com\/auto\/wp-json\/wp\/v2\/product_cat?post=3073"},{"taxonomy":"product_tag","embeddable":true,"href":"https:\/\/corsaire-auto35.com\/auto\/wp-json\/wp\/v2\/product_tag?post=3073"}],"curies":[{"name":"wp","href":"https:\/\/api.w.org\/{rel}","templated":true}]}}