{"id":3032,"date":"2024-07-03T06:55:51","date_gmt":"2024-07-03T06:55:51","guid":{"rendered":"https:\/\/corsaire-auto35.com\/?post_type=product&#038;p=3032"},"modified":"2024-07-03T06:55:51","modified_gmt":"2024-07-03T06:55:51","slug":"mercedes-glc-coupe-amg","status":"publish","type":"product","link":"https:\/\/corsaire-auto35.com\/auto\/produto\/mercedes-glc-coupe-amg\/","title":{"rendered":"Mercedes GLC Coupe AMG"},"content":{"rendered":"<p>47.000km avec carnet d&#8217;entretien compl\u00e9t\u00e9<\/p>\n<p>&#8211; Face Lift model 2022<br \/>\n&#8211; Edition Limit\u00e9e \/ Pack Sport \/\/\/AMG<br \/>\n&#8211; Etat : Show-room<\/p>\n<p>&#8211; Int\u00e9rieur AMG Line<br \/>\n&#8211; Ext\u00e9rieur AMG Line<br \/>\n&#8211; 4&#215;4 4-Matic<br \/>\n&#8211; Virtual Cockpit- Grand Ecran<br \/>\n&#8211; Grand GPS Navigation Professionnel 3D<br \/>\n&#8211; WiFi<br \/>\n&#8211; Apple CarPlay<br \/>\n&#8211; Android CarPlay<br \/>\n&#8211; Camera panoramique 360\u00b0<br \/>\n&#8211; Boite Automatique \/ 9G-tronic<br \/>\n&#8211; Palettes de changement vitesses au volant<br \/>\n&#8211; Cam\u00e9ra+Parking Automatique avec assistance<br \/>\n&#8211; Ciel de toit NOIR<br \/>\n&#8211; D\u00e9tecteur de panneaux de signalisation<br \/>\n&#8211; Autoradio num\u00e9rique (DAB)<br \/>\n&#8211; MBUX Syst\u00e8me multim\u00e9dia<br \/>\n&#8211; Climatisation automatique &#8220;Thermotronic&#8221;<br \/>\n&#8211; Connexion Internet +WIFI avec Satellite<br \/>\n&#8211; **Module de communication HERMES UMTS<br \/>\n&#8211; Fonction de d\u00e9marrage sans cl\u00e9 KEYLESS GO-COLLISION<br \/>\n-Drive Select Suspensions r\u00e9glables : Confort, Auto, Dynamique, Individual SPORT<br \/>\n&#8211; Distronic Plus et freins Pre-Safe<br \/>\n&#8211; PREVENTION ASSIST PLUS, syst\u00e8me de pr\u00e9vention d&#8217;accident **Cruise control**<br \/>\n&#8211; Volant SPORT &#8211; AMG &#8211; multi-fonctionnes<br \/>\n&#8211; Suspensions *SPORT\/\/\/AMG<br \/>\n&#8211; D\u00e9tecteur de lumi\u00e8re et de pluie<br \/>\n&#8211; Capteur de FATIGUE<br \/>\n&#8211; D\u00e9tecteur de lumi\u00e8re et de pluie<br \/>\n&#8211; Phares automatiques<br \/>\n&#8211; Phares automatiques Full+LED hautes performances<br \/>\n&#8211; R\u00e9troviseurs rabattables + anti-\u00e9blouissement<br \/>\n&#8211; Si\u00e8ges SPORT \/\/\/AMG en cuir + chauffants + Electrique<br \/>\n+Soutien lombaire (4 directions) pour si\u00e8ges avant<br \/>\n&#8211; Reconnaissance vocale<br \/>\n&#8211; RadioDVB\/USB<br \/>\n&#8211; Connexion Bluetooth<br \/>\n&#8211; Climatisation automatique \u00e9lectronique<br \/>\n&#8211; Isofix (points d&#8217;ancrage des si\u00e8ges pour enfants)<br \/>\n&#8211; Banquette arri\u00e8re rabattable<br \/>\n&#8211; Vitres arri\u00e8res surteint\u00e9es<br \/>\n&#8211; Radars de recul \/ avant \/ lat\u00e9raux +Camera<br \/>\n&#8211; Jantes 19 p*SPORT\/\/\/AMG<br \/>\n&#8211; GLC 200d \/Dieses \/ 1950 cc \/ 120KW \/ 163CH<br \/>\n&#8211; Mod\u00e8le 2022\/ 1e immat.: 09\/2021<br \/>\n&#8211; Euro 6d-ISC<\/p>","protected":false},"excerpt":{"rendered":"<p>47.000km avec carnet d&#8217;entretien compl\u00e9t\u00e9 &#8211; Face Lift model 2022 &#8211; Edition Limit\u00e9e \/ Pack Sport \/\/\/AMG &#8211; Etat : Show-room &#8211; Int\u00e9rieur AMG Line &#8211; Ext\u00e9rieur AMG Line &#8211; 4&#215;4 4-Matic &#8211; Virtual Cockpit- Grand Ecran &#8211; Grand GPS Navigation Professionnel 3D &#8211; WiFi &#8211; Apple CarPlay &#8211; Android CarPlay &#8211; Camera panoramique 360\u00b0 [&hellip;]<\/p>\n","protected":false},"featured_media":3033,"comment_status":"open","ping_status":"closed","template":"","meta":[],"product_brand":[],"product_cat":[63],"product_tag":[],"class_list":{"0":"post-3032","1":"product","2":"type-product","3":"status-publish","4":"has-post-thumbnail","6":"product_cat-mercedes-benz","8":"first","9":"instock","10":"shipping-taxable","11":"purchasable","12":"product-type-simple"},"_links":{"self":[{"href":"https:\/\/corsaire-auto35.com\/auto\/wp-json\/wp\/v2\/product\/3032","targetHints":{"allow":["GET"]}}],"collection":[{"href":"https:\/\/corsaire-auto35.com\/auto\/wp-json\/wp\/v2\/product"}],"about":[{"href":"https:\/\/corsaire-auto35.com\/auto\/wp-json\/wp\/v2\/types\/product"}],"replies":[{"embeddable":true,"href":"https:\/\/corsaire-auto35.com\/auto\/wp-json\/wp\/v2\/comments?post=3032"}],"wp:featuredmedia":[{"embeddable":true,"href":"https:\/\/corsaire-auto35.com\/auto\/wp-json\/wp\/v2\/media\/3033"}],"wp:attachment":[{"href":"https:\/\/corsaire-auto35.com\/auto\/wp-json\/wp\/v2\/media?parent=3032"}],"wp:term":[{"taxonomy":"product_brand","embeddable":true,"href":"https:\/\/corsaire-auto35.com\/auto\/wp-json\/wp\/v2\/product_brand?post=3032"},{"taxonomy":"product_cat","embeddable":true,"href":"https:\/\/corsaire-auto35.com\/auto\/wp-json\/wp\/v2\/product_cat?post=3032"},{"taxonomy":"product_tag","embeddable":true,"href":"https:\/\/corsaire-auto35.com\/auto\/wp-json\/wp\/v2\/product_tag?post=3032"}],"curies":[{"name":"wp","href":"https:\/\/api.w.org\/{rel}","templated":true}]}}