{"id":3007,"date":"2024-07-03T06:41:10","date_gmt":"2024-07-03T06:41:10","guid":{"rendered":"https:\/\/corsaire-auto35.com\/?post_type=product&#038;p=3007"},"modified":"2024-07-03T06:41:10","modified_gmt":"2024-07-03T06:41:10","slug":"bmw-x3-2-0da-pack-m-full-option","status":"publish","type":"product","link":"https:\/\/corsaire-auto35.com\/auto\/produto\/bmw-x3-2-0da-pack-m-full-option\/","title":{"rendered":"Bmw X3 2.0da Pack M Full option"},"content":{"rendered":"<p>110.000km avec carnet d\\&#8217;entretien compl\u00e9t\u00e9<\/p>\n<p>&#8211; Edition Sp\u00e9ciale Pack \/\/M Perfomance<br \/>\n&#8211; Etat : Show-room<\/p>\n<p>&#8211; Toit Ouvrant PANORAMIQUE<br \/>\n-Eclairage d&#8217;ambiance 64couleur<br \/>\n&#8211; Commande gestuelle Bmw<\/p>\n<p>&#8211; Jantes 20p M Pack-M* BMW Perfomance<br \/>\n* Pack \/\/M Perfomance<\/p>\n<p>&#8211; Si\u00e8ges *SPORT-CONFORT *en cuir + chauffants<br \/>\n&#8211; Grand GPS-Professionnel 3D Virtual Tactile<br \/>\n&#8211; Duble Grand Ecran<br \/>\n&#8211; WLAN Hotspot<br \/>\n&#8211; Parking Automatique<br \/>\n&#8211; Apple CarPlay<br \/>\n&#8211; Android CarPlay<br \/>\n&#8211; Cam\u00e9ra de recul<br \/>\n&#8211; Parking Automatique<br \/>\n&#8211; Cruise control avec fonction de freinage<br \/>\n&#8211; BMW syst\u00e8me de stationnement automatique<br \/>\n&#8211; Boite Automatique \/ Steptronic + fonction SPORT + Auto-Hold<br \/>\n&#8211; Palettes de changement vitesses au volant<br \/>\n&#8211; Volant multi-fonctionnes * Sport*Pack-M*<br \/>\n&#8211; Direction Sport variable<br \/>\n&#8211; Chargeure Smartphon INDUCTION<br \/>\n&#8211; Phares LED adaptatifs (Directionnels)<br \/>\n&#8211; T\u00e9l\u00e9phonie confort avec connectivit\u00e9 smartphone \u00e9tendue (Bluetooth)<br \/>\n&#8211; Park Distance Control avant et arri\u00e8re+ lat\u00e9raux<br \/>\n&#8211; D\u00e9tecteur de lumi\u00e8re et de pluie<br \/>\n&#8211; Phares automatiques BMW Dynamic Full LED<br \/>\n&#8211; R\u00e9troviseurs + anti-\u00e9blouissement<br \/>\n&#8211; Chauffage auxiliaire = d\u00e9marrage du chauffage \u00e0 une heure programm\u00e9e (sans d\u00e9marrer la voiture) Controle par Telecomande<br \/>\n&#8211; Reconnaissance vocale<br \/>\n&#8211; Radio\/Bluetooth\/AUX\/USB<br \/>\n&#8211; Disque dur interne<br \/>\n&#8211; Climatisation automatique \u00e9lectronique 3 zones<br \/>\n&#8211; Isofix (points d&#8217;ancrage des si\u00e8ges pour enfants)<br \/>\n&#8211; Banquette arri\u00e8re rabattable<br \/>\n&#8211; Barre toit Individ. Hochgl Shadow Line<br \/>\n&#8211; Non-fumeur<br \/>\n&#8211; Barres de toit<br \/>\n&#8211; Ciel de toit NOIR &#8211; Pack-M<br \/>\n&#8211; Vitrage teint\u00e9<br \/>\n&#8211; Connected Drive Services<br \/>\n&#8211; Hayon arri\u00e8re : Ouverture automatique (t\u00e9l\u00e9commande) \/ Fermeture \u00e9lectronique (bouton de fermeture)<br \/>\n&#8211; X3 2.0d \/ Diesel \/ 1995 cc \/ 110KW \/ 150CH<br \/>\n-Mod\u00e8le 2020\/ 1e immat.: 08\/2019<br \/>\n-EURO 6b<\/p>","protected":false},"excerpt":{"rendered":"<p>110.000km avec carnet d\\&#8217;entretien compl\u00e9t\u00e9 &#8211; Edition Sp\u00e9ciale Pack \/\/M Perfomance &#8211; Etat : Show-room &#8211; Toit Ouvrant PANORAMIQUE -Eclairage d&#8217;ambiance 64couleur &#8211; Commande gestuelle Bmw &#8211; Jantes 20p M Pack-M* BMW Perfomance * Pack \/\/M Perfomance &#8211; Si\u00e8ges *SPORT-CONFORT *en cuir + chauffants &#8211; Grand GPS-Professionnel 3D Virtual Tactile &#8211; Duble Grand Ecran &#8211; [&hellip;]<\/p>\n","protected":false},"featured_media":3008,"comment_status":"open","ping_status":"closed","template":"","meta":[],"product_brand":[],"product_cat":[41],"product_tag":[],"class_list":{"0":"post-3007","1":"product","2":"type-product","3":"status-publish","4":"has-post-thumbnail","6":"product_cat-bmw","8":"first","9":"instock","10":"shipping-taxable","11":"purchasable","12":"product-type-simple"},"_links":{"self":[{"href":"https:\/\/corsaire-auto35.com\/auto\/wp-json\/wp\/v2\/product\/3007","targetHints":{"allow":["GET"]}}],"collection":[{"href":"https:\/\/corsaire-auto35.com\/auto\/wp-json\/wp\/v2\/product"}],"about":[{"href":"https:\/\/corsaire-auto35.com\/auto\/wp-json\/wp\/v2\/types\/product"}],"replies":[{"embeddable":true,"href":"https:\/\/corsaire-auto35.com\/auto\/wp-json\/wp\/v2\/comments?post=3007"}],"wp:featuredmedia":[{"embeddable":true,"href":"https:\/\/corsaire-auto35.com\/auto\/wp-json\/wp\/v2\/media\/3008"}],"wp:attachment":[{"href":"https:\/\/corsaire-auto35.com\/auto\/wp-json\/wp\/v2\/media?parent=3007"}],"wp:term":[{"taxonomy":"product_brand","embeddable":true,"href":"https:\/\/corsaire-auto35.com\/auto\/wp-json\/wp\/v2\/product_brand?post=3007"},{"taxonomy":"product_cat","embeddable":true,"href":"https:\/\/corsaire-auto35.com\/auto\/wp-json\/wp\/v2\/product_cat?post=3007"},{"taxonomy":"product_tag","embeddable":true,"href":"https:\/\/corsaire-auto35.com\/auto\/wp-json\/wp\/v2\/product_tag?post=3007"}],"curies":[{"name":"wp","href":"https:\/\/api.w.org\/{rel}","templated":true}]}}