{"id":2938,"date":"2024-07-02T20:52:30","date_gmt":"2024-07-02T20:52:30","guid":{"rendered":"https:\/\/corsaire-auto35.com\/?post_type=product&#038;p=2938"},"modified":"2024-07-02T20:52:30","modified_gmt":"2024-07-02T20:52:30","slug":"bmw-serie-1-118i","status":"publish","type":"product","link":"https:\/\/corsaire-auto35.com\/auto\/produto\/bmw-serie-1-118i\/","title":{"rendered":"BMW S\u00e9rie 1 118i"},"content":{"rendered":"<p>Caracter\u00edsticas t\u00e9cnicas :<br \/>\n&#8211; Ano do modelo: 12\/2020<br \/>\n&#8211; Quilometragem: 135.900 km<br \/>\n&#8211; Caixa de velocidades autom\u00e1tica<br \/>\n-Motor: Gasolina<br \/>\n&#8211; N\u00ba de vagas: 5 vagas<br \/>\n&#8211; Pot\u00eancia: 140 CV<br \/>\n&#8211; Deslocamento: 1,5 litros<br \/>\n&#8211; Emiss\u00e3o de CO2: 112 g\/km<br \/>\n&#8211; Transmiss\u00e3o: Tra\u00e7\u00e3o dianteira<\/p>","protected":false},"excerpt":{"rendered":"<p>Caracter\u00edsticas t\u00e9cnicas : &#8211; Ano do modelo: 12\/2020 &#8211; Quilometragem: 135.900 km &#8211; Caixa de velocidades autom\u00e1tica -Motor: Gasolina &#8211; N\u00ba de vagas: 5 vagas &#8211; Pot\u00eancia: 140 CV &#8211; Deslocamento: 1,5 litros &#8211; Emiss\u00e3o de CO2: 112 g\/km &#8211; Transmiss\u00e3o: Tra\u00e7\u00e3o dianteira<\/p>","protected":false},"featured_media":2939,"comment_status":"open","ping_status":"closed","template":"","meta":[],"product_brand":[],"product_cat":[41],"product_tag":[],"class_list":{"0":"post-2938","1":"product","2":"type-product","3":"status-publish","4":"has-post-thumbnail","6":"product_cat-bmw","8":"first","9":"instock","10":"shipping-taxable","11":"purchasable","12":"product-type-simple"},"_links":{"self":[{"href":"https:\/\/corsaire-auto35.com\/auto\/wp-json\/wp\/v2\/product\/2938","targetHints":{"allow":["GET"]}}],"collection":[{"href":"https:\/\/corsaire-auto35.com\/auto\/wp-json\/wp\/v2\/product"}],"about":[{"href":"https:\/\/corsaire-auto35.com\/auto\/wp-json\/wp\/v2\/types\/product"}],"replies":[{"embeddable":true,"href":"https:\/\/corsaire-auto35.com\/auto\/wp-json\/wp\/v2\/comments?post=2938"}],"wp:featuredmedia":[{"embeddable":true,"href":"https:\/\/corsaire-auto35.com\/auto\/wp-json\/wp\/v2\/media\/2939"}],"wp:attachment":[{"href":"https:\/\/corsaire-auto35.com\/auto\/wp-json\/wp\/v2\/media?parent=2938"}],"wp:term":[{"taxonomy":"product_brand","embeddable":true,"href":"https:\/\/corsaire-auto35.com\/auto\/wp-json\/wp\/v2\/product_brand?post=2938"},{"taxonomy":"product_cat","embeddable":true,"href":"https:\/\/corsaire-auto35.com\/auto\/wp-json\/wp\/v2\/product_cat?post=2938"},{"taxonomy":"product_tag","embeddable":true,"href":"https:\/\/corsaire-auto35.com\/auto\/wp-json\/wp\/v2\/product_tag?post=2938"}],"curies":[{"name":"wp","href":"https:\/\/api.w.org\/{rel}","templated":true}]}}