{"id":2853,"date":"2024-07-02T18:18:02","date_gmt":"2024-07-02T18:18:02","guid":{"rendered":"https:\/\/corsaire-auto35.com\/?post_type=product&#038;p=2853"},"modified":"2024-07-02T18:18:02","modified_gmt":"2024-07-02T18:18:02","slug":"volkswagen-golf-2-0-tsi-245ch-bluemotion-tecnologia-gti-performance-bvm6","status":"publish","type":"product","link":"https:\/\/corsaire-auto35.com\/auto\/produto\/volkswagen-golf-2-0-tsi-245ch-bluemotion-tecnologia-gti-performance-bvm6\/","title":{"rendered":"Volkswagen Golf 2.0 TSI 245ch BlueMotion Tecnologia GTI Performance BVM6"},"content":{"rendered":"<p>A partir de 12\/2018 &#8211; 58.000kms.<br \/>\nEstofado em tecido xadrez preto\/preto com costura vermelha<br \/>\nTeto de abrir el\u00e9trico panor\u00e2mico \/ Jantes Brescia 19&#8221; \/ Apple Car Play e Android auto \/ Assist\u00eancia ao estacionamento dianteiro e traseiro + C\u00e2mara de marcha-atr\u00e1s \/ Detetor de \u00e2ngulo morto \/ far\u00f3is adaptativos \/ cruise control adaptativo \/ cockpit virtual&#8230;<\/p>","protected":false},"excerpt":{"rendered":"<p>A partir de 12\/2018 &#8211; 58.000kms. Estofado em tecido xadrez preto\/preto com costura vermelha Teto de abrir el\u00e9trico panor\u00e2mico \/ Jantes Brescia 19&#8221; \/ Apple Car Play e Android auto \/ Assist\u00eancia ao estacionamento dianteiro e traseiro + C\u00e2mara de marcha-atr\u00e1s \/ Detetor de \u00e2ngulo morto \/ far\u00f3is adaptativos \/ cruise control adaptativo \/ cockpit [&hellip;]<\/p>\n","protected":false},"featured_media":2854,"comment_status":"open","ping_status":"closed","template":"","meta":[],"product_brand":[],"product_cat":[76],"product_tag":[],"class_list":{"0":"post-2853","1":"product","2":"type-product","3":"status-publish","4":"has-post-thumbnail","6":"product_cat-volkswagen","8":"first","9":"instock","10":"shipping-taxable","11":"purchasable","12":"product-type-simple"},"_links":{"self":[{"href":"https:\/\/corsaire-auto35.com\/auto\/wp-json\/wp\/v2\/product\/2853","targetHints":{"allow":["GET"]}}],"collection":[{"href":"https:\/\/corsaire-auto35.com\/auto\/wp-json\/wp\/v2\/product"}],"about":[{"href":"https:\/\/corsaire-auto35.com\/auto\/wp-json\/wp\/v2\/types\/product"}],"replies":[{"embeddable":true,"href":"https:\/\/corsaire-auto35.com\/auto\/wp-json\/wp\/v2\/comments?post=2853"}],"wp:featuredmedia":[{"embeddable":true,"href":"https:\/\/corsaire-auto35.com\/auto\/wp-json\/wp\/v2\/media\/2854"}],"wp:attachment":[{"href":"https:\/\/corsaire-auto35.com\/auto\/wp-json\/wp\/v2\/media?parent=2853"}],"wp:term":[{"taxonomy":"product_brand","embeddable":true,"href":"https:\/\/corsaire-auto35.com\/auto\/wp-json\/wp\/v2\/product_brand?post=2853"},{"taxonomy":"product_cat","embeddable":true,"href":"https:\/\/corsaire-auto35.com\/auto\/wp-json\/wp\/v2\/product_cat?post=2853"},{"taxonomy":"product_tag","embeddable":true,"href":"https:\/\/corsaire-auto35.com\/auto\/wp-json\/wp\/v2\/product_tag?post=2853"}],"curies":[{"name":"wp","href":"https:\/\/api.w.org\/{rel}","templated":true}]}}