{"id":2816,"date":"2024-07-02T17:08:37","date_gmt":"2024-07-02T17:08:37","guid":{"rendered":"https:\/\/corsaire-auto35.com\/?post_type=product&#038;p=2816"},"modified":"2024-07-02T17:08:37","modified_gmt":"2024-07-02T17:08:37","slug":"audi-a6-35-tdi-2-0-diesel-edition-sport-s-tronic","status":"publish","type":"product","link":"https:\/\/corsaire-auto35.com\/auto\/produto\/audi-a6-35-tdi-2-0-diesel-edition-sport-s-tronic\/","title":{"rendered":"Audi A6 35 TDi ( 2.0 Diesel ) Edition Sport S-Tronic"},"content":{"rendered":"<p>60.000km Edition Sp\u00e9ciale\/SPORT Interieur S-Line\/Full option<br \/>\n&#8211; Etat : Show-room<br \/>\n&#8211; Attelage Remorque amovible<br \/>\n&#8211; Jantes 20 S-Line *4 Pneus Neufs*<br \/>\n&#8211; Pack int\u00e9rieur S-Line :<br \/>\n-Volant Sport S-Line multi-fonctions avec partie basse aplatie<br \/>\n&#8211; Palettes au volant<br \/>\n&#8211; Si\u00e8ges Sport S-Line<br \/>\n&#8211; Virtual Cockpit- Grand Ecran<br \/>\n&#8211; Grand GPS MMI-Professionnel 3D<br \/>\n&#8211; WiFi<br \/>\n&#8211; Apple CarPlay<br \/>\n&#8211; Android CarPlay<br \/>\n&#8211; Bo\u00eete de vitesse automatique S-Tronic \u00e0 9 rapports<br \/>\n&#8211; Audi Drive Select Suspensions r\u00e9glables : Confort, Auto, Dynamique, Individual SPORT<br \/>\n&#8211; Cruise control avec fonction de freinage<br \/>\n&#8211; Acc\u00e8s confort (Ouverture et d\u00e9marrage sans cl\u00e9)KeLesGO<br \/>\n&#8211; R\u00e9troviseurs ext\u00e9rieurs rabattables \u00e9lectriquement<br \/>\n&#8211; Park Distance Control avant et arri\u00e8re+ lat\u00e9raux &#8211;<br \/>\n&#8211; Parking Automatique avec assistance*<br \/>\n&#8211; Climatisation automatique \u00e9lectronique 3 zones+ARRIER<br \/>\n&#8211; D\u00e9tecteur de lumi\u00e8re et de pluie<br \/>\n&#8211; Phares Directionnel Full LED<br \/>\n&#8211; T\u00e9l\u00e9phonie confort avec connectivit\u00e9 smartphone \u00e9tendue (Bluetooth)<br \/>\n&#8211; R\u00e9troviseurs rabattables + anti-\u00e9blouissement<br \/>\n&#8211; Si\u00e8ges en cuir *S-Line + 3 Memoire<br \/>\n&#8211; Reconnaissance vocale<br \/>\n&#8211; Radio \/Bluetooth\/AUX<br \/>\n&#8211; Carte 2X SD + SIM<br \/>\n&#8211; Isofix<br \/>\n&#8211; Banquette arri\u00e8re rabattable<br \/>\n&#8211; Non-fumeur<br \/>\n&#8211; Hayon arri\u00e8re : Ouverture automatique (t\u00e9l\u00e9commande)<br \/>\n-A6 35TDI \/ 1968cc DIESEL\/ \/120KW \/ 163CH<br \/>\n-EURO 6d TEMP\/ CO2=104g<br \/>\n-Mod\u00e8le 2021\/ 1e immat.: 01\/2020<\/p>","protected":false},"excerpt":{"rendered":"<p>60.000km Edition Sp\u00e9ciale\/SPORT Interieur S-Line\/Full option &#8211; Etat : Show-room &#8211; Attelage Remorque amovible &#8211; Jantes 20 S-Line *4 Pneus Neufs* &#8211; Pack int\u00e9rieur S-Line : -Volant Sport S-Line multi-fonctions avec partie basse aplatie &#8211; Palettes au volant &#8211; Si\u00e8ges Sport S-Line &#8211; Virtual Cockpit- Grand Ecran &#8211; Grand GPS MMI-Professionnel 3D &#8211; WiFi &#8211; [&hellip;]<\/p>\n","protected":false},"featured_media":2817,"comment_status":"open","ping_status":"closed","template":"","meta":[],"product_brand":[],"product_cat":[44],"product_tag":[],"class_list":{"0":"post-2816","1":"product","2":"type-product","3":"status-publish","4":"has-post-thumbnail","6":"product_cat-audi","8":"first","9":"instock","10":"shipping-taxable","11":"purchasable","12":"product-type-simple"},"_links":{"self":[{"href":"https:\/\/corsaire-auto35.com\/auto\/wp-json\/wp\/v2\/product\/2816","targetHints":{"allow":["GET"]}}],"collection":[{"href":"https:\/\/corsaire-auto35.com\/auto\/wp-json\/wp\/v2\/product"}],"about":[{"href":"https:\/\/corsaire-auto35.com\/auto\/wp-json\/wp\/v2\/types\/product"}],"replies":[{"embeddable":true,"href":"https:\/\/corsaire-auto35.com\/auto\/wp-json\/wp\/v2\/comments?post=2816"}],"wp:featuredmedia":[{"embeddable":true,"href":"https:\/\/corsaire-auto35.com\/auto\/wp-json\/wp\/v2\/media\/2817"}],"wp:attachment":[{"href":"https:\/\/corsaire-auto35.com\/auto\/wp-json\/wp\/v2\/media?parent=2816"}],"wp:term":[{"taxonomy":"product_brand","embeddable":true,"href":"https:\/\/corsaire-auto35.com\/auto\/wp-json\/wp\/v2\/product_brand?post=2816"},{"taxonomy":"product_cat","embeddable":true,"href":"https:\/\/corsaire-auto35.com\/auto\/wp-json\/wp\/v2\/product_cat?post=2816"},{"taxonomy":"product_tag","embeddable":true,"href":"https:\/\/corsaire-auto35.com\/auto\/wp-json\/wp\/v2\/product_tag?post=2816"}],"curies":[{"name":"wp","href":"https:\/\/api.w.org\/{rel}","templated":true}]}}