{"id":2794,"date":"2024-07-02T16:27:09","date_gmt":"2024-07-02T16:27:09","guid":{"rendered":"https:\/\/corsaire-auto35.com\/?post_type=product&#038;p=2794"},"modified":"2024-07-02T16:27:09","modified_gmt":"2024-07-02T16:27:09","slug":"mercedes-benz-a-160","status":"publish","type":"product","link":"https:\/\/corsaire-auto35.com\/auto\/produto\/mercedes-benz-a-160\/","title":{"rendered":"Mercedes-Benz A 160"},"content":{"rendered":"<p>essence Avantgarde \/Full\/GPS\/Cuir*SEULEMENT* 60.000 km<\/p>\n<p>60.000 km avec carnet d&#8217;entretien compl\u00e9t\u00e9<\/p>\n<p>&#8211; Edition Limit\u00e9e \/Avantgarded<br \/>\n&#8211; BlueEFFICIENCY<\/p>\n<ol>\n<li>&#8211; GPS Navigation 3D<br \/>\n&#8211; Si\u00e8ges en CUIR<br \/>\n&#8211; Volant SPORT multi-fonctionnes Sport<br \/>\n&#8211; R\u00e9troviseurs ext\u00e9rieurs rabattables \u00e9lectriquement<br \/>\n&#8211; Phares automatiques<br \/>\n&#8211; Climatisation<br \/>\n&#8211; Connexion Bluetooth<br \/>\n&#8211; Capteur de FATIGUE<br \/>\n&#8211; Protection pi\u00e9tons<br \/>\n&#8211; Radio CD\/MP3\/Bluetooth\/AUX<br \/>\n&#8211; Reconnaissance vocale<br \/>\n&#8211; Isofix (points d ancrage des si\u00e8ges pour enfants)<br \/>\n&#8211; Start &amp; Stop<br \/>\n&#8211; Banquette arri\u00e8re rabattable<br \/>\n&#8211; Jantes 16 p<br \/>\n&#8211; Non-fumeur<br \/>\n-B 160 \/ Essence \/ 1498cc \/ 70KW \/95CH<br \/>\n-Mod\u00e8le 2012\/ 1e immat.: 01\/2011<br \/>\n-EURO 5<\/li>\n<\/ol>","protected":false},"excerpt":{"rendered":"<p>essence Avantgarde \/Full\/GPS\/Cuir*SEULEMENT* 60.000 km 60.000 km avec carnet d&#8217;entretien compl\u00e9t\u00e9 &#8211; Edition Limit\u00e9e \/Avantgarded &#8211; BlueEFFICIENCY &#8211; GPS Navigation 3D &#8211; Si\u00e8ges en CUIR &#8211; Volant SPORT multi-fonctionnes Sport &#8211; R\u00e9troviseurs ext\u00e9rieurs rabattables \u00e9lectriquement &#8211; Phares automatiques &#8211; Climatisation &#8211; Connexion Bluetooth &#8211; Capteur de FATIGUE &#8211; Protection pi\u00e9tons &#8211; Radio CD\/MP3\/Bluetooth\/AUX &#8211; Reconnaissance [&hellip;]<\/p>\n","protected":false},"featured_media":2795,"comment_status":"open","ping_status":"closed","template":"","meta":[],"product_brand":[],"product_cat":[63],"product_tag":[],"class_list":{"0":"post-2794","1":"product","2":"type-product","3":"status-publish","4":"has-post-thumbnail","6":"product_cat-mercedes-benz","8":"first","9":"instock","10":"shipping-taxable","11":"purchasable","12":"product-type-simple"},"_links":{"self":[{"href":"https:\/\/corsaire-auto35.com\/auto\/wp-json\/wp\/v2\/product\/2794","targetHints":{"allow":["GET"]}}],"collection":[{"href":"https:\/\/corsaire-auto35.com\/auto\/wp-json\/wp\/v2\/product"}],"about":[{"href":"https:\/\/corsaire-auto35.com\/auto\/wp-json\/wp\/v2\/types\/product"}],"replies":[{"embeddable":true,"href":"https:\/\/corsaire-auto35.com\/auto\/wp-json\/wp\/v2\/comments?post=2794"}],"wp:featuredmedia":[{"embeddable":true,"href":"https:\/\/corsaire-auto35.com\/auto\/wp-json\/wp\/v2\/media\/2795"}],"wp:attachment":[{"href":"https:\/\/corsaire-auto35.com\/auto\/wp-json\/wp\/v2\/media?parent=2794"}],"wp:term":[{"taxonomy":"product_brand","embeddable":true,"href":"https:\/\/corsaire-auto35.com\/auto\/wp-json\/wp\/v2\/product_brand?post=2794"},{"taxonomy":"product_cat","embeddable":true,"href":"https:\/\/corsaire-auto35.com\/auto\/wp-json\/wp\/v2\/product_cat?post=2794"},{"taxonomy":"product_tag","embeddable":true,"href":"https:\/\/corsaire-auto35.com\/auto\/wp-json\/wp\/v2\/product_tag?post=2794"}],"curies":[{"name":"wp","href":"https:\/\/api.w.org\/{rel}","templated":true}]}}