{"id":2772,"date":"2024-07-02T16:07:53","date_gmt":"2024-07-02T16:07:53","guid":{"rendered":"https:\/\/corsaire-auto35.com\/?post_type=product&#038;p=2772"},"modified":"2024-07-02T16:07:53","modified_gmt":"2024-07-02T16:07:53","slug":"mini-cooper-cabrio-1-5i","status":"publish","type":"product","link":"https:\/\/corsaire-auto35.com\/auto\/produto\/mini-cooper-cabrio-1-5i\/","title":{"rendered":"MINI Cooper Cabrio 1.5i"},"content":{"rendered":"<blockquote><p>74.000 km avec carnet d\u2019entretien compl\u00e9t\u00e9<\/p><\/blockquote>\n<p>&#8211; Edition Sp\u00e9ciale Cooper kit S Cabriolet<br \/>\n&#8211; Etat : Show-room<\/p>\n<p>&#8211; Phares automatiques Full + LED<br \/>\n&#8211; Grand GPS Profesionel 3D<br \/>\n&#8211; Toit (D\u00e9capotable\/Electrique*Cabriolet*<br \/>\nFinition INDIVIDUAL*<br \/>\n&#8211; Pack LED int\u00e9rieur (plusieurs couleurs)<br \/>\n&#8211; Cruise control<br \/>\n&#8211; Radars de recul \/ avant \/ lat\u00e9raux<br \/>\n&#8211; Parking automatique<br \/>\n&#8211; Bo\u00eete manuelle 6 vitesses*<br \/>\n&#8211; Volant SPORT multi-fonctionnes<br \/>\n&#8211; D\u00e9tecteur de lumi\u00e8re et de pluie<br \/>\n&#8211; Radio\/MP3\/Bluetooth\/AUX<br \/>\n&#8211; Reconnaissance vocale<br \/>\n&#8211; Phares automatiques Full + LED<br \/>\n&#8211; Isofix (points d&#8217;ancrage des si\u00e8ges pour enfants)<br \/>\n&#8211; R\u00e9troviseurs anti-\u00e9blouissement<br \/>\n&#8211; Climatisation automatique \u00e9lectronique<br \/>\n&#8211; Connexion Bluetooth<br \/>\n&#8211; Chauffage auxiliaire = d\u00e9marrage du chauffage \u00e0 une heure programm\u00e9e (sans d\u00e9marrer la voiture)<br \/>\n&#8211; Jantes 18 p<br \/>\n&#8211; Non-fumeur<br \/>\n-Cooper S \/ Essence \/ 1499cc \/ 100KW \/136CH<br \/>\n-EURO 6B \/ CO2=122g<\/p>","protected":false},"excerpt":{"rendered":"<p>74.000 km avec carnet d\u2019entretien compl\u00e9t\u00e9 &#8211; Edition Sp\u00e9ciale Cooper kit S Cabriolet &#8211; Etat : Show-room &#8211; Phares automatiques Full + LED &#8211; Grand GPS Profesionel 3D &#8211; Toit (D\u00e9capotable\/Electrique*Cabriolet* Finition INDIVIDUAL* &#8211; Pack LED int\u00e9rieur (plusieurs couleurs) &#8211; Cruise control &#8211; Radars de recul \/ avant \/ lat\u00e9raux &#8211; Parking automatique &#8211; Bo\u00eete [&hellip;]<\/p>\n","protected":false},"featured_media":2773,"comment_status":"open","ping_status":"closed","template":"","meta":[],"product_brand":[],"product_cat":[64],"product_tag":[],"class_list":{"0":"post-2772","1":"product","2":"type-product","3":"status-publish","4":"has-post-thumbnail","6":"product_cat-mini","8":"first","9":"instock","10":"shipping-taxable","11":"purchasable","12":"product-type-simple"},"_links":{"self":[{"href":"https:\/\/corsaire-auto35.com\/auto\/wp-json\/wp\/v2\/product\/2772","targetHints":{"allow":["GET"]}}],"collection":[{"href":"https:\/\/corsaire-auto35.com\/auto\/wp-json\/wp\/v2\/product"}],"about":[{"href":"https:\/\/corsaire-auto35.com\/auto\/wp-json\/wp\/v2\/types\/product"}],"replies":[{"embeddable":true,"href":"https:\/\/corsaire-auto35.com\/auto\/wp-json\/wp\/v2\/comments?post=2772"}],"wp:featuredmedia":[{"embeddable":true,"href":"https:\/\/corsaire-auto35.com\/auto\/wp-json\/wp\/v2\/media\/2773"}],"wp:attachment":[{"href":"https:\/\/corsaire-auto35.com\/auto\/wp-json\/wp\/v2\/media?parent=2772"}],"wp:term":[{"taxonomy":"product_brand","embeddable":true,"href":"https:\/\/corsaire-auto35.com\/auto\/wp-json\/wp\/v2\/product_brand?post=2772"},{"taxonomy":"product_cat","embeddable":true,"href":"https:\/\/corsaire-auto35.com\/auto\/wp-json\/wp\/v2\/product_cat?post=2772"},{"taxonomy":"product_tag","embeddable":true,"href":"https:\/\/corsaire-auto35.com\/auto\/wp-json\/wp\/v2\/product_tag?post=2772"}],"curies":[{"name":"wp","href":"https:\/\/api.w.org\/{rel}","templated":true}]}}